{"id":10535,"date":"2024-11-27T20:02:47","date_gmt":"2024-11-27T17:02:47","guid":{"rendered":"https:\/\/www.makitamarket.com.tr\/site\/urun\/gison-havali-taslama-ve-polisaj\/"},"modified":"2026-03-30T07:48:32","modified_gmt":"2026-03-30T04:48:32","slug":"gison-havali-taslama-ve-polisaj","status":"publish","type":"product","link":"https:\/\/www.makitamarket.com.tr\/site\/urun\/gison-havali-taslama-ve-polisaj\/","title":{"rendered":"Gison GP914 HAVALI TA\u015eLAMA VE POL\u0130SAJ"},"content":{"rendered":"<div>\n\t\u2022<span style=\"color: rgb(255, 0, 0);\"><strong>\u00a0<\/strong><\/span>Emniyet Mandal\u0131\u00a0\u00a0<\/div>\n<div>\n\t<strong>Kullan\u0131m Alanlar\u0131<\/strong><\/div>\n<div>\n\tKaynakl\u0131 y\u00fczeylerin d\u00fczeltilmesinde, d\u00f6k\u00fcm\u00fc yap\u0131lm\u0131\u015f malzemelerin y\u00fczey temizli\u011finde ve benzer i\u015fler i\u00e7in uygundur. Metal kesme i\u015flerindede kullan\u0131labilir.<\/div>\n<table>\n<tr>\n<td>Disk \u00d6l\u00e7\u00fcs\u00fc<\/td>\n<td>\u00d8 115 mm.<\/td>\n<\/tr>\n<tr>\n<td>Mil \u00d6l\u00e7\u00fcs\u00fc<\/td>\n<td>M10<\/td>\n<\/tr>\n<tr>\n<td>Maks. Devir H\u0131z\u0131<\/td>\n<td>12.000 rpm<\/td>\n<\/tr>\n<tr>\n<td>Net A\u011f\u0131rl\u0131k<\/td>\n<td>1.79 kg.<\/td>\n<\/tr>\n<tr>\n<td>Uzunluk<\/td>\n<td>223 mm.<\/td>\n<\/tr>\n<tr>\n<td>Hava T\u00fcketimi<\/td>\n<td>0.45 m\u00b3\/dak.<\/td>\n<\/tr>\n<tr>\n<td>Hava Giri\u015fi<\/td>\n<td>1\/4&#8243;<\/td>\n<\/tr>\n<tr>\n<td>Hortum \u00d6l\u00e7\u00fcs\u00fc <\/td>\n<td>8 mm.<\/td>\n<\/tr>\n<tr>\n<td>Hava Bas\u0131nc\u0131<\/td>\n<td>90 psi (6.3 kg.\/cm\u00b2)<\/td>\n<\/tr>\n<tr>\n<td>G\u00fcr\u00fclt\u00fc Seviyesi<\/td>\n<td>86 dBA<\/td>\n<\/tr>\n<tr>\n<td>Sars\u0131nt\u0131 Seviyesi<\/td>\n<td>< 2.5 m\/S\u00b2<\/td>\n<\/tr>\n<tr>\n<td>Standart\u0131<\/td>\n<td>CE-Made in Taiwan<\/td>\n<\/tr>\n<\/table>\n","protected":false},"excerpt":{"rendered":"<div>\n\t\u2022<span style=\"color: rgb(255, 0, 0);\"><strong>\u00a0<\/strong><\/span>Emniyet Mandal\u0131\u00a0\u00a0<\/div>\n<div>\n\t<strong>Kullan\u0131m Alanlar\u0131<\/strong><\/div>\n<div>\n\tKaynakl\u0131 y\u00fczeylerin d\u00fczeltilmesinde, d\u00f6k\u00fcm\u00fc yap\u0131lm\u0131\u015f malzemelerin y\u00fczey temizli\u011finde ve benzer i\u015fler i\u00e7in uygundur. Metal kesme i\u015flerindede kullan\u0131labilir.<\/div>\n","protected":false},"featured_media":10534,"comment_status":"open","ping_status":"closed","template":"","meta":{"_acf_changed":false},"product_brand":[1512],"product_cat":[1565],"product_tag":[],"class_list":{"0":"post-10535","1":"product","2":"type-product","3":"status-publish","4":"has-post-thumbnail","6":"product_brand-gison","7":"product_cat-yok-yok","9":"first","10":"instock","11":"taxable","12":"shipping-taxable","13":"purchasable","14":"product-type-simple","15":"add-to-wishlist-after_add_to_cart"},"acf":[],"_links":{"self":[{"href":"https:\/\/www.makitamarket.com.tr\/site\/wp-json\/wp\/v2\/product\/10535","targetHints":{"allow":["GET"]}}],"collection":[{"href":"https:\/\/www.makitamarket.com.tr\/site\/wp-json\/wp\/v2\/product"}],"about":[{"href":"https:\/\/www.makitamarket.com.tr\/site\/wp-json\/wp\/v2\/types\/product"}],"replies":[{"embeddable":true,"href":"https:\/\/www.makitamarket.com.tr\/site\/wp-json\/wp\/v2\/comments?post=10535"}],"wp:featuredmedia":[{"embeddable":true,"href":"https:\/\/www.makitamarket.com.tr\/site\/wp-json\/wp\/v2\/media\/10534"}],"wp:attachment":[{"href":"https:\/\/www.makitamarket.com.tr\/site\/wp-json\/wp\/v2\/media?parent=10535"}],"wp:term":[{"taxonomy":"product_brand","embeddable":true,"href":"https:\/\/www.makitamarket.com.tr\/site\/wp-json\/wp\/v2\/product_brand?post=10535"},{"taxonomy":"product_cat","embeddable":true,"href":"https:\/\/www.makitamarket.com.tr\/site\/wp-json\/wp\/v2\/product_cat?post=10535"},{"taxonomy":"product_tag","embeddable":true,"href":"https:\/\/www.makitamarket.com.tr\/site\/wp-json\/wp\/v2\/product_tag?post=10535"}],"curies":[{"name":"wp","href":"https:\/\/api.w.org\/{rel}","templated":true}]}}