{"id":10537,"date":"2024-11-27T20:02:47","date_gmt":"2024-11-27T17:02:47","guid":{"rendered":"https:\/\/www.makitamarket.com.tr\/site\/urun\/makita-elektrikli-tirpan-700w\/"},"modified":"2026-03-30T07:48:32","modified_gmt":"2026-03-30T04:48:32","slug":"makita-elektrikli-tirpan-700w","status":"publish","type":"product","link":"https:\/\/www.makitamarket.com.tr\/site\/urun\/makita-elektrikli-tirpan-700w\/","title":{"rendered":"Makita UR3500 ELEKTR\u0130KL\u0130 TIRPAN 700W"},"content":{"rendered":"<p>Model UR3500<\/p>\n<p>Elektrikli T\u0131rpan<\/p>\n<p>\u2022 700 W \u2022350 mm \u2022 7.200 dak\u207b\u00b9<\/p>\n<p><strong style=\"color: rgb(0, 112, 192);\">Y\u00fcksek Performansl\u0131 Elektrikli T\u0131rpan<\/strong><\/p>\n<p>\u00c7im kenarlar\u0131n\u0131 kesme ve d\u00fczeltme i\u015flemleri i\u00e7in tasarlanm\u0131\u015f g\u00fc\u00e7l\u00fc ve verimli bir elektrikli t\u0131rpan modelidir. <strong>7000 W motor g\u00fcc\u00fc<\/strong> ve <strong>350 mm kesim geni\u015fli\u011fi<\/strong> ile orta b\u00fcy\u00fckl\u00fckteki bah\u00e7elerde etkili performans sunar. Dakikada 7.200 bo\u015fta devire sahiptir. <strong>Ergonomik tasar\u0131m\u0131<\/strong>, <strong>ayarlanabilir teleskopik sap\u0131<\/strong> ve <strong>hafif yap\u0131s\u0131<\/strong>, uzun s\u00fcreli kullan\u0131mlarda konfor sa\u011flar. \u00c7im kenarlar\u0131n\u0131 d\u00fczenlemek ve bah\u00e7e bak\u0131m\u0131nda ideal bir tercihtir.<\/p>\n<p><span style=\"color: red;\">Kullan\u0131m amac\u0131: <\/span>\u00c7im kenarlar\u0131n\u0131 d\u00fczeltmek ve hafif otlar\u0131 bi\u00e7mek i\u00e7in tasarlanm\u0131\u015f bir elektrikli ot t\u0131rpan\u0131d\u0131r.<\/p>\n<p><u>\u00d6zellikleri:<\/u><\/p>\n<p><span style=\"color: red;\">G\u00fc\u00e7 Kayna\u011f\u0131:<\/span>Aletin,yaln\u0131zca isim levhas\u0131nda belirtilenle ayn\u0131 voltajl\u0131 g\u00fc\u00e7 kayna\u011f\u0131na ba\u011flanmas\u0131 gerekir ve yaln\u0131zca tek fazl\u0131 AC g\u00fc\u00e7 kayna\u011f\u0131yla \u00e7al\u0131\u015ft\u0131r\u0131labilir. \u00c7ifte yal\u0131t\u0131ml\u0131d\u0131r ve topraklamas\u0131z prizlerle de kullan\u0131labilir.<\/p>\n<ol>\n<li data-list=\"bullet\"><span class=\"ql-ui\" contenteditable=\"false\"><\/span>\u00c7ift yal\u0131t\u0131ml\u0131d\u0131r.<\/li>\n<li data-list=\"bullet\"><span class=\"ql-ui\" contenteditable=\"false\"><\/span>Yumu\u015fak ba\u015flama \u00f6zelli\u011fi mevcuttur.<\/li>\n<\/ol>\n<p><span style=\"color: black; background-color: white;\">Ambalaj i\u00e7eri\u011fi: Misina, koruyucu g\u00f6zl\u00fck <\/span><\/p>\n<table>\n<tr>\n<td>S\u00fcrekli Ak\u0131m Giri\u015fi<\/td>\n<td>700W<\/td>\n<\/tr>\n<tr>\n<td>Kesim Geni\u015fli\u011fi<\/td>\n<td>350 mm<\/td>\n<\/tr>\n<tr>\n<td>Bo\u015fta Devir<\/td>\n<td>7.200 devir\/dk<\/td>\n<\/tr>\n<tr>\n<td>\u00d6l\u00e7\u00fcler (LxWxH)<\/td>\n<td>1.550x410x500 mm<\/td>\n<\/tr>\n<tr>\n<td>Kablo Uzunlu\u011fu<\/td>\n<td>0.35m<\/td>\n<\/tr>\n<tr>\n<td>Net A\u011f\u0131rl\u0131k<\/td>\n<td>4.3kg<\/td>\n<\/tr>\n<\/table>\n","protected":false},"excerpt":{"rendered":"<p>Model UR3500<\/p>\n<p>Elektrikli T\u0131rpan<\/p>\n<p>\u2022 700 W \u2022350 mm \u2022 7.200 dak\u207b\u00b9<\/p>\n<p><strong style=\"color: rgb(0, 112, 192);\">Y\u00fcksek Performansl\u0131 Elektrikli T\u0131rpan<\/strong><\/p>\n<p>\u00c7im kenarlar\u0131n\u0131 kesme ve d\u00fczeltme i\u015flemleri i\u00e7in tasarlanm\u0131\u015f g\u00fc\u00e7l\u00fc ve verimli bir elektrikli t\u0131rpan modelidir. <strong>7000 W motor g\u00fcc\u00fc<\/strong> ve <strong>350 mm kesim geni\u015fli\u011fi<\/strong> ile orta b\u00fcy\u00fckl\u00fckteki bah\u00e7elerde etkili performans sunar. Dakikada 7.200 bo\u015fta devire sahiptir. <strong>Ergonomik tasar\u0131m\u0131<\/strong>, <strong>ayarlanabilir teleskopik sap\u0131<\/strong> ve <strong>hafif yap\u0131s\u0131<\/strong>, uzun s\u00fcreli kullan\u0131mlarda konfor sa\u011flar. \u00c7im kenarlar\u0131n\u0131 d\u00fczenlemek ve bah\u00e7e bak\u0131m\u0131nda ideal bir tercihtir.<\/p>\n<p><span style=\"color: red;\">Kullan\u0131m amac\u0131: <\/span>\u00c7im kenarlar\u0131n\u0131 d\u00fczeltmek ve hafif otlar\u0131 bi\u00e7mek i\u00e7in tasarlanm\u0131\u015f bir elektrikli ot t\u0131rpan\u0131d\u0131r.<\/p>\n<p><u>\u00d6zellikleri:<\/u><\/p>\n<p><span style=\"color: red;\">G\u00fc\u00e7 Kayna\u011f\u0131:<\/span>Aletin,yaln\u0131zca isim levhas\u0131nda belirtilenle ayn\u0131 voltajl\u0131 g\u00fc\u00e7 kayna\u011f\u0131na ba\u011flanmas\u0131 gerekir ve yaln\u0131zca tek fazl\u0131 AC g\u00fc\u00e7 kayna\u011f\u0131yla \u00e7al\u0131\u015ft\u0131r\u0131labilir. \u00c7ifte yal\u0131t\u0131ml\u0131d\u0131r ve topraklamas\u0131z prizlerle de kullan\u0131labilir.<\/p>\n<ol>\n<li data-list=\"bullet\"><span class=\"ql-ui\" contenteditable=\"false\"><\/span>\u00c7ift yal\u0131t\u0131ml\u0131d\u0131r.<\/li>\n<li data-list=\"bullet\"><span class=\"ql-ui\" contenteditable=\"false\"><\/span>Yumu\u015fak ba\u015flama \u00f6zelli\u011fi mevcuttur.<\/li>\n<\/ol>\n<p><span style=\"color: black; background-color: white;\">Ambalaj i\u00e7eri\u011fi: Misina, koruyucu g\u00f6zl\u00fck <\/span><\/p>\n","protected":false},"featured_media":10536,"comment_status":"open","ping_status":"closed","template":"","meta":{"_acf_changed":false},"product_brand":[1485],"product_cat":[1049],"product_tag":[],"class_list":{"0":"post-10537","1":"product","2":"type-product","3":"status-publish","4":"has-post-thumbnail","6":"product_brand-makita","7":"product_cat-elektrikli-motorlu-tirpanlar","9":"first","10":"instock","11":"taxable","12":"shipping-taxable","13":"purchasable","14":"product-type-simple","15":"add-to-wishlist-after_add_to_cart"},"acf":[],"_links":{"self":[{"href":"https:\/\/www.makitamarket.com.tr\/site\/wp-json\/wp\/v2\/product\/10537","targetHints":{"allow":["GET"]}}],"collection":[{"href":"https:\/\/www.makitamarket.com.tr\/site\/wp-json\/wp\/v2\/product"}],"about":[{"href":"https:\/\/www.makitamarket.com.tr\/site\/wp-json\/wp\/v2\/types\/product"}],"replies":[{"embeddable":true,"href":"https:\/\/www.makitamarket.com.tr\/site\/wp-json\/wp\/v2\/comments?post=10537"}],"wp:featuredmedia":[{"embeddable":true,"href":"https:\/\/www.makitamarket.com.tr\/site\/wp-json\/wp\/v2\/media\/10536"}],"wp:attachment":[{"href":"https:\/\/www.makitamarket.com.tr\/site\/wp-json\/wp\/v2\/media?parent=10537"}],"wp:term":[{"taxonomy":"product_brand","embeddable":true,"href":"https:\/\/www.makitamarket.com.tr\/site\/wp-json\/wp\/v2\/product_brand?post=10537"},{"taxonomy":"product_cat","embeddable":true,"href":"https:\/\/www.makitamarket.com.tr\/site\/wp-json\/wp\/v2\/product_cat?post=10537"},{"taxonomy":"product_tag","embeddable":true,"href":"https:\/\/www.makitamarket.com.tr\/site\/wp-json\/wp\/v2\/product_tag?post=10537"}],"curies":[{"name":"wp","href":"https:\/\/api.w.org\/{rel}","templated":true}]}}