{"id":10539,"date":"2024-11-27T20:02:48","date_gmt":"2024-11-27T17:02:48","guid":{"rendered":"https:\/\/www.makitamarket.com.tr\/site\/urun\/honeywell-sperian-bilson-thunder-t1-kulaklik\/"},"modified":"2026-04-13T19:43:38","modified_gmt":"2026-04-13T16:43:38","slug":"honeywell-sperian-bilson-thunder-t1-kulaklik","status":"publish","type":"product","link":"https:\/\/www.makitamarket.com.tr\/site\/urun\/honeywell-sperian-bilson-thunder-t1-kulaklik\/","title":{"rendered":"Honeywell 1010928 SPERIAN BILSON THUNDER T1 KULAKLIK"},"content":{"rendered":"<p>-Quick-Click kolay y\u00fckseklik ayar\u0131<br \/>\n-Ge\u00e7meli kulak yast\u0131klar\u0131<br \/>\n-Yal\u0131tkan \u00f6zelli\u011fi ile elektrik bulunan ortamlarda g\u00fcvenli yal\u0131t\u0131m sa\u011flar<\/p>\n<table>\n<tr>\n<td>SNR<\/td>\n<td>27 dB<\/td>\n<\/tr>\n<tr>\n<td>Standard\u0131<\/td>\n<td>CE EN 352-1<\/td>\n<\/tr>\n<tr>\n<td>Kutu Miktar\u0131<\/td>\n<td>1 Adet<\/td>\n<\/tr>\n<tr>\n<td>Koli Miktar\u0131<\/td>\n<td>10 Adet<\/td>\n<\/tr>\n<\/table>\n","protected":false},"excerpt":{"rendered":"<p>-Quick-Click kolay y\u00fckseklik ayar\u0131<br \/>\n-Ge\u00e7meli kulak yast\u0131klar\u0131<br \/>\n-Yal\u0131tkan \u00f6zelli\u011fi ile elektrik bulunan ortamlarda g\u00fcvenli yal\u0131t\u0131m sa\u011flar<\/p>\n","protected":false},"featured_media":10538,"comment_status":"open","ping_status":"closed","template":"","meta":{"_acf_changed":false},"product_brand":[1516],"product_cat":[1565],"product_tag":[],"class_list":{"0":"post-10539","1":"product","2":"type-product","3":"status-publish","4":"has-post-thumbnail","6":"product_brand-honeywell","7":"product_cat-yok-yok","9":"first","10":"instock","11":"taxable","12":"shipping-taxable","13":"purchasable","14":"product-type-simple","15":"add-to-wishlist-after_add_to_cart"},"acf":[],"_links":{"self":[{"href":"https:\/\/www.makitamarket.com.tr\/site\/wp-json\/wp\/v2\/product\/10539","targetHints":{"allow":["GET"]}}],"collection":[{"href":"https:\/\/www.makitamarket.com.tr\/site\/wp-json\/wp\/v2\/product"}],"about":[{"href":"https:\/\/www.makitamarket.com.tr\/site\/wp-json\/wp\/v2\/types\/product"}],"replies":[{"embeddable":true,"href":"https:\/\/www.makitamarket.com.tr\/site\/wp-json\/wp\/v2\/comments?post=10539"}],"wp:featuredmedia":[{"embeddable":true,"href":"https:\/\/www.makitamarket.com.tr\/site\/wp-json\/wp\/v2\/media\/10538"}],"wp:attachment":[{"href":"https:\/\/www.makitamarket.com.tr\/site\/wp-json\/wp\/v2\/media?parent=10539"}],"wp:term":[{"taxonomy":"product_brand","embeddable":true,"href":"https:\/\/www.makitamarket.com.tr\/site\/wp-json\/wp\/v2\/product_brand?post=10539"},{"taxonomy":"product_cat","embeddable":true,"href":"https:\/\/www.makitamarket.com.tr\/site\/wp-json\/wp\/v2\/product_cat?post=10539"},{"taxonomy":"product_tag","embeddable":true,"href":"https:\/\/www.makitamarket.com.tr\/site\/wp-json\/wp\/v2\/product_tag?post=10539"}],"curies":[{"name":"wp","href":"https:\/\/api.w.org\/{rel}","templated":true}]}}