{"id":10542,"date":"2024-11-27T20:02:49","date_gmt":"2024-11-27T17:02:49","guid":{"rendered":"https:\/\/www.makitamarket.com.tr\/site\/urun\/makita-mt-elektropnomatik-delici-kirici-26-mm\/"},"modified":"2026-04-06T13:18:09","modified_gmt":"2026-04-06T10:18:09","slug":"makita-mt-elektropnomatik-delici-kirici-26-mm","status":"publish","type":"product","link":"https:\/\/www.makitamarket.com.tr\/site\/urun\/makita-mt-elektropnomatik-delici-kirici-26-mm\/","title":{"rendered":"Makita MT M8701B ELEKTROPN\u00d6MAT\u0130K DEL\u0130C\u0130 &#8211; KIRICI 26 mm"},"content":{"rendered":"<div>\n\t\u2022\u00a0Kolay u\u00e7 de\u011fi\u015fimi i\u00e7in tek dokunu\u015f kayar mandren.<\/div>\n<div>\n\t\u2022\u00a0Kolay kavrama tutama\u011f\u0131<\/div>\n<div>\n\t\u2022 Maksimum g\u00fc\u00e7 hissi verir.<\/div>\n<div>\n\t\u2022 T\u00fcm uygulamalarda g\u00fcvenli ve konforlu kullan\u0131m sa\u011flar.<\/div>\n<div>\n\t\u2022\u00a0Sa\u011f-Sol d\u00f6n\u00fc\u015f anahtar\u0131.<\/div>\n<div>\n\t\u2022\u00a0<strong>Yumu\u015fak Sap :\u00a0<\/strong>Daha fazla konfor ve kontrol sa\u011flar.<\/div>\n<div>\n\t\u2022\u00a0<strong>\u00c7al\u0131\u015fma modu de\u011fi\u015fim anahtar\u0131<\/strong> : K\u0131r\u0131lma ve darbelere kar\u015f\u0131 makinan\u0131n alt k\u0131sm\u0131nda konumland\u0131r\u0131lm\u0131\u015ft\u0131r<\/div>\n<div>\n\t\u2022 <strong>\u0130\u00e7erisinden u\u00e7 \u00e7\u0131kmamaktad\u0131r.<\/strong><\/div>\n<table>\n<tr>\n<td>S\u00fcrekli Ak\u0131m Giri\u015fi<\/td>\n<td>800W<\/td>\n<\/tr>\n<tr>\n<td>Kapasite<\/td>\n<td>Beton:26mm, \u00c7elik:13mm, Ah\u015fap:32mm<\/td>\n<\/tr>\n<tr>\n<td>Bo\u015ftaki devir say\u0131s\u0131<\/td>\n<td>0-1.200 devir\/dk<\/td>\n<\/tr>\n<tr>\n<td>Net A\u011f\u0131rl\u0131k<\/td>\n<td>2.7kg<\/td>\n<\/tr>\n<tr>\n<td>Ak\u0131m<\/td>\n<td>3.63Ah<\/td>\n<\/tr>\n<tr>\n<td>Darbe enerjisi<\/td>\n<td>Deney Sonucu : 2.5 J, EPTA de\u011feri : 2.3 J<\/td>\n<\/tr>\n<tr>\n<td>Ambalaj \u0130\u00e7eri\u011fi<\/td>\n<td>Yan sap, Derinlik mesneti<\/td>\n<\/tr>\n<\/table>\n","protected":false},"excerpt":{"rendered":"<div>\n\t\u2022\u00a0Kolay u\u00e7 de\u011fi\u015fimi i\u00e7in tek dokunu\u015f kayar mandren.<\/div>\n<div>\n\t\u2022\u00a0Kolay kavrama tutama\u011f\u0131<\/div>\n<div>\n\t\u2022 Maksimum g\u00fc\u00e7 hissi verir.<\/div>\n<div>\n\t\u2022 T\u00fcm uygulamalarda g\u00fcvenli ve konforlu kullan\u0131m sa\u011flar.<\/div>\n<div>\n\t\u2022\u00a0Sa\u011f-Sol d\u00f6n\u00fc\u015f anahtar\u0131.<\/div>\n<div>\n\t\u2022\u00a0<strong>Yumu\u015fak Sap :\u00a0<\/strong>Daha fazla konfor ve kontrol sa\u011flar.<\/div>\n<div>\n\t\u2022\u00a0<strong>\u00c7al\u0131\u015fma modu de\u011fi\u015fim anahtar\u0131<\/strong> : K\u0131r\u0131lma ve darbelere kar\u015f\u0131 makinan\u0131n alt k\u0131sm\u0131nda konumland\u0131r\u0131lm\u0131\u015ft\u0131r<\/div>\n<div>\n\t\u2022 <strong>\u0130\u00e7erisinden u\u00e7 \u00e7\u0131kmamaktad\u0131r.<\/strong><\/div>\n","protected":false},"featured_media":10541,"comment_status":"open","ping_status":"closed","template":"","meta":{"_acf_changed":false},"product_brand":[1528],"product_cat":[1565],"product_tag":[],"class_list":{"0":"post-10542","1":"product","2":"type-product","3":"status-publish","4":"has-post-thumbnail","6":"product_brand-makita-mt","7":"product_cat-yok-yok","9":"first","10":"instock","11":"taxable","12":"shipping-taxable","13":"purchasable","14":"product-type-simple","15":"add-to-wishlist-after_add_to_cart"},"acf":[],"_links":{"self":[{"href":"https:\/\/www.makitamarket.com.tr\/site\/wp-json\/wp\/v2\/product\/10542","targetHints":{"allow":["GET"]}}],"collection":[{"href":"https:\/\/www.makitamarket.com.tr\/site\/wp-json\/wp\/v2\/product"}],"about":[{"href":"https:\/\/www.makitamarket.com.tr\/site\/wp-json\/wp\/v2\/types\/product"}],"replies":[{"embeddable":true,"href":"https:\/\/www.makitamarket.com.tr\/site\/wp-json\/wp\/v2\/comments?post=10542"}],"wp:featuredmedia":[{"embeddable":true,"href":"https:\/\/www.makitamarket.com.tr\/site\/wp-json\/wp\/v2\/media\/10541"}],"wp:attachment":[{"href":"https:\/\/www.makitamarket.com.tr\/site\/wp-json\/wp\/v2\/media?parent=10542"}],"wp:term":[{"taxonomy":"product_brand","embeddable":true,"href":"https:\/\/www.makitamarket.com.tr\/site\/wp-json\/wp\/v2\/product_brand?post=10542"},{"taxonomy":"product_cat","embeddable":true,"href":"https:\/\/www.makitamarket.com.tr\/site\/wp-json\/wp\/v2\/product_cat?post=10542"},{"taxonomy":"product_tag","embeddable":true,"href":"https:\/\/www.makitamarket.com.tr\/site\/wp-json\/wp\/v2\/product_tag?post=10542"}],"curies":[{"name":"wp","href":"https:\/\/api.w.org\/{rel}","templated":true}]}}