{"id":10550,"date":"2024-11-27T20:02:54","date_gmt":"2024-11-27T17:02:54","guid":{"rendered":"https:\/\/www.makitamarket.com.tr\/site\/urun\/daye-ozel-seri-mini-hortum-tamburu-10mt\/"},"modified":"2026-04-06T13:18:52","modified_gmt":"2026-04-06T10:18:52","slug":"daye-ozel-seri-mini-hortum-tamburu-10mt","status":"publish","type":"product","link":"https:\/\/www.makitamarket.com.tr\/site\/urun\/daye-ozel-seri-mini-hortum-tamburu-10mt\/","title":{"rendered":"Daye DY647G \u00d6ZEL SER\u0130 M\u0130N\u0130 HORTUM TAMBURU 10mt"},"content":{"rendered":"<table>\n<tr>\n<td>Boy<\/td>\n<td>10 m<\/td>\n<\/tr>\n<tr>\n<td>Paket Adedi<\/td>\n<td>6<\/td>\n<\/tr>\n<tr>\n<td>EAN Kod<\/td>\n<td>6935637414064<\/td>\n<\/tr>\n<\/table>\n","protected":false},"excerpt":{"rendered":"<p>Boy 10 m Paket Adedi 6 EAN Kod 6935637414064<\/p>\n","protected":false},"featured_media":10549,"comment_status":"open","ping_status":"closed","template":"","meta":{"_acf_changed":false},"product_brand":[1520],"product_cat":[881],"product_tag":[],"class_list":{"0":"post-10550","1":"product","2":"type-product","3":"status-publish","4":"has-post-thumbnail","6":"product_brand-daye","7":"product_cat-bahce-sulama-aletleri","9":"first","10":"instock","11":"taxable","12":"shipping-taxable","13":"purchasable","14":"product-type-simple","15":"add-to-wishlist-after_add_to_cart"},"acf":[],"_links":{"self":[{"href":"https:\/\/www.makitamarket.com.tr\/site\/wp-json\/wp\/v2\/product\/10550","targetHints":{"allow":["GET"]}}],"collection":[{"href":"https:\/\/www.makitamarket.com.tr\/site\/wp-json\/wp\/v2\/product"}],"about":[{"href":"https:\/\/www.makitamarket.com.tr\/site\/wp-json\/wp\/v2\/types\/product"}],"replies":[{"embeddable":true,"href":"https:\/\/www.makitamarket.com.tr\/site\/wp-json\/wp\/v2\/comments?post=10550"}],"wp:featuredmedia":[{"embeddable":true,"href":"https:\/\/www.makitamarket.com.tr\/site\/wp-json\/wp\/v2\/media\/10549"}],"wp:attachment":[{"href":"https:\/\/www.makitamarket.com.tr\/site\/wp-json\/wp\/v2\/media?parent=10550"}],"wp:term":[{"taxonomy":"product_brand","embeddable":true,"href":"https:\/\/www.makitamarket.com.tr\/site\/wp-json\/wp\/v2\/product_brand?post=10550"},{"taxonomy":"product_cat","embeddable":true,"href":"https:\/\/www.makitamarket.com.tr\/site\/wp-json\/wp\/v2\/product_cat?post=10550"},{"taxonomy":"product_tag","embeddable":true,"href":"https:\/\/www.makitamarket.com.tr\/site\/wp-json\/wp\/v2\/product_tag?post=10550"}],"curies":[{"name":"wp","href":"https:\/\/api.w.org\/{rel}","templated":true}]}}