{"id":10565,"date":"2024-11-27T20:03:00","date_gmt":"2024-11-27T17:03:00","guid":{"rendered":"https:\/\/www.makitamarket.com.tr\/site\/urun\/max-safety-kose-koruyucu-120x120x800-mm\/"},"modified":"2026-04-06T13:18:56","modified_gmt":"2026-04-06T10:18:56","slug":"max-safety-kose-koruyucu-120x120x800-mm","status":"publish","type":"product","link":"https:\/\/www.makitamarket.com.tr\/site\/urun\/max-safety-kose-koruyucu-120x120x800-mm\/","title":{"rendered":"Max Safety MS1-7007 K\u00d6\u015eE KORUYUCU 120x120x800 mm"},"content":{"rendered":"<p>\n\tOtopark Kolon K\u00f6\u015fe Koruyucu &#8211; Kau\u00e7uk<\/p>\n<table>\n<tr>\n<td>Malzeme<\/td>\n<td>Kau\u00e7uk<\/td>\n<\/tr>\n<tr>\n<td>\u00d6l\u00e7\u00fc<\/td>\n<td>120 x 120 x 800 mm ( +5 mm<\/td>\n<\/tr>\n<tr>\n<td>A\u011f\u0131rl\u0131k<\/td>\n<td>2.6 kg \/ \u00b10,1<\/td>\n<\/tr>\n<tr>\n<td>Palet miktar\u0131<\/td>\n<td>250 Alet<\/td>\n<\/tr>\n<\/table>\n","protected":false},"excerpt":{"rendered":"<p>\n\tOtopark Kolon K\u00f6\u015fe Koruyucu &#8211; Kau\u00e7uk<\/p>\n","protected":false},"featured_media":10564,"comment_status":"open","ping_status":"closed","template":"","meta":{"_acf_changed":false},"product_brand":[1492],"product_cat":[694],"product_tag":[],"class_list":{"0":"post-10565","1":"product","2":"type-product","3":"status-publish","4":"has-post-thumbnail","6":"product_brand-max-safety","7":"product_cat-trafik-ekipmanlari","9":"first","10":"outofstock","11":"taxable","12":"shipping-taxable","13":"purchasable","14":"product-type-simple","15":"add-to-wishlist-after_add_to_cart"},"acf":[],"_links":{"self":[{"href":"https:\/\/www.makitamarket.com.tr\/site\/wp-json\/wp\/v2\/product\/10565","targetHints":{"allow":["GET"]}}],"collection":[{"href":"https:\/\/www.makitamarket.com.tr\/site\/wp-json\/wp\/v2\/product"}],"about":[{"href":"https:\/\/www.makitamarket.com.tr\/site\/wp-json\/wp\/v2\/types\/product"}],"replies":[{"embeddable":true,"href":"https:\/\/www.makitamarket.com.tr\/site\/wp-json\/wp\/v2\/comments?post=10565"}],"wp:featuredmedia":[{"embeddable":true,"href":"https:\/\/www.makitamarket.com.tr\/site\/wp-json\/wp\/v2\/media\/10564"}],"wp:attachment":[{"href":"https:\/\/www.makitamarket.com.tr\/site\/wp-json\/wp\/v2\/media?parent=10565"}],"wp:term":[{"taxonomy":"product_brand","embeddable":true,"href":"https:\/\/www.makitamarket.com.tr\/site\/wp-json\/wp\/v2\/product_brand?post=10565"},{"taxonomy":"product_cat","embeddable":true,"href":"https:\/\/www.makitamarket.com.tr\/site\/wp-json\/wp\/v2\/product_cat?post=10565"},{"taxonomy":"product_tag","embeddable":true,"href":"https:\/\/www.makitamarket.com.tr\/site\/wp-json\/wp\/v2\/product_tag?post=10565"}],"curies":[{"name":"wp","href":"https:\/\/api.w.org\/{rel}","templated":true}]}}