{"id":10568,"date":"2024-11-27T20:03:01","date_gmt":"2024-11-27T17:03:01","guid":{"rendered":"https:\/\/www.makitamarket.com.tr\/site\/urun\/proxxon-endustriyel-circirli-kollu-56-parcali-lokma-ve-bits-takimi\/"},"modified":"2026-03-30T07:49:22","modified_gmt":"2026-03-30T04:49:22","slug":"proxxon-endustriyel-circirli-kollu-56-parcali-lokma-ve-bits-takimi","status":"publish","type":"product","link":"https:\/\/www.makitamarket.com.tr\/site\/urun\/proxxon-endustriyel-circirli-kollu-56-parcali-lokma-ve-bits-takimi\/","title":{"rendered":"Proxxon End\u00fcstriyel 23040 CIRCIRLI KOLLU 56 PAR\u00c7ALI LOKMA VE B\u0130TS TAKIMI"},"content":{"rendered":"<div>\n\t<strong>26 par\u00e7a lokma :<\/strong> 4-32 mm aras\u0131<\/div>\n<div>\n\t<strong>2 par\u00e7a buji lokma :<\/strong> 16,21 mm<\/div>\n<div>\n\t<strong>12 par\u00e7a bits lokma :<\/strong> D\u00fcz, 4, 5.5mm Ph 1, 2 Allen 3, 4, 5, 6 mm Delikli torx 20, 25, 27, 30<\/div>\n<div>\n\t<strong>5 par\u00e7a allen anahtar :<\/strong> 1.25, 1.50, 2.0, 2.5, 3.0 mm<\/div>\n<div>\n\t<strong>9 par\u00e7a aksesuar :<\/strong>1\/4\u201d ve 1\/2\u201d c\u0131rc\u0131r kolu, 2 adet uzatma kolu, 2 adet kardan mafsal, 2 adet kayar T kol Tornavida kolu<\/div>\n<table><\/table>\n","protected":false},"excerpt":{"rendered":"<div>\n\t<strong>26 par\u00e7a lokma :<\/strong> 4-32 mm aras\u0131<\/div>\n<div>\n\t<strong>2 par\u00e7a buji lokma :<\/strong> 16,21 mm<\/div>\n<div>\n\t<strong>12 par\u00e7a bits lokma :<\/strong> D\u00fcz, 4, 5.5mm Ph 1, 2 Allen 3, 4, 5, 6 mm Delikli torx 20, 25, 27, 30<\/div>\n<div>\n\t<strong>5 par\u00e7a allen anahtar :<\/strong> 1.25, 1.50, 2.0, 2.5, 3.0 mm<\/div>\n<div>\n\t<strong>9 par\u00e7a aksesuar :<\/strong>1\/4\u201d ve 1\/2\u201d c\u0131rc\u0131r kolu, 2 adet uzatma kolu, 2 adet kardan mafsal, 2 adet kayar T kol Tornavida kolu<\/div>\n","protected":false},"featured_media":10567,"comment_status":"open","ping_status":"closed","template":"","meta":{"_acf_changed":false},"product_brand":[1529],"product_cat":[938],"product_tag":[],"class_list":{"0":"post-10568","1":"product","2":"type-product","3":"status-publish","4":"has-post-thumbnail","6":"product_brand-proxxon-endustriyel","7":"product_cat-circirli-lokma-takimlari","9":"first","10":"outofstock","11":"taxable","12":"shipping-taxable","13":"purchasable","14":"product-type-simple","15":"add-to-wishlist-after_add_to_cart"},"acf":[],"_links":{"self":[{"href":"https:\/\/www.makitamarket.com.tr\/site\/wp-json\/wp\/v2\/product\/10568","targetHints":{"allow":["GET"]}}],"collection":[{"href":"https:\/\/www.makitamarket.com.tr\/site\/wp-json\/wp\/v2\/product"}],"about":[{"href":"https:\/\/www.makitamarket.com.tr\/site\/wp-json\/wp\/v2\/types\/product"}],"replies":[{"embeddable":true,"href":"https:\/\/www.makitamarket.com.tr\/site\/wp-json\/wp\/v2\/comments?post=10568"}],"wp:featuredmedia":[{"embeddable":true,"href":"https:\/\/www.makitamarket.com.tr\/site\/wp-json\/wp\/v2\/media\/10567"}],"wp:attachment":[{"href":"https:\/\/www.makitamarket.com.tr\/site\/wp-json\/wp\/v2\/media?parent=10568"}],"wp:term":[{"taxonomy":"product_brand","embeddable":true,"href":"https:\/\/www.makitamarket.com.tr\/site\/wp-json\/wp\/v2\/product_brand?post=10568"},{"taxonomy":"product_cat","embeddable":true,"href":"https:\/\/www.makitamarket.com.tr\/site\/wp-json\/wp\/v2\/product_cat?post=10568"},{"taxonomy":"product_tag","embeddable":true,"href":"https:\/\/www.makitamarket.com.tr\/site\/wp-json\/wp\/v2\/product_tag?post=10568"}],"curies":[{"name":"wp","href":"https:\/\/api.w.org\/{rel}","templated":true}]}}