{"id":10584,"date":"2024-11-27T20:03:10","date_gmt":"2024-11-27T17:03:10","guid":{"rendered":"https:\/\/www.makitamarket.com.tr\/site\/urun\/gison-havali-doseme-tabancasi\/"},"modified":"2026-04-06T13:19:07","modified_gmt":"2026-04-06T10:19:07","slug":"gison-havali-doseme-tabancasi","status":"publish","type":"product","link":"https:\/\/www.makitamarket.com.tr\/site\/urun\/gison-havali-doseme-tabancasi\/","title":{"rendered":"Gison GPP1830 HAVALI D\u00d6\u015eEME TABANCASI"},"content":{"rendered":"<div id=\"cke_pastebin\">\n\t\u2022 Ba\u015fs\u0131z \u00c7ivi<\/div>\n<div>\n\t\u2022 Emniyet Mandal\u0131<\/div>\n<table>\n<tr>\n<td>\u00c7ivi Tipi<\/td>\n<td>Ba\u015fs\u0131z \u00c7ivi<\/td>\n<\/tr>\n<tr>\n<td>\u00c7ivi Uzunlu\u011fu<\/td>\n<td>15 &#8211; 32 mm.<\/td>\n<\/tr>\n<tr>\n<td>\u00c7ivi \u00c7ap\u0131<\/td>\n<td>1.25 x 1.00 mm.<\/td>\n<\/tr>\n<tr>\n<td>\u015earj\u00f6r Kapasitesi<\/td>\n<td>100 Ad.<\/td>\n<\/tr>\n<tr>\n<td>Uzunluk<\/td>\n<td>250 mm<\/td>\n<\/tr>\n<tr>\n<td>Net A\u011f\u0131rl\u0131k<\/td>\n<td>1.20 kg.<\/td>\n<\/tr>\n<tr>\n<td>G\u00fcr\u00fclt\u00fc Seviyesi<\/td>\n<td>98 dBA<\/td>\n<\/tr>\n<tr>\n<td>Hava Bas\u0131nc\u0131<\/td>\n<td>90 psi (6.3 kg.\/cm\u00b2)<\/td>\n<\/tr>\n<tr>\n<td>Sars\u0131nt\u0131 Seviyesi<\/td>\n<td>2.7 m\/S\u00b2<\/td>\n<\/tr>\n<tr>\n<td>Standart\u0131<\/td>\n<td>CE-Made in Taiwan<\/td>\n<\/tr>\n<tr>\n<td>Y\u00fckseklik<\/td>\n<td>197 mm.<\/td>\n<\/tr>\n<tr>\n<td>Geni\u015flik<\/td>\n<td>55 mm.<\/td>\n<\/tr>\n<\/table>\n","protected":false},"excerpt":{"rendered":"<div id=\"cke_pastebin\">\n\t\u2022 Ba\u015fs\u0131z \u00c7ivi<\/div>\n<div>\n\t\u2022 Emniyet Mandal\u0131<\/div>\n","protected":false},"featured_media":10583,"comment_status":"open","ping_status":"closed","template":"","meta":{"_acf_changed":false},"product_brand":[1512],"product_cat":[902],"product_tag":[],"class_list":{"0":"post-10584","1":"product","2":"type-product","3":"status-publish","4":"has-post-thumbnail","6":"product_brand-gison","7":"product_cat-havali-yankeskiler","9":"first","10":"instock","11":"taxable","12":"shipping-taxable","13":"purchasable","14":"product-type-simple","15":"add-to-wishlist-after_add_to_cart"},"acf":[],"_links":{"self":[{"href":"https:\/\/www.makitamarket.com.tr\/site\/wp-json\/wp\/v2\/product\/10584","targetHints":{"allow":["GET"]}}],"collection":[{"href":"https:\/\/www.makitamarket.com.tr\/site\/wp-json\/wp\/v2\/product"}],"about":[{"href":"https:\/\/www.makitamarket.com.tr\/site\/wp-json\/wp\/v2\/types\/product"}],"replies":[{"embeddable":true,"href":"https:\/\/www.makitamarket.com.tr\/site\/wp-json\/wp\/v2\/comments?post=10584"}],"wp:featuredmedia":[{"embeddable":true,"href":"https:\/\/www.makitamarket.com.tr\/site\/wp-json\/wp\/v2\/media\/10583"}],"wp:attachment":[{"href":"https:\/\/www.makitamarket.com.tr\/site\/wp-json\/wp\/v2\/media?parent=10584"}],"wp:term":[{"taxonomy":"product_brand","embeddable":true,"href":"https:\/\/www.makitamarket.com.tr\/site\/wp-json\/wp\/v2\/product_brand?post=10584"},{"taxonomy":"product_cat","embeddable":true,"href":"https:\/\/www.makitamarket.com.tr\/site\/wp-json\/wp\/v2\/product_cat?post=10584"},{"taxonomy":"product_tag","embeddable":true,"href":"https:\/\/www.makitamarket.com.tr\/site\/wp-json\/wp\/v2\/product_tag?post=10584"}],"curies":[{"name":"wp","href":"https:\/\/api.w.org\/{rel}","templated":true}]}}