{"id":10586,"date":"2024-11-27T20:03:11","date_gmt":"2024-11-27T17:03:11","guid":{"rendered":"https:\/\/www.makitamarket.com.tr\/site\/urun\/mastech-mastech-cm-801fn-boya-kalinligi-olcum-cihazi\/"},"modified":"2025-11-16T05:44:35","modified_gmt":"2025-11-16T02:44:35","slug":"mastech-mastech-cm-801fn-boya-kalinligi-olcum-cihazi","status":"publish","type":"product","link":"https:\/\/www.makitamarket.com.tr\/site\/urun\/mastech-mastech-cm-801fn-boya-kalinligi-olcum-cihazi\/","title":{"rendered":"Mastech CM-801 FN MASTECH CM &#8211; 801FN BOYA KALINLI\u011eI \u00d6L\u00c7\u00dcM C\u0130HAZI"},"content":{"rendered":"<div>\n\tNF tipi PROB NON ferromanyetik y\u00fczey kaplama kal\u0131nl\u0131\u011f\u0131n\u0131n \u00f6l\u00e7\u00fcm\u00fcnde kullan\u0131l\u0131r. (Al\u00fcminyum, pirin\u00e7, paslanmaz \u00e7elik vb.) kolay kullan\u0131m tek tu\u015fla okuma y\u00fczeye herhangi bir zarar vermez.<\/div>\n<div>\n\tOtomobil kaporta boya kal\u0131nl\u0131k \u00f6l\u00e7\u00fcm\u00fc i\u00e7in ideal.<\/div>\n<table>\n<tr>\n<td>\u00d6l\u00e7\u00fcm Aral\u0131\u011f\u0131<\/td>\n<td>0-1,00 um 0-40mil<\/td>\n<\/tr>\n<tr>\n<td>Hassasiyet<\/td>\n<td>+- 2 um +%3 0,1 mil+%3<\/td>\n<\/tr>\n<tr>\n<td>\u00c7\u00f6z\u00fcn\u00fcrl\u00fck<\/td>\n<td>0,1um,0,1mil<\/td>\n<\/tr>\n<tr>\n<td>Yan\u0131tlama Zaman\u0131<\/td>\n<td>1sn<\/td>\n<\/tr>\n<tr>\n<td>Batarya<\/td>\n<td>1,5VAAA<\/td>\n<\/tr>\n<tr>\n<td>Sens\u00f6r tipi<\/td>\n<td>F NF ya da F\/NF 2&#8217;si 1 arada<\/td>\n<\/tr>\n<\/table>\n","protected":false},"excerpt":{"rendered":"<div>\n\tNF tipi PROB NON ferromanyetik y\u00fczey kaplama kal\u0131nl\u0131\u011f\u0131n\u0131n \u00f6l\u00e7\u00fcm\u00fcnde kullan\u0131l\u0131r. (Al\u00fcminyum, pirin\u00e7, paslanmaz \u00e7elik vb.) kolay kullan\u0131m tek tu\u015fla okuma y\u00fczeye herhangi bir zarar vermez.<\/div>\n<div>\n\tOtomobil kaporta boya kal\u0131nl\u0131k \u00f6l\u00e7\u00fcm\u00fc i\u00e7in ideal.<\/div>\n","protected":false},"featured_media":10585,"comment_status":"open","ping_status":"closed","template":"","meta":{"_acf_changed":false},"product_brand":[1526],"product_cat":[1565],"product_tag":[],"class_list":{"0":"post-10586","1":"product","2":"type-product","3":"status-publish","4":"has-post-thumbnail","6":"product_brand-mastech","7":"product_cat-yok-yok","9":"first","10":"outofstock","11":"taxable","12":"shipping-taxable","13":"purchasable","14":"product-type-simple","15":"add-to-wishlist-after_add_to_cart"},"acf":[],"_links":{"self":[{"href":"https:\/\/www.makitamarket.com.tr\/site\/wp-json\/wp\/v2\/product\/10586","targetHints":{"allow":["GET"]}}],"collection":[{"href":"https:\/\/www.makitamarket.com.tr\/site\/wp-json\/wp\/v2\/product"}],"about":[{"href":"https:\/\/www.makitamarket.com.tr\/site\/wp-json\/wp\/v2\/types\/product"}],"replies":[{"embeddable":true,"href":"https:\/\/www.makitamarket.com.tr\/site\/wp-json\/wp\/v2\/comments?post=10586"}],"wp:featuredmedia":[{"embeddable":true,"href":"https:\/\/www.makitamarket.com.tr\/site\/wp-json\/wp\/v2\/media\/10585"}],"wp:attachment":[{"href":"https:\/\/www.makitamarket.com.tr\/site\/wp-json\/wp\/v2\/media?parent=10586"}],"wp:term":[{"taxonomy":"product_brand","embeddable":true,"href":"https:\/\/www.makitamarket.com.tr\/site\/wp-json\/wp\/v2\/product_brand?post=10586"},{"taxonomy":"product_cat","embeddable":true,"href":"https:\/\/www.makitamarket.com.tr\/site\/wp-json\/wp\/v2\/product_cat?post=10586"},{"taxonomy":"product_tag","embeddable":true,"href":"https:\/\/www.makitamarket.com.tr\/site\/wp-json\/wp\/v2\/product_tag?post=10586"}],"curies":[{"name":"wp","href":"https:\/\/api.w.org\/{rel}","templated":true}]}}