{"id":10590,"date":"2024-11-27T20:03:11","date_gmt":"2024-11-27T17:03:11","guid":{"rendered":"https:\/\/www.makitamarket.com.tr\/site\/urun\/makita-fibercement-kesim-daire-testere-270x60-dis\/"},"modified":"2026-03-30T07:49:27","modified_gmt":"2026-03-30T04:49:27","slug":"makita-fibercement-kesim-daire-testere-270x60-dis","status":"publish","type":"product","link":"https:\/\/www.makitamarket.com.tr\/site\/urun\/makita-fibercement-kesim-daire-testere-270x60-dis\/","title":{"rendered":"Makita B-17681 F\u0130BERCEMENT KES\u0130M DA\u0130RE TESTERE 270&#215;60 D\u0130\u015e"},"content":{"rendered":"<p>\n\t<span id=\"result_box\" lang=\"tr\"><span>\u00d6zellikle sandvi\u00e7 panel olarak bilinen metal kompozit malzemelerin kesilmesi i\u00e7in tasarlanm\u0131\u015f testeredir.<\/span> M<span>etal kaplamal\u0131 malzemeleri keserken iki malzeme aras\u0131ndaki ba\u011f\u0131n korunmas\u0131n\u0131 sa\u011flamak i\u00e7in \u00e7ok d\u00fc\u015f\u00fck \u0131s\u0131 kesme yaparken temiz,\u00e7apaks\u0131z bir y\u00fczey elde edersiniz.<\/span><br \/>\n\t<\/span><\/p>\n<p>\n\t<span lang=\"tr\"><strong><span>SPEC\u0130AL\u0130ZED<\/span><span>:<\/span><\/strong><br \/>\n\t<span>Specialized testereler, \u00f6zellik ve uzlamnl\u0131k gerektiren uygulamalar, makineler ve malzemeler i\u00e7in hassas olarak \u00fcretilmi\u015ftir; metal, ba\u011fl\u0131 ve \u00e7ivilerle g\u00fc\u00e7l\u00fc mazlemelerin kesimi gibi.<\/span><\/span><\/p>\n<table>\n<tr>\n<td>Testere \u00e7ap\u0131<\/td>\n<td>270 mm<\/td>\n<\/tr>\n<tr>\n<td>G\u00f6bek \u00e7ap\u0131<\/td>\n<td>30 mm<\/td>\n<\/tr>\n<tr>\n<td>Y\u00fcz\u00fck \u00c7ap\u0131<\/td>\n<td>&#8211;<\/td>\n<\/tr>\n<tr>\n<td>Elmas Kal\u0131nl\u0131\u011f\u0131<\/td>\n<td>2.4 mm<\/td>\n<\/tr>\n<tr>\n<td>G\u00f6vde Kal\u0131nl\u0131\u011f\u0131<\/td>\n<td>2.0 mm<\/td>\n<\/tr>\n<tr>\n<td>Di\u015f Say\u0131s\u0131<\/td>\n<td>60<\/td>\n<\/tr>\n<tr>\n<td>Elmas A\u00e7\u0131s\u0131<\/td>\n<td>0\u02da<\/td>\n<\/tr>\n<tr>\n<td>Di\u015f Tipi<\/td>\n<td>SMTCG<\/td>\n<\/tr>\n<tr>\n<td>Kullan\u0131m Alan\u0131<\/td>\n<td>Sandvi\u00e7 Panel<\/td>\n<\/tr>\n<\/table>\n","protected":false},"excerpt":{"rendered":"<p>\n\t<span id=\"result_box\" lang=\"tr\"><span>\u00d6zellikle sandvi\u00e7 panel olarak bilinen metal kompozit malzemelerin kesilmesi i\u00e7in tasarlanm\u0131\u015f testeredir.<\/span> M<span>etal kaplamal\u0131 malzemeleri keserken iki malzeme aras\u0131ndaki ba\u011f\u0131n korunmas\u0131n\u0131 sa\u011flamak i\u00e7in \u00e7ok d\u00fc\u015f\u00fck \u0131s\u0131 kesme yaparken temiz,\u00e7apaks\u0131z bir y\u00fczey elde edersiniz.<\/span><br \/>\n\t<\/span><\/p>\n<p>\n\t<span lang=\"tr\"><strong><span>SPEC\u0130AL\u0130ZED<\/span><span>:<\/span><\/strong><br \/>\n\t<span>Specialized testereler, \u00f6zellik ve uzlamnl\u0131k gerektiren uygulamalar, makineler ve malzemeler i\u00e7in hassas olarak \u00fcretilmi\u015ftir; metal, ba\u011fl\u0131 ve \u00e7ivilerle g\u00fc\u00e7l\u00fc mazlemelerin kesimi gibi.<\/span><\/span><\/p>\n","protected":false},"featured_media":10589,"comment_status":"open","ping_status":"closed","template":"","meta":{"_acf_changed":false},"product_brand":[1485],"product_cat":[1063],"product_tag":[],"class_list":{"0":"post-10590","1":"product","2":"type-product","3":"status-publish","4":"has-post-thumbnail","6":"product_brand-makita","7":"product_cat-fibercement-kesim-daire-testereler","9":"first","10":"instock","11":"taxable","12":"shipping-taxable","13":"purchasable","14":"product-type-simple","15":"add-to-wishlist-after_add_to_cart"},"acf":[],"_links":{"self":[{"href":"https:\/\/www.makitamarket.com.tr\/site\/wp-json\/wp\/v2\/product\/10590","targetHints":{"allow":["GET"]}}],"collection":[{"href":"https:\/\/www.makitamarket.com.tr\/site\/wp-json\/wp\/v2\/product"}],"about":[{"href":"https:\/\/www.makitamarket.com.tr\/site\/wp-json\/wp\/v2\/types\/product"}],"replies":[{"embeddable":true,"href":"https:\/\/www.makitamarket.com.tr\/site\/wp-json\/wp\/v2\/comments?post=10590"}],"wp:featuredmedia":[{"embeddable":true,"href":"https:\/\/www.makitamarket.com.tr\/site\/wp-json\/wp\/v2\/media\/10589"}],"wp:attachment":[{"href":"https:\/\/www.makitamarket.com.tr\/site\/wp-json\/wp\/v2\/media?parent=10590"}],"wp:term":[{"taxonomy":"product_brand","embeddable":true,"href":"https:\/\/www.makitamarket.com.tr\/site\/wp-json\/wp\/v2\/product_brand?post=10590"},{"taxonomy":"product_cat","embeddable":true,"href":"https:\/\/www.makitamarket.com.tr\/site\/wp-json\/wp\/v2\/product_cat?post=10590"},{"taxonomy":"product_tag","embeddable":true,"href":"https:\/\/www.makitamarket.com.tr\/site\/wp-json\/wp\/v2\/product_tag?post=10590"}],"curies":[{"name":"wp","href":"https:\/\/api.w.org\/{rel}","templated":true}]}}