{"id":10592,"date":"2024-11-27T20:03:12","date_gmt":"2024-11-27T17:03:12","guid":{"rendered":"https:\/\/www.makitamarket.com.tr\/site\/urun\/bmi-bmi-rollfix-easy2-7001996-mesafe-olcum-cihazi\/"},"modified":"2026-04-06T13:19:08","modified_gmt":"2026-04-06T10:19:08","slug":"bmi-bmi-rollfix-easy2-7001996-mesafe-olcum-cihazi","status":"publish","type":"product","link":"https:\/\/www.makitamarket.com.tr\/site\/urun\/bmi-bmi-rollfix-easy2-7001996-mesafe-olcum-cihazi\/","title":{"rendered":"Bmi 7001996 BMI ROLLFIX EASY2 7001996 MESAFE \u00d6L\u00c7\u00dcM C\u0130HAZI"},"content":{"rendered":"<div>\n\t<span dir=\"ltr\" role=\"presentation\" style=\"left: 774.638px; top: 342.681px; font-size: 11.6667px; font-family: sans-serif; transform: scaleX(0.872433);\">\u0130leri ve geri \u00f6l\u00e7\u00fcm yapabilme \u00f6zelli\u011fi.<\/span><span dir=\"ltr\" role=\"presentation\" style=\"left: 774.638px; top: 356.016px; font-size: 11.6667px; font-family: sans-serif; transform: scaleX(0.855452);\">Al\u00fcminyum g\u00f6vde sayesinde daha <\/span><span dir=\"ltr\" role=\"presentation\" style=\"left: 774.638px; top: 369.351px; font-size: 11.6667px; font-family: sans-serif; transform: scaleX(0.880771);\">hafif. Park ayakl\u0131 ve ta\u015f\u0131ma \u00e7antal\u0131<\/span><\/div>\n<table>\n<tr>\n<td>\u00d6l\u00e7\u00fcm Aral\u0131\u011f\u0131<\/td>\n<td>99,999,99m<\/td>\n<\/tr>\n<tr>\n<td>\u00c7\u00f6z\u00fcn\u00fcrl\u00fck<\/td>\n<td>1 cm<\/td>\n<\/tr>\n<tr>\n<td>Teker \u00c7ap\u0131<\/td>\n<td>318,3mm=1m \u00e7evre<\/td>\n<\/tr>\n<tr>\n<td>Toplam Y\u00fckseklik<\/td>\n<td>990mm<\/td>\n<\/tr>\n<tr>\n<td>Toplam A\u011f\u0131rl\u0131k<\/td>\n<td>2.2 kg<\/td>\n<\/tr>\n<\/table>\n","protected":false},"excerpt":{"rendered":"<div>\n\t<span dir=\"ltr\" role=\"presentation\" style=\"left: 774.638px; top: 342.681px; font-size: 11.6667px; font-family: sans-serif; transform: scaleX(0.872433);\">\u0130leri ve geri \u00f6l\u00e7\u00fcm yapabilme \u00f6zelli\u011fi.<\/span><span dir=\"ltr\" role=\"presentation\" style=\"left: 774.638px; top: 356.016px; font-size: 11.6667px; font-family: sans-serif; transform: scaleX(0.855452);\">Al\u00fcminyum g\u00f6vde sayesinde daha <\/span><span dir=\"ltr\" role=\"presentation\" style=\"left: 774.638px; top: 369.351px; font-size: 11.6667px; font-family: sans-serif; transform: scaleX(0.880771);\">hafif. Park ayakl\u0131 ve ta\u015f\u0131ma \u00e7antal\u0131<\/span><\/div>\n","protected":false},"featured_media":10591,"comment_status":"open","ping_status":"closed","template":"","meta":{"_acf_changed":false},"product_brand":[1522],"product_cat":[753],"product_tag":[],"class_list":{"0":"post-10592","1":"product","2":"type-product","3":"status-publish","4":"has-post-thumbnail","6":"product_brand-bmi","7":"product_cat-metreler","9":"first","10":"outofstock","11":"taxable","12":"shipping-taxable","13":"purchasable","14":"product-type-simple","15":"add-to-wishlist-after_add_to_cart"},"acf":[],"_links":{"self":[{"href":"https:\/\/www.makitamarket.com.tr\/site\/wp-json\/wp\/v2\/product\/10592","targetHints":{"allow":["GET"]}}],"collection":[{"href":"https:\/\/www.makitamarket.com.tr\/site\/wp-json\/wp\/v2\/product"}],"about":[{"href":"https:\/\/www.makitamarket.com.tr\/site\/wp-json\/wp\/v2\/types\/product"}],"replies":[{"embeddable":true,"href":"https:\/\/www.makitamarket.com.tr\/site\/wp-json\/wp\/v2\/comments?post=10592"}],"wp:featuredmedia":[{"embeddable":true,"href":"https:\/\/www.makitamarket.com.tr\/site\/wp-json\/wp\/v2\/media\/10591"}],"wp:attachment":[{"href":"https:\/\/www.makitamarket.com.tr\/site\/wp-json\/wp\/v2\/media?parent=10592"}],"wp:term":[{"taxonomy":"product_brand","embeddable":true,"href":"https:\/\/www.makitamarket.com.tr\/site\/wp-json\/wp\/v2\/product_brand?post=10592"},{"taxonomy":"product_cat","embeddable":true,"href":"https:\/\/www.makitamarket.com.tr\/site\/wp-json\/wp\/v2\/product_cat?post=10592"},{"taxonomy":"product_tag","embeddable":true,"href":"https:\/\/www.makitamarket.com.tr\/site\/wp-json\/wp\/v2\/product_tag?post=10592"}],"curies":[{"name":"wp","href":"https:\/\/api.w.org\/{rel}","templated":true}]}}