{"id":10603,"date":"2024-11-27T20:03:15","date_gmt":"2024-11-27T17:03:15","guid":{"rendered":"https:\/\/www.makitamarket.com.tr\/site\/urun\/makita-mt-kilic-testere-130x255-mm\/"},"modified":"2026-04-13T19:44:42","modified_gmt":"2026-04-13T16:44:42","slug":"makita-mt-kilic-testere-130x255-mm","status":"publish","type":"product","link":"https:\/\/www.makitamarket.com.tr\/site\/urun\/makita-mt-kilic-testere-130x255-mm\/","title":{"rendered":"Makita MT M4501KB KILI\u00c7 TESTERE 130&#215;255 mm"},"content":{"rendered":"<div>\n\t\u2022Aletsiz b\u0131\u00e7ak de\u011fi\u015ftirme<\/div>\n<table>\n<tr>\n<td>S\u00fcrekli Ak\u0131m Giri\u015fi<\/td>\n<td>1.010W<\/td>\n<\/tr>\n<tr>\n<td>Kapasite<\/td>\n<td>Boru : 130mm, Ah\u015fap : 255mm<\/td>\n<\/tr>\n<tr>\n<td>Var-gel uzunlu\u011fu<\/td>\n<td>28mm<\/td>\n<\/tr>\n<tr>\n<td>Var-gel say\u0131s\u0131<\/td>\n<td>0-2.800 devir\/dk<\/td>\n<\/tr>\n<tr>\n<td>Net A\u011f\u0131rl\u0131k<\/td>\n<td>3.2kg<\/td>\n<\/tr>\n<tr>\n<td>Ak\u0131m<\/td>\n<td>4.6Ah<\/td>\n<\/tr>\n<tr>\n<td>Ambalaj \u0130\u00e7eri\u011fi<\/td>\n<td>K\u0131l\u0131\u00e7 testere<\/td>\n<\/tr>\n<\/table>\n","protected":false},"excerpt":{"rendered":"<div>\n\t\u2022Aletsiz b\u0131\u00e7ak de\u011fi\u015ftirme<\/div>\n","protected":false},"featured_media":10602,"comment_status":"open","ping_status":"closed","template":"","meta":{"_acf_changed":false},"product_brand":[1528],"product_cat":[1565],"product_tag":[],"class_list":{"0":"post-10603","1":"product","2":"type-product","3":"status-publish","4":"has-post-thumbnail","6":"product_brand-makita-mt","7":"product_cat-yok-yok","9":"first","10":"instock","11":"taxable","12":"shipping-taxable","13":"purchasable","14":"product-type-simple","15":"add-to-wishlist-after_add_to_cart"},"acf":[],"_links":{"self":[{"href":"https:\/\/www.makitamarket.com.tr\/site\/wp-json\/wp\/v2\/product\/10603","targetHints":{"allow":["GET"]}}],"collection":[{"href":"https:\/\/www.makitamarket.com.tr\/site\/wp-json\/wp\/v2\/product"}],"about":[{"href":"https:\/\/www.makitamarket.com.tr\/site\/wp-json\/wp\/v2\/types\/product"}],"replies":[{"embeddable":true,"href":"https:\/\/www.makitamarket.com.tr\/site\/wp-json\/wp\/v2\/comments?post=10603"}],"wp:featuredmedia":[{"embeddable":true,"href":"https:\/\/www.makitamarket.com.tr\/site\/wp-json\/wp\/v2\/media\/10602"}],"wp:attachment":[{"href":"https:\/\/www.makitamarket.com.tr\/site\/wp-json\/wp\/v2\/media?parent=10603"}],"wp:term":[{"taxonomy":"product_brand","embeddable":true,"href":"https:\/\/www.makitamarket.com.tr\/site\/wp-json\/wp\/v2\/product_brand?post=10603"},{"taxonomy":"product_cat","embeddable":true,"href":"https:\/\/www.makitamarket.com.tr\/site\/wp-json\/wp\/v2\/product_cat?post=10603"},{"taxonomy":"product_tag","embeddable":true,"href":"https:\/\/www.makitamarket.com.tr\/site\/wp-json\/wp\/v2\/product_tag?post=10603"}],"curies":[{"name":"wp","href":"https:\/\/api.w.org\/{rel}","templated":true}]}}