{"id":10606,"date":"2024-11-27T20:03:16","date_gmt":"2024-11-27T17:03:16","guid":{"rendered":"https:\/\/www.makitamarket.com.tr\/site\/urun\/gison-havali-kaporta-cektirme\/"},"modified":"2026-03-30T07:49:28","modified_gmt":"2026-03-30T04:49:28","slug":"gison-havali-kaporta-cektirme","status":"publish","type":"product","link":"https:\/\/www.makitamarket.com.tr\/site\/urun\/gison-havali-kaporta-cektirme\/","title":{"rendered":"Gison GPGAS618DPR HAVALI KAPORTA \u00c7EKT\u0130RME"},"content":{"rendered":"<table>\n<tr>\n<td>\u00c7ektirme Bas\u0131nc\u0131<\/td>\n<td>6 kg.\/cm\u00b2<\/td>\n<\/tr>\n<tr>\n<td>Kayar \u00c7eki\u00e7<\/td>\n<td>1.36 kg.<\/td>\n<\/tr>\n<tr>\n<td>Emme Vantuzu<\/td>\n<td>2 ad. (4&#8243; + 6&#8243;)<\/td>\n<\/tr>\n<tr>\n<td>Net A\u011f\u0131rl\u0131k (kg)<\/td>\n<td>3.35<\/td>\n<\/tr>\n<tr>\n<td>Uzunluk<\/td>\n<td>1.120 mm.<\/td>\n<\/tr>\n<tr>\n<td>Hava Giri\u015fi<\/td>\n<td>1\/4&#8243;<\/td>\n<\/tr>\n<tr>\n<td>Hortum Uzunlu\u011fu<\/td>\n<td>35 cm.<\/td>\n<\/tr>\n<tr>\n<td>Hava Bas\u0131nc\u0131<\/td>\n<td>90 psi (6.3 kg\/cm\u00b3)<\/td>\n<\/tr>\n<tr>\n<td>Koli Adedi<\/td>\n<td>4 adet<\/td>\n<\/tr>\n<\/table>\n","protected":false},"excerpt":{"rendered":"<p>\u00c7ektirme Bas\u0131nc\u0131 6 kg.\/cm\u00b2 Kayar \u00c7eki\u00e7 1.36 kg. Emme Vantuzu 2 ad. (4&#8243; + 6&#8243;) Net A\u011f\u0131rl\u0131k (kg) 3.35 Uzunluk 1.120 mm. Hava Giri\u015fi 1\/4&#8243; Hortum Uzunlu\u011fu 35 cm. Hava<\/p>\n","protected":false},"featured_media":10605,"comment_status":"open","ping_status":"closed","template":"","meta":{"_acf_changed":false},"product_brand":[1512],"product_cat":[1070],"product_tag":[],"class_list":{"0":"post-10606","1":"product","2":"type-product","3":"status-publish","4":"has-post-thumbnail","6":"product_brand-gison","7":"product_cat-havali-kaporta-cektirmeler","9":"first","10":"instock","11":"taxable","12":"shipping-taxable","13":"purchasable","14":"product-type-simple","15":"add-to-wishlist-after_add_to_cart"},"acf":[],"_links":{"self":[{"href":"https:\/\/www.makitamarket.com.tr\/site\/wp-json\/wp\/v2\/product\/10606","targetHints":{"allow":["GET"]}}],"collection":[{"href":"https:\/\/www.makitamarket.com.tr\/site\/wp-json\/wp\/v2\/product"}],"about":[{"href":"https:\/\/www.makitamarket.com.tr\/site\/wp-json\/wp\/v2\/types\/product"}],"replies":[{"embeddable":true,"href":"https:\/\/www.makitamarket.com.tr\/site\/wp-json\/wp\/v2\/comments?post=10606"}],"wp:featuredmedia":[{"embeddable":true,"href":"https:\/\/www.makitamarket.com.tr\/site\/wp-json\/wp\/v2\/media\/10605"}],"wp:attachment":[{"href":"https:\/\/www.makitamarket.com.tr\/site\/wp-json\/wp\/v2\/media?parent=10606"}],"wp:term":[{"taxonomy":"product_brand","embeddable":true,"href":"https:\/\/www.makitamarket.com.tr\/site\/wp-json\/wp\/v2\/product_brand?post=10606"},{"taxonomy":"product_cat","embeddable":true,"href":"https:\/\/www.makitamarket.com.tr\/site\/wp-json\/wp\/v2\/product_cat?post=10606"},{"taxonomy":"product_tag","embeddable":true,"href":"https:\/\/www.makitamarket.com.tr\/site\/wp-json\/wp\/v2\/product_tag?post=10606"}],"curies":[{"name":"wp","href":"https:\/\/api.w.org\/{rel}","templated":true}]}}