{"id":10612,"date":"2024-11-27T20:03:19","date_gmt":"2024-11-27T17:03:19","guid":{"rendered":"https:\/\/www.makitamarket.com.tr\/site\/urun\/makita-metal-kesme-tasi-duz-355x3-0x25-4-mm\/"},"modified":"2026-04-06T13:20:06","modified_gmt":"2026-04-06T10:20:06","slug":"makita-metal-kesme-tasi-duz-355x3-0x25-4-mm","status":"publish","type":"product","link":"https:\/\/www.makitamarket.com.tr\/site\/urun\/makita-metal-kesme-tasi-duz-355x3-0x25-4-mm\/","title":{"rendered":"Makita A-05044 METAL KESME TA\u015eI &#8211; D\u00dcZ 355&#215;3.0x25.4 mm"},"content":{"rendered":"<p>\n\t<span id=\"result_box\" lang=\"tr\"><span>Uzun \u00f6m\u00fcr ve y\u00fcksek kesme h\u0131z\u0131n\u0131n m\u00fckemmel kombinasyonunu sa\u011flar.<\/span><\/span><span lang=\"tr\"><br \/>\n\t<span lang=\"tr\"><span>\u00c7elik, d\u00f6kme demir, di\u011fer sert metaller gibi demirli malzemelerin kesimi i\u00e7in kullan\u0131l\u0131r.<\/span><\/span><\/span><\/p>\n<p>\n\t<span lang=\"tr\"><span lang=\"tr\"><span>Minimum seviyede \u00e7apak b\u0131rakabilir.<\/span><\/span><\/span><\/p>\n<p>\n\t<span lang=\"tr\"><span lang=\"tr\"><span>Esnek olmas\u0131 sebebiyle g\u00fc\u00e7 y\u00fcklenmesi durumunda k\u0131r\u0131lma yapmaz.<\/span><\/span><\/span><\/p>\n<p>\n\t<span lang=\"tr\"><br \/>\n\tSabit t<span>ezgahl\u0131 kesme makinalar\u0131 i\u00e7in \u00f6zel olarak tasarlanm\u0131\u015ft\u0131r.<\/span><\/span><\/p>\n<p>\n\t<span>Maks.<\/span> <span>3900rpm Max.72m \/ s<\/span><br \/>\n\t\u00a0<\/p>\n<table>\n<tr>\n<td>\u00c7ap<\/td>\n<td>355<\/td>\n<\/tr>\n<tr>\n<td>G\u00f6bek \u00e7ap\u0131<\/td>\n<td>25.4<\/td>\n<\/tr>\n<tr>\n<td>Kal\u0131nl\u0131k<\/td>\n<td>3<\/td>\n<\/tr>\n<\/table>\n","protected":false},"excerpt":{"rendered":"<p>\n\t<span id=\"result_box\" lang=\"tr\"><span>Uzun \u00f6m\u00fcr ve y\u00fcksek kesme h\u0131z\u0131n\u0131n m\u00fckemmel kombinasyonunu sa\u011flar.<\/span><\/span><span lang=\"tr\"><br \/>\n\t<span lang=\"tr\"><span>\u00c7elik, d\u00f6kme demir, di\u011fer sert metaller gibi demirli malzemelerin kesimi i\u00e7in kullan\u0131l\u0131r.<\/span><\/span><\/span><\/p>\n<p>\n\t<span lang=\"tr\"><span lang=\"tr\"><span>Minimum seviyede \u00e7apak b\u0131rakabilir.<\/span><\/span><\/span><\/p>\n<p>\n\t<span lang=\"tr\"><span lang=\"tr\"><span>Esnek olmas\u0131 sebebiyle g\u00fc\u00e7 y\u00fcklenmesi durumunda k\u0131r\u0131lma yapmaz.<\/span><\/span><\/span><\/p>\n<p>\n\t<span lang=\"tr\"><br \/>\n\tSabit t<span>ezgahl\u0131 kesme makinalar\u0131 i\u00e7in \u00f6zel olarak tasarlanm\u0131\u015ft\u0131r.<\/span><\/span><\/p>\n<p>\n\t<span>Maks.<\/span> <span>3900rpm Max.72m \/ s<\/span><br \/>\n\t\u00a0<\/p>\n","protected":false},"featured_media":10611,"comment_status":"open","ping_status":"closed","template":"","meta":{"_acf_changed":false},"product_brand":[1485],"product_cat":[1073],"product_tag":[],"class_list":{"0":"post-10612","1":"product","2":"type-product","3":"status-publish","4":"has-post-thumbnail","6":"product_brand-makita","7":"product_cat-355mm-kesme-taslari","9":"first","10":"instock","11":"taxable","12":"shipping-taxable","13":"purchasable","14":"product-type-simple","15":"add-to-wishlist-after_add_to_cart"},"acf":[],"_links":{"self":[{"href":"https:\/\/www.makitamarket.com.tr\/site\/wp-json\/wp\/v2\/product\/10612","targetHints":{"allow":["GET"]}}],"collection":[{"href":"https:\/\/www.makitamarket.com.tr\/site\/wp-json\/wp\/v2\/product"}],"about":[{"href":"https:\/\/www.makitamarket.com.tr\/site\/wp-json\/wp\/v2\/types\/product"}],"replies":[{"embeddable":true,"href":"https:\/\/www.makitamarket.com.tr\/site\/wp-json\/wp\/v2\/comments?post=10612"}],"wp:featuredmedia":[{"embeddable":true,"href":"https:\/\/www.makitamarket.com.tr\/site\/wp-json\/wp\/v2\/media\/10611"}],"wp:attachment":[{"href":"https:\/\/www.makitamarket.com.tr\/site\/wp-json\/wp\/v2\/media?parent=10612"}],"wp:term":[{"taxonomy":"product_brand","embeddable":true,"href":"https:\/\/www.makitamarket.com.tr\/site\/wp-json\/wp\/v2\/product_brand?post=10612"},{"taxonomy":"product_cat","embeddable":true,"href":"https:\/\/www.makitamarket.com.tr\/site\/wp-json\/wp\/v2\/product_cat?post=10612"},{"taxonomy":"product_tag","embeddable":true,"href":"https:\/\/www.makitamarket.com.tr\/site\/wp-json\/wp\/v2\/product_tag?post=10612"}],"curies":[{"name":"wp","href":"https:\/\/api.w.org\/{rel}","templated":true}]}}