{"id":10631,"date":"2024-11-27T20:03:28","date_gmt":"2024-11-27T17:03:28","guid":{"rendered":"https:\/\/www.makitamarket.com.tr\/site\/urun\/mastech-cevremetre\/"},"modified":"2026-03-30T07:50:26","modified_gmt":"2026-03-30T04:50:26","slug":"mastech-cevremetre","status":"publish","type":"product","link":"https:\/\/www.makitamarket.com.tr\/site\/urun\/mastech-cevremetre\/","title":{"rendered":"Mastech MS6300 \u00c7EVREMETRE"},"content":{"rendered":"<div>\n\tS\u0131cakl\u0131k, nem, \u0131\u015f\u0131k, r\u00fczgar h\u0131z\u0131, hava ak\u0131m\u0131 ve ses seviyesi \u00f6l\u00e7\u00fcmlerini tek cihazda yap\u0131n!<\/div>\n<div>\n\t4 dijit LCD ekran veri tutma ve LCD ekran \u0131\u015f\u0131\u011f\u0131<\/div>\n<div>\n\tMax\/ Min\/Ort\/Fark (Max-min) de\u011ferleri<\/div>\n<table>\n<tr>\n<td>S\u0131cakl\u0131k<\/td>\n<td>-20 ~ 60\u00b0C, \u00b11.0\u00b0C<\/td>\n<\/tr>\n<tr>\n<td>Nem<\/td>\n<td>10% ~ 100% RH, \u00b13%RH<\/td>\n<\/tr>\n<tr>\n<td>Ses seviyesi<\/td>\n<td>30 ~ 130 dB(A), \u00b11.5dB 35 ~ 130 dB(C), \u00b11.5dB (100~8kHz)<\/td>\n<\/tr>\n<tr>\n<td>I\u015f\u0131k<\/td>\n<td>0 ~ 50,000 lux, \u00b15.0%<\/td>\n<\/tr>\n<tr>\n<td>R\u00fczgar h\u0131z\u0131<\/td>\n<td>0.4 ~ 30 m\/s, \u00b13.0% 1.4 ~ 108.0 km\/h, \u00b13.0 2.0 ~ 98.5 ft\/s, \u00b13.0% 0.8 ~ 58.3 knots, \u00b13.0%<\/td>\n<\/tr>\n<tr>\n<td>Hava Ak\u0131m\u0131<\/td>\n<td>0 ~ 999,900 CMM, \u00b13.0% 0 ~ 999,900 CFM, \u00b13.0%<\/td>\n<\/tr>\n<tr>\n<td>Batarya<\/td>\n<td>9Vx1 6F22<\/td>\n<\/tr>\n<tr>\n<td>Boyutlar<\/td>\n<td>280 x 89 x 50 mm<\/td>\n<\/tr>\n<tr>\n<td>A\u011f\u0131rl\u0131k<\/td>\n<td>430g<\/td>\n<\/tr>\n<tr>\n<td>Aksesuar<\/td>\n<td>Ta\u015f\u0131ma \u00e7antas\u0131<\/td>\n<\/tr>\n<\/table>\n","protected":false},"excerpt":{"rendered":"<div>\n\tS\u0131cakl\u0131k, nem, \u0131\u015f\u0131k, r\u00fczgar h\u0131z\u0131, hava ak\u0131m\u0131 ve ses seviyesi \u00f6l\u00e7\u00fcmlerini tek cihazda yap\u0131n!<\/div>\n<div>\n\t4 dijit LCD ekran veri tutma ve LCD ekran \u0131\u015f\u0131\u011f\u0131<\/div>\n<div>\n\tMax\/ Min\/Ort\/Fark (Max-min) de\u011ferleri<\/div>\n","protected":false},"featured_media":10630,"comment_status":"open","ping_status":"closed","template":"","meta":{"_acf_changed":false},"product_brand":[1526],"product_cat":[1077],"product_tag":[],"class_list":{"0":"post-10631","1":"product","2":"type-product","3":"status-publish","4":"has-post-thumbnail","6":"product_brand-mastech","7":"product_cat-cevremetreler-ve-analizorler","9":"first","10":"instock","11":"taxable","12":"shipping-taxable","13":"purchasable","14":"product-type-simple","15":"add-to-wishlist-after_add_to_cart"},"acf":[],"_links":{"self":[{"href":"https:\/\/www.makitamarket.com.tr\/site\/wp-json\/wp\/v2\/product\/10631","targetHints":{"allow":["GET"]}}],"collection":[{"href":"https:\/\/www.makitamarket.com.tr\/site\/wp-json\/wp\/v2\/product"}],"about":[{"href":"https:\/\/www.makitamarket.com.tr\/site\/wp-json\/wp\/v2\/types\/product"}],"replies":[{"embeddable":true,"href":"https:\/\/www.makitamarket.com.tr\/site\/wp-json\/wp\/v2\/comments?post=10631"}],"wp:featuredmedia":[{"embeddable":true,"href":"https:\/\/www.makitamarket.com.tr\/site\/wp-json\/wp\/v2\/media\/10630"}],"wp:attachment":[{"href":"https:\/\/www.makitamarket.com.tr\/site\/wp-json\/wp\/v2\/media?parent=10631"}],"wp:term":[{"taxonomy":"product_brand","embeddable":true,"href":"https:\/\/www.makitamarket.com.tr\/site\/wp-json\/wp\/v2\/product_brand?post=10631"},{"taxonomy":"product_cat","embeddable":true,"href":"https:\/\/www.makitamarket.com.tr\/site\/wp-json\/wp\/v2\/product_cat?post=10631"},{"taxonomy":"product_tag","embeddable":true,"href":"https:\/\/www.makitamarket.com.tr\/site\/wp-json\/wp\/v2\/product_tag?post=10631"}],"curies":[{"name":"wp","href":"https:\/\/api.w.org\/{rel}","templated":true}]}}