{"id":10633,"date":"2024-11-27T20:03:28","date_gmt":"2024-11-27T17:03:28","guid":{"rendered":"https:\/\/www.makitamarket.com.tr\/site\/urun\/prosaw-beton-testere-500-c\/"},"modified":"2026-03-30T07:50:26","modified_gmt":"2026-03-30T04:50:26","slug":"prosaw-beton-testere-500-c","status":"publish","type":"product","link":"https:\/\/www.makitamarket.com.tr\/site\/urun\/prosaw-beton-testere-500-c\/","title":{"rendered":"Prosaw PS56105 BETON TESTERE 500 C"},"content":{"rendered":"<table>\n<tr>\n<td>Model<\/td>\n<td>500 C<\/td>\n<\/tr>\n<tr>\n<td>D\u0131\u015f \u00c7ap (mm)<\/td>\n<td>500<\/td>\n<\/tr>\n<tr>\n<td>Kal\u0131nl\u0131k (mm)<\/td>\n<td>4.1<\/td>\n<\/tr>\n<tr>\n<td>Elmas Y\u00fcksekli\u011fi (mm)<\/td>\n<td>10.0<\/td>\n<\/tr>\n<tr>\n<td>G\u00f6bek \u00c7ap\u0131 (mm)<\/td>\n<td>25.40<\/td>\n<\/tr>\n<\/table>\n","protected":false},"excerpt":{"rendered":"<p>Model 500 C D\u0131\u015f \u00c7ap (mm) 500 Kal\u0131nl\u0131k (mm) 4.1 Elmas Y\u00fcksekli\u011fi (mm) 10.0 G\u00f6bek \u00c7ap\u0131 (mm) 25.40<\/p>\n","protected":false},"featured_media":10632,"comment_status":"open","ping_status":"closed","template":"","meta":{"_acf_changed":false},"product_brand":[1524],"product_cat":[1054],"product_tag":[],"class_list":{"0":"post-10633","1":"product","2":"type-product","3":"status-publish","4":"has-post-thumbnail","6":"product_brand-prosaw","7":"product_cat-500mm-testereler","9":"first","10":"instock","11":"taxable","12":"shipping-taxable","13":"purchasable","14":"product-type-simple","15":"add-to-wishlist-after_add_to_cart"},"acf":[],"_links":{"self":[{"href":"https:\/\/www.makitamarket.com.tr\/site\/wp-json\/wp\/v2\/product\/10633","targetHints":{"allow":["GET"]}}],"collection":[{"href":"https:\/\/www.makitamarket.com.tr\/site\/wp-json\/wp\/v2\/product"}],"about":[{"href":"https:\/\/www.makitamarket.com.tr\/site\/wp-json\/wp\/v2\/types\/product"}],"replies":[{"embeddable":true,"href":"https:\/\/www.makitamarket.com.tr\/site\/wp-json\/wp\/v2\/comments?post=10633"}],"wp:featuredmedia":[{"embeddable":true,"href":"https:\/\/www.makitamarket.com.tr\/site\/wp-json\/wp\/v2\/media\/10632"}],"wp:attachment":[{"href":"https:\/\/www.makitamarket.com.tr\/site\/wp-json\/wp\/v2\/media?parent=10633"}],"wp:term":[{"taxonomy":"product_brand","embeddable":true,"href":"https:\/\/www.makitamarket.com.tr\/site\/wp-json\/wp\/v2\/product_brand?post=10633"},{"taxonomy":"product_cat","embeddable":true,"href":"https:\/\/www.makitamarket.com.tr\/site\/wp-json\/wp\/v2\/product_cat?post=10633"},{"taxonomy":"product_tag","embeddable":true,"href":"https:\/\/www.makitamarket.com.tr\/site\/wp-json\/wp\/v2\/product_tag?post=10633"}],"curies":[{"name":"wp","href":"https:\/\/api.w.org\/{rel}","templated":true}]}}