{"id":10661,"date":"2024-11-27T20:03:37","date_gmt":"2024-11-27T17:03:37","guid":{"rendered":"https:\/\/www.makitamarket.com.tr\/site\/urun\/makita-31-parcali-vidalama-manyetik-uc-seti\/"},"modified":"2026-04-06T13:21:11","modified_gmt":"2026-04-06T10:21:11","slug":"makita-31-parcali-vidalama-manyetik-uc-seti","status":"publish","type":"product","link":"https:\/\/www.makitamarket.com.tr\/site\/urun\/makita-31-parcali-vidalama-manyetik-uc-seti\/","title":{"rendered":"Makita D-30667-12 31 PAR\u00c7ALI V\u0130DALAMA + MANYET\u0130K U\u00c7 SET\u0130"},"content":{"rendered":"<p>\n\t\u00a0<\/p>\n<p>\n\t\u00a0<\/p>\n<table border=\"1\" cellpadding=\"1\" cellspacing=\"1\" height=\"189\" width=\"390\">\n<tbody>\n<tr>\n<td style=\"text-align: center;\">\n\t\t\t\t<strong>KOD<br \/>\n\t\t\t\t<\/strong><\/td>\n<td colspan=\"2\" rowspan=\"1\" style=\"text-align: center;\">\n\t\t\t\t<strong>\u00d6l\u00e7\u00fcler<br \/>\n\t\t\t\t<\/strong><\/td>\n<\/tr>\n<tr>\n<td colspan=\"1\" rowspan=\"4\" style=\"text-align: center;\">\n\t\t\t\t<span style=\"font-size:14px;\"><strong>D-30667-12<br \/>\n\t\t\t\t<\/strong><\/span><\/td>\n<td style=\"text-align: center;\">\n\t\t\t\t<img loading=\"lazy\" decoding=\"async\" alt=\"\" height=\"29\" src=\"\/images\/stories\/art\u01311.png\" width=\"31\" \/><\/td>\n<td style=\"text-align: center;\">\n\t\t\t\t2xPh1, 4xPh2, Ph3 x 25 mm<\/td>\n<\/tr>\n<tr>\n<td style=\"text-align: center;\">\n\t\t\t\t<img decoding=\"async\" alt=\"\" src=\"\/images\/stories\/art\u01312.png\" style=\"width: 29px; height: 30px;\" \/><\/td>\n<td style=\"text-align: center;\">\n\t\t\t\t2xPz1, 5xPz2, Pz3 x 25 mm<\/td>\n<\/tr>\n<tr>\n<td style=\"text-align: center;\">\n\t\t\t\t<img loading=\"lazy\" decoding=\"async\" alt=\"\" height=\"33\" src=\"\/images\/stories\/u\u00e7,.png\" width=\"30\" \/><\/td>\n<td style=\"text-align: center;\">\n\t\t\t\tSl4.0, Sl5.5, Sl6.5 x 25 mm<\/td>\n<\/tr>\n<tr>\n<td style=\"text-align: center;\">\n\t\t\t\t<img loading=\"lazy\" decoding=\"async\" alt=\"\" height=\"28\" src=\"\/images\/stories\/yildiz.png\" width=\"27\" \/><\/td>\n<td>\n<p style=\"text-align: center;\">\n\t\t\t\t\t2xT10, 2xT15, 2xT20,3xT25, 2xT30, T40 x 25 mm<\/p>\n<\/td>\n<\/tr>\n<\/tbody>\n<\/table>\n<table><\/table>\n","protected":false},"excerpt":{"rendered":"<p>\n\t\u00a0<\/p>\n<p>\n\t\u00a0<\/p>\n<table border=\"1\" cellpadding=\"1\" cellspacing=\"1\" height=\"189\" width=\"390\">\n<tbody>\n<tr>\n<td style=\"text-align: center;\">\n\t\t\t\t<strong>KOD<br \/>\n\t\t\t\t<\/strong><\/td>\n<td colspan=\"2\" rowspan=\"1\" style=\"text-align: center;\">\n\t\t\t\t<strong>\u00d6l\u00e7\u00fcler<br \/>\n\t\t\t\t<\/strong><\/td>\n<\/tr>\n<tr>\n<td colspan=\"1\" rowspan=\"4\" style=\"text-align: center;\">\n\t\t\t\t<span style=\"font-size:14px;\"><strong>D-30667-12<br \/>\n\t\t\t\t<\/strong><\/span><\/td>\n<td style=\"text-align: center;\">\n\t\t\t\t<img loading=\"lazy\" decoding=\"async\" alt=\"\" height=\"29\" src=\"\/images\/stories\/art\u01311.png\" width=\"31\" \/><\/td>\n<td style=\"text-align: center;\">\n\t\t\t\t2xPh1, 4xPh2, Ph3 x 25 mm<\/td>\n<\/tr>\n<tr>\n<td style=\"text-align: center;\">\n\t\t\t\t<img decoding=\"async\" alt=\"\" src=\"\/images\/stories\/art\u01312.png\" style=\"width: 29px; height: 30px;\" \/><\/td>\n<td style=\"text-align: center;\">\n\t\t\t\t2xPz1, 5xPz2, Pz3 x 25 mm<\/td>\n<\/tr>\n<tr>\n<td style=\"text-align: center;\">\n\t\t\t\t<img loading=\"lazy\" decoding=\"async\" alt=\"\" height=\"33\" src=\"\/images\/stories\/u\u00e7,.png\" width=\"30\" \/><\/td>\n<td style=\"text-align: center;\">\n\t\t\t\tSl4.0, Sl5.5, Sl6.5 x 25 mm<\/td>\n<\/tr>\n<tr>\n<td style=\"text-align: center;\">\n\t\t\t\t<img loading=\"lazy\" decoding=\"async\" alt=\"\" height=\"28\" src=\"\/images\/stories\/yildiz.png\" width=\"27\" \/><\/td>\n<td>\n<p style=\"text-align: center;\">\n\t\t\t\t\t2xT10, 2xT15, 2xT20,3xT25, 2xT30, T40 x 25 mm<\/p>\n<\/td>\n<\/tr>\n<\/tbody>\n<\/table>\n","protected":false},"featured_media":10660,"comment_status":"open","ping_status":"closed","template":"","meta":{"_acf_changed":false},"product_brand":[1485],"product_cat":[798],"product_tag":[],"class_list":{"0":"post-10661","1":"product","2":"type-product","3":"status-publish","4":"has-post-thumbnail","6":"product_brand-makita","7":"product_cat-vidalama-uc-setleri","9":"first","10":"outofstock","11":"taxable","12":"shipping-taxable","13":"purchasable","14":"product-type-simple","15":"add-to-wishlist-after_add_to_cart"},"acf":[],"_links":{"self":[{"href":"https:\/\/www.makitamarket.com.tr\/site\/wp-json\/wp\/v2\/product\/10661","targetHints":{"allow":["GET"]}}],"collection":[{"href":"https:\/\/www.makitamarket.com.tr\/site\/wp-json\/wp\/v2\/product"}],"about":[{"href":"https:\/\/www.makitamarket.com.tr\/site\/wp-json\/wp\/v2\/types\/product"}],"replies":[{"embeddable":true,"href":"https:\/\/www.makitamarket.com.tr\/site\/wp-json\/wp\/v2\/comments?post=10661"}],"wp:featuredmedia":[{"embeddable":true,"href":"https:\/\/www.makitamarket.com.tr\/site\/wp-json\/wp\/v2\/media\/10660"}],"wp:attachment":[{"href":"https:\/\/www.makitamarket.com.tr\/site\/wp-json\/wp\/v2\/media?parent=10661"}],"wp:term":[{"taxonomy":"product_brand","embeddable":true,"href":"https:\/\/www.makitamarket.com.tr\/site\/wp-json\/wp\/v2\/product_brand?post=10661"},{"taxonomy":"product_cat","embeddable":true,"href":"https:\/\/www.makitamarket.com.tr\/site\/wp-json\/wp\/v2\/product_cat?post=10661"},{"taxonomy":"product_tag","embeddable":true,"href":"https:\/\/www.makitamarket.com.tr\/site\/wp-json\/wp\/v2\/product_tag?post=10661"}],"curies":[{"name":"wp","href":"https:\/\/api.w.org\/{rel}","templated":true}]}}