{"id":10663,"date":"2024-11-27T20:03:37","date_gmt":"2024-11-27T17:03:37","guid":{"rendered":"https:\/\/www.makitamarket.com.tr\/site\/urun\/knipex-telefon-ve-jak-baglanti-pensesi-200-mm\/"},"modified":"2026-04-06T13:21:12","modified_gmt":"2026-04-06T10:21:12","slug":"knipex-telefon-ve-jak-baglanti-pensesi-200-mm","status":"publish","type":"product","link":"https:\/\/www.makitamarket.com.tr\/site\/urun\/knipex-telefon-ve-jak-baglanti-pensesi-200-mm\/","title":{"rendered":"Knipex 975112 TELEFON VE JAK BA\u011eLANTI PENSES\u0130 200 mm"},"content":{"rendered":"<p><b>97 51 12 Telefon Ba\u011flant\u0131 Pensi (Jak S\u0131kmak \u0130\u00e7in)<\/b><br \/>  Paralel s\u0131kma (krimpleme) sayesinde tam s\u0131kma i\u015flemi. C\u0131rc\u0131r mekanizmas\u0131 sayesinde tekrarlanabilen y\u00fcksek s\u0131kma kalitesi (kilidi a\u00e7\u0131labilir). Uygulanan kuvvet, yorulmadan \u00e7al\u0131\u015fma i\u00e7in kol aktar\u0131m\u0131 sayesinde g\u00fc\u00e7lendirilir. <\/p>\n<li><b>: <\/b>RJ 10 (4p) 7,65 mm RJ 11\/12 (6p) 9,65 mm RJ 45 (8p) 11,68 mm<\/li>\n<li><b>Yuva say\u0131s\u0131: <\/b>3<\/li>\n<li><b>: <\/b>Western soketi<\/li>\n<table>\n<tr>\n<td>Sap<\/td>\n<td>\u0130zole<\/td>\n<\/tr>\n<tr>\n<td>Uzunluk<\/td>\n<td>200<\/td>\n<\/tr>\n<tr>\n<td>Kapasite<\/td>\n<td>RJ10(4P) RJ11\/12(6P) RJ45(8P)<\/td>\n<\/tr>\n<tr>\n<td>Kullanma Yeri<\/td>\n<td>Telefon konnekt\u00f6r kablo ba\u011flant\u0131lar\u0131<\/td>\n<\/tr>\n<tr>\n<td>A\u011f\u0131rl\u0131k<\/td>\n<td>522 gr<\/td>\n<\/tr>\n<\/table>\n","protected":false},"excerpt":{"rendered":"<p><b>97 51 12 Telefon Ba\u011flant\u0131 Pensi (Jak S\u0131kmak \u0130\u00e7in)<\/b><br \/>  Paralel s\u0131kma (krimpleme) sayesinde tam s\u0131kma i\u015flemi. C\u0131rc\u0131r mekanizmas\u0131 sayesinde tekrarlanabilen y\u00fcksek s\u0131kma kalitesi (kilidi a\u00e7\u0131labilir). Uygulanan kuvvet, yorulmadan \u00e7al\u0131\u015fma i\u00e7in kol aktar\u0131m\u0131 sayesinde g\u00fc\u00e7lendirilir. <\/p>\n<li><b>: <\/b>RJ 10 (4p) 7,65 mm RJ 11\/12 (6p) 9,65 mm RJ 45 (8p) 11,68 mm<\/li>\n<li><b>Yuva say\u0131s\u0131: <\/b>3<\/li>\n<li><b>: <\/b>Western soketi<\/li>\n","protected":false},"featured_media":10662,"comment_status":"open","ping_status":"closed","template":"","meta":{"_acf_changed":false},"product_brand":[1486],"product_cat":[852],"product_tag":[],"class_list":{"0":"post-10663","1":"product","2":"type-product","3":"status-publish","4":"has-post-thumbnail","6":"product_brand-knipex","7":"product_cat-kablo-yuksuk-ve-pabuc-sikmalar","9":"first","10":"outofstock","11":"taxable","12":"shipping-taxable","13":"purchasable","14":"product-type-simple","15":"add-to-wishlist-after_add_to_cart"},"acf":[],"_links":{"self":[{"href":"https:\/\/www.makitamarket.com.tr\/site\/wp-json\/wp\/v2\/product\/10663","targetHints":{"allow":["GET"]}}],"collection":[{"href":"https:\/\/www.makitamarket.com.tr\/site\/wp-json\/wp\/v2\/product"}],"about":[{"href":"https:\/\/www.makitamarket.com.tr\/site\/wp-json\/wp\/v2\/types\/product"}],"replies":[{"embeddable":true,"href":"https:\/\/www.makitamarket.com.tr\/site\/wp-json\/wp\/v2\/comments?post=10663"}],"wp:featuredmedia":[{"embeddable":true,"href":"https:\/\/www.makitamarket.com.tr\/site\/wp-json\/wp\/v2\/media\/10662"}],"wp:attachment":[{"href":"https:\/\/www.makitamarket.com.tr\/site\/wp-json\/wp\/v2\/media?parent=10663"}],"wp:term":[{"taxonomy":"product_brand","embeddable":true,"href":"https:\/\/www.makitamarket.com.tr\/site\/wp-json\/wp\/v2\/product_brand?post=10663"},{"taxonomy":"product_cat","embeddable":true,"href":"https:\/\/www.makitamarket.com.tr\/site\/wp-json\/wp\/v2\/product_cat?post=10663"},{"taxonomy":"product_tag","embeddable":true,"href":"https:\/\/www.makitamarket.com.tr\/site\/wp-json\/wp\/v2\/product_tag?post=10663"}],"curies":[{"name":"wp","href":"https:\/\/api.w.org\/{rel}","templated":true}]}}