{"id":10678,"date":"2024-11-27T20:03:43","date_gmt":"2024-11-27T17:03:43","guid":{"rendered":"https:\/\/www.makitamarket.com.tr\/site\/urun\/promax-dekupaj-testere-makinasi-16\/"},"modified":"2025-07-11T19:41:05","modified_gmt":"2025-07-11T16:41:05","slug":"promax-dekupaj-testere-makinasi-16","status":"publish","type":"product","link":"https:\/\/www.makitamarket.com.tr\/site\/urun\/promax-dekupaj-testere-makinasi-16\/","title":{"rendered":"Promax PM72201 DEKUPAJ TESTERE MAK\u0130NASI 16&#8243;"},"content":{"rendered":"<table>\n<tr>\n<td>\u00c7al\u0131\u015fma Voltaj\u0131<\/td>\n<td>220V.AC~50Hz<\/td>\n<\/tr>\n<tr>\n<td>Tabla E\u011fimi<\/td>\n<td><\/td>\n<\/tr>\n<tr>\n<td>Motor G\u00fcc\u00fc<\/td>\n<td>120 Watt<\/td>\n<\/tr>\n<tr>\n<td>Kesme H\u0131z\u0131<\/td>\n<td>400-1600 d\/dak.<\/td>\n<\/tr>\n<tr>\n<td>Testere \u00d6l\u00e7\u00fcs\u00fc<\/td>\n<td>En: 2.6mm.  Boy : 133mm.  Kal\u0131nl\u0131k: 0.25mm<\/td>\n<\/tr>\n<tr>\n<td>Kesme Y\u00fcksekli\u011fi<\/td>\n<td>50 mm<\/td>\n<\/tr>\n<tr>\n<td>Testere Di\u015f Say\u0131s\u0131<\/td>\n<td>18 TPI<\/td>\n<\/tr>\n<tr>\n<td>Vuru\u015f Mesafesi<\/td>\n<td>15 mm.<\/td>\n<\/tr>\n<tr>\n<td>Tabla E\u011fim Ayar\u0131<\/td>\n<td>0\u00b0 \/ 45\u00b0<\/td>\n<\/tr>\n<tr>\n<td>Ebatlar<\/td>\n<td>En: 365mm.  Derinlik: 670mm. Y\u00fckseklik: 330mm.<\/td>\n<\/tr>\n<tr>\n<td>A\u011f\u0131rl\u0131k<\/td>\n<td>11 kg<\/td>\n<\/tr>\n<\/table>\n","protected":false},"excerpt":{"rendered":"<p>\u00c7al\u0131\u015fma Voltaj\u0131 220V.AC~50Hz Tabla E\u011fimi Motor G\u00fcc\u00fc 120 Watt Kesme H\u0131z\u0131 400-1600 d\/dak. Testere \u00d6l\u00e7\u00fcs\u00fc En: 2.6mm. Boy : 133mm. Kal\u0131nl\u0131k: 0.25mm Kesme Y\u00fcksekli\u011fi 50 mm Testere Di\u015f Say\u0131s\u0131 18<\/p>\n","protected":false},"featured_media":10677,"comment_status":"open","ping_status":"closed","template":"","meta":{"_acf_changed":false},"product_brand":[],"product_cat":[15],"product_tag":[],"class_list":{"0":"post-10678","1":"product","2":"type-product","3":"status-publish","4":"has-post-thumbnail","6":"product_cat-genel","8":"first","9":"outofstock","10":"taxable","11":"shipping-taxable","12":"purchasable","13":"product-type-simple","14":"add-to-wishlist-after_add_to_cart"},"acf":[],"_links":{"self":[{"href":"https:\/\/www.makitamarket.com.tr\/site\/wp-json\/wp\/v2\/product\/10678","targetHints":{"allow":["GET"]}}],"collection":[{"href":"https:\/\/www.makitamarket.com.tr\/site\/wp-json\/wp\/v2\/product"}],"about":[{"href":"https:\/\/www.makitamarket.com.tr\/site\/wp-json\/wp\/v2\/types\/product"}],"replies":[{"embeddable":true,"href":"https:\/\/www.makitamarket.com.tr\/site\/wp-json\/wp\/v2\/comments?post=10678"}],"wp:featuredmedia":[{"embeddable":true,"href":"https:\/\/www.makitamarket.com.tr\/site\/wp-json\/wp\/v2\/media\/10677"}],"wp:attachment":[{"href":"https:\/\/www.makitamarket.com.tr\/site\/wp-json\/wp\/v2\/media?parent=10678"}],"wp:term":[{"taxonomy":"product_brand","embeddable":true,"href":"https:\/\/www.makitamarket.com.tr\/site\/wp-json\/wp\/v2\/product_brand?post=10678"},{"taxonomy":"product_cat","embeddable":true,"href":"https:\/\/www.makitamarket.com.tr\/site\/wp-json\/wp\/v2\/product_cat?post=10678"},{"taxonomy":"product_tag","embeddable":true,"href":"https:\/\/www.makitamarket.com.tr\/site\/wp-json\/wp\/v2\/product_tag?post=10678"}],"curies":[{"name":"wp","href":"https:\/\/api.w.org\/{rel}","templated":true}]}}