{"id":10703,"date":"2024-11-27T20:03:59","date_gmt":"2024-11-27T17:03:59","guid":{"rendered":"https:\/\/www.makitamarket.com.tr\/site\/urun\/makita-sarj-cihazi-dc18rd\/"},"modified":"2026-04-06T13:22:05","modified_gmt":"2026-04-06T10:22:05","slug":"makita-sarj-cihazi-dc18rd","status":"publish","type":"product","link":"https:\/\/www.makitamarket.com.tr\/site\/urun\/makita-sarj-cihazi-dc18rd\/","title":{"rendered":"Makita 630868-6 SARJ C\u0130HAZI DC18RD"},"content":{"rendered":"<div id=\"cke_pastebin\">\n\tMakita DC18RD \u00c7ift \u0130stasyonlu H\u0131zl\u0131 \u015earj Cihaz\u0131 &#8211; 7.2 &#8211; 18V<\/div>\n<div>\n\t\u00a0<\/div>\n<div id=\"cke_pastebin\">\n\tMakita DC18RD \u00e7ift istasyonlu \u015farj cihaz\u0131 ayn\u0131 anda iki adet 18V Makita lityum ak\u00fc \u015farj edebilme yetene\u011fine sahiptir.<\/div>\n<div>\n\tAyr\u0131ca1 adet USB ba\u011flant\u0131 noktas\u0131 bulunmaktad\u0131r.1.5A g\u00fcc\u00fcnde \u00e7\u0131k\u0131\u015f sa\u011flar. Cep telefonu, tablet, MP3 v.s gibi ara\u00e7lar\u0131n\u0131z\u0131 USB ba\u011flant\u0131 sayesinde \u015farj edebilirsiniz.<\/div>\n<div>\n\tCPU Ba\u011flant\u0131s\u0131 ile \u015farj cihaz\u0131 \u00fczerinde bulunan CPU (veri \u0130\u015flemcisi) ba\u011flant\u0131s\u0131 arac\u0131l\u0131\u011f\u0131 ile \u015farj cihaz\u0131na aktar\u0131lan bilgiler analiz edilir. (y\u00fcksek s\u0131cakl\u0131k, a\u015f\u0131r\u0131 \u015farj,de\u015farj)<\/div>\n<div>\n\tHava so\u011futma fan\u0131 \u015farj s\u00fcresini en aza indirir. Ak\u00fc kullan\u0131m sonucu y\u00fcksek s\u0131cakl\u0131\u011fa ula\u015fm\u0131\u015f olan piin, so\u011fumas\u0131n\u0131n ve \u015farj olurken \u0131s\u0131nmas\u0131 engeller.\u00a0Ak\u00fc so\u011furken ayn\u0131 zamanda optimum \u015farj (aktif ak\u0131m kontrol\u00fc, aktif s\u0131cakl\u0131k kontrol\u00fc, aktif voltaj kontrol\u00fc)sa\u011flanm\u0131\u015f olur.<\/div>\n<div>\n\t\u00a0<\/div>\n<div>\n\tDuyulabilir bir ses ile tam \u015farj uyar\u0131s\u0131 verir. Ayn\u0131 zamanda LED \u0131\u015f\u0131k ile \u015earj\u0131n dolulu\u011funu ekranda g\u00f6sterir.<\/div>\n<div>\n\tLED \u0131\u015f\u0131kl\u0131 dijital g\u00fc\u00e7 g\u00f6stergesi +% 80,% 100, -80% oran\u0131 olarak ak\u00fcn\u00fcn ve mevcut \u015farj seviyesi durumunu g\u00f6sterir<\/div>\n<div>\n\t\u00a0<\/div>\n<div>\n\t\u015earj s\u00fcresi, 1 adet ak\u00fc i\u00e7in DC18RC ayn\u0131d\u0131r.\u00a0<\/div>\n<div>\n\t\u0130ki adet 1.5Ah Ak\u00fc \u015earj S\u00fcresi &#8211; 15 dakika<\/div>\n<div>\n\t\u0130ki adet 3.0Ah Ak\u00fc \u015earj S\u00fcresi &#8211;\u00a0<span style=\"font-family: sans-serif; font-size: 13px; line-height: 16.003px;\">22 dakika\u00a0<\/span><\/div>\n<div>\n\t\u0130ki adet 4.0Ah Ak\u00fc \u015earj S\u00fcresi &#8211;\u00a0<span style=\"font-family: sans-serif; font-size: 13px; line-height: 16.003px;\">36\u00a0<\/span><span style=\"font-family: sans-serif; font-size: 13px; line-height: 16.003px;\">dakika\u00a0<\/span><span style=\"font-family: sans-serif; font-size: 13px; line-height: 16.003px;\">\u00a0<\/span><\/div>\n<div>\n\t\u0130ki adet 4.0Ah Ak\u00fc \u015earj S\u00fcresi &#8211;\u00a0<span style=\"font-family: sans-serif; font-size: 13px; line-height: 16.003px;\">45\u00a0<\/span><span style=\"font-family: sans-serif; font-size: 13px; line-height: 16.003px;\">dakika\u00a0<\/span><span style=\"font-family: sans-serif; font-size: 13px; line-height: 16.003px;\">\u00a0<\/span><span style=\"font-family: sans-serif; font-size: 13px; line-height: 16.003px;\">\u00a0<\/span><\/div>\n<table>\n<tr>\n<td>Kapasite<\/td>\n<td>7.2V &#8211; 18V<\/td>\n<\/tr>\n<\/table>\n","protected":false},"excerpt":{"rendered":"<div id=\"cke_pastebin\">\n\tMakita DC18RD \u00c7ift \u0130stasyonlu H\u0131zl\u0131 \u015earj Cihaz\u0131 &#8211; 7.2 &#8211; 18V<\/div>\n<div>\n\t\u00a0<\/div>\n<div id=\"cke_pastebin\">\n\tMakita DC18RD \u00e7ift istasyonlu \u015farj cihaz\u0131 ayn\u0131 anda iki adet 18V Makita lityum ak\u00fc \u015farj edebilme yetene\u011fine sahiptir.<\/div>\n<div>\n\tAyr\u0131ca1 adet USB ba\u011flant\u0131 noktas\u0131 bulunmaktad\u0131r.1.5A g\u00fcc\u00fcnde \u00e7\u0131k\u0131\u015f sa\u011flar. Cep telefonu, tablet, MP3 v.s gibi ara\u00e7lar\u0131n\u0131z\u0131 USB ba\u011flant\u0131 sayesinde \u015farj edebilirsiniz.<\/div>\n<div>\n\tCPU Ba\u011flant\u0131s\u0131 ile \u015farj cihaz\u0131 \u00fczerinde bulunan CPU (veri \u0130\u015flemcisi) ba\u011flant\u0131s\u0131 arac\u0131l\u0131\u011f\u0131 ile \u015farj cihaz\u0131na aktar\u0131lan bilgiler analiz edilir. (y\u00fcksek s\u0131cakl\u0131k, a\u015f\u0131r\u0131 \u015farj,de\u015farj)<\/div>\n<div>\n\tHava so\u011futma fan\u0131 \u015farj s\u00fcresini en aza indirir. Ak\u00fc kullan\u0131m sonucu y\u00fcksek s\u0131cakl\u0131\u011fa ula\u015fm\u0131\u015f olan piin, so\u011fumas\u0131n\u0131n ve \u015farj olurken \u0131s\u0131nmas\u0131 engeller.\u00a0Ak\u00fc so\u011furken ayn\u0131 zamanda optimum \u015farj (aktif ak\u0131m kontrol\u00fc, aktif s\u0131cakl\u0131k kontrol\u00fc, aktif voltaj kontrol\u00fc)sa\u011flanm\u0131\u015f olur.<\/div>\n<div>\n\t\u00a0<\/div>\n<div>\n\tDuyulabilir bir ses ile tam \u015farj uyar\u0131s\u0131 verir. Ayn\u0131 zamanda LED \u0131\u015f\u0131k ile \u015earj\u0131n dolulu\u011funu ekranda g\u00f6sterir.<\/div>\n<div>\n\tLED \u0131\u015f\u0131kl\u0131 dijital g\u00fc\u00e7 g\u00f6stergesi +% 80,% 100, -80% oran\u0131 olarak ak\u00fcn\u00fcn ve mevcut \u015farj seviyesi durumunu g\u00f6sterir<\/div>\n<div>\n\t\u00a0<\/div>\n<div>\n\t\u015earj s\u00fcresi, 1 adet ak\u00fc i\u00e7in DC18RC ayn\u0131d\u0131r.\u00a0<\/div>\n<div>\n\t\u0130ki adet 1.5Ah Ak\u00fc \u015earj S\u00fcresi &#8211; 15 dakika<\/div>\n<div>\n\t\u0130ki adet 3.0Ah Ak\u00fc \u015earj S\u00fcresi &#8211;\u00a0<span style=\"font-family: sans-serif; font-size: 13px; line-height: 16.003px;\">22 dakika\u00a0<\/span><\/div>\n<div>\n\t\u0130ki adet 4.0Ah Ak\u00fc \u015earj S\u00fcresi &#8211;\u00a0<span style=\"font-family: sans-serif; font-size: 13px; line-height: 16.003px;\">36\u00a0<\/span><span style=\"font-family: sans-serif; font-size: 13px; line-height: 16.003px;\">dakika\u00a0<\/span><span style=\"font-family: sans-serif; font-size: 13px; line-height: 16.003px;\">\u00a0<\/span><\/div>\n<div>\n\t\u0130ki adet 4.0Ah Ak\u00fc \u015earj S\u00fcresi &#8211;\u00a0<span style=\"font-family: sans-serif; font-size: 13px; line-height: 16.003px;\">45\u00a0<\/span><span style=\"font-family: sans-serif; font-size: 13px; line-height: 16.003px;\">dakika\u00a0<\/span><span style=\"font-family: sans-serif; font-size: 13px; line-height: 16.003px;\">\u00a0<\/span><span style=\"font-family: sans-serif; font-size: 13px; line-height: 16.003px;\">\u00a0<\/span><\/div>\n","protected":false},"featured_media":10702,"comment_status":"open","ping_status":"closed","template":"","meta":{"_acf_changed":false},"product_brand":[1485],"product_cat":[1025],"product_tag":[],"class_list":{"0":"post-10703","1":"product","2":"type-product","3":"status-publish","4":"has-post-thumbnail","6":"product_brand-makita","7":"product_cat-lityum-iyon-sarj-cihazlari","9":"first","10":"instock","11":"taxable","12":"shipping-taxable","13":"purchasable","14":"product-type-simple","15":"add-to-wishlist-after_add_to_cart"},"acf":[],"_links":{"self":[{"href":"https:\/\/www.makitamarket.com.tr\/site\/wp-json\/wp\/v2\/product\/10703","targetHints":{"allow":["GET"]}}],"collection":[{"href":"https:\/\/www.makitamarket.com.tr\/site\/wp-json\/wp\/v2\/product"}],"about":[{"href":"https:\/\/www.makitamarket.com.tr\/site\/wp-json\/wp\/v2\/types\/product"}],"replies":[{"embeddable":true,"href":"https:\/\/www.makitamarket.com.tr\/site\/wp-json\/wp\/v2\/comments?post=10703"}],"wp:featuredmedia":[{"embeddable":true,"href":"https:\/\/www.makitamarket.com.tr\/site\/wp-json\/wp\/v2\/media\/10702"}],"wp:attachment":[{"href":"https:\/\/www.makitamarket.com.tr\/site\/wp-json\/wp\/v2\/media?parent=10703"}],"wp:term":[{"taxonomy":"product_brand","embeddable":true,"href":"https:\/\/www.makitamarket.com.tr\/site\/wp-json\/wp\/v2\/product_brand?post=10703"},{"taxonomy":"product_cat","embeddable":true,"href":"https:\/\/www.makitamarket.com.tr\/site\/wp-json\/wp\/v2\/product_cat?post=10703"},{"taxonomy":"product_tag","embeddable":true,"href":"https:\/\/www.makitamarket.com.tr\/site\/wp-json\/wp\/v2\/product_tag?post=10703"}],"curies":[{"name":"wp","href":"https:\/\/api.w.org\/{rel}","templated":true}]}}