{"id":10705,"date":"2024-11-27T20:04:00","date_gmt":"2024-11-27T17:04:00","guid":{"rendered":"https:\/\/www.makitamarket.com.tr\/site\/urun\/makita-zentro-serisi-sds-max-dort-elmasli-uc-28x1320-mm\/"},"modified":"2026-04-13T19:46:39","modified_gmt":"2026-04-13T16:46:39","slug":"makita-zentro-serisi-sds-max-dort-elmasli-uc-28x1320-mm","status":"publish","type":"product","link":"https:\/\/www.makitamarket.com.tr\/site\/urun\/makita-zentro-serisi-sds-max-dort-elmasli-uc-28x1320-mm\/","title":{"rendered":"Makita P-78003 ZENTRO SER\u0130S\u0130 SDS MAX D\u00d6RT ELMASLI U\u00c7 28&#215;1320 mm"},"content":{"rendered":"<table>\n<tr>\n<td>Matkap \u00c7ap\u0131<\/td>\n<td>28<\/td>\n<\/tr>\n<tr>\n<td>Matkap Boyu<\/td>\n<td>1320<\/td>\n<\/tr>\n<tr>\n<td>\u00c7al\u0131\u015fma Uzunlu\u011fu<\/td>\n<td>1200<\/td>\n<\/tr>\n<tr>\n<td>\u00c7ap<\/td>\n<td>28 mm<\/td>\n<\/tr>\n<tr>\n<td>Uzunluk<\/td>\n<td>1320 mm<\/td>\n<\/tr>\n<tr>\n<td>\u00c7al\u0131\u015fma Uzunlu\u011fu<\/td>\n<td>1200 mm<\/td>\n<\/tr>\n<\/table>\n","protected":false},"excerpt":{"rendered":"<p>Matkap \u00c7ap\u0131 28 Matkap Boyu 1320 \u00c7al\u0131\u015fma Uzunlu\u011fu 1200 \u00c7ap 28 mm Uzunluk 1320 mm \u00c7al\u0131\u015fma Uzunlu\u011fu 1200 mm<\/p>\n","protected":false},"featured_media":10704,"comment_status":"open","ping_status":"closed","template":"","meta":{"_acf_changed":false},"product_brand":[1485],"product_cat":[809],"product_tag":[],"class_list":{"0":"post-10705","1":"product","2":"type-product","3":"status-publish","4":"has-post-thumbnail","6":"product_brand-makita","7":"product_cat-sds-max-uclar","9":"first","10":"instock","11":"taxable","12":"shipping-taxable","13":"purchasable","14":"product-type-simple","15":"add-to-wishlist-after_add_to_cart"},"acf":[],"_links":{"self":[{"href":"https:\/\/www.makitamarket.com.tr\/site\/wp-json\/wp\/v2\/product\/10705","targetHints":{"allow":["GET"]}}],"collection":[{"href":"https:\/\/www.makitamarket.com.tr\/site\/wp-json\/wp\/v2\/product"}],"about":[{"href":"https:\/\/www.makitamarket.com.tr\/site\/wp-json\/wp\/v2\/types\/product"}],"replies":[{"embeddable":true,"href":"https:\/\/www.makitamarket.com.tr\/site\/wp-json\/wp\/v2\/comments?post=10705"}],"wp:featuredmedia":[{"embeddable":true,"href":"https:\/\/www.makitamarket.com.tr\/site\/wp-json\/wp\/v2\/media\/10704"}],"wp:attachment":[{"href":"https:\/\/www.makitamarket.com.tr\/site\/wp-json\/wp\/v2\/media?parent=10705"}],"wp:term":[{"taxonomy":"product_brand","embeddable":true,"href":"https:\/\/www.makitamarket.com.tr\/site\/wp-json\/wp\/v2\/product_brand?post=10705"},{"taxonomy":"product_cat","embeddable":true,"href":"https:\/\/www.makitamarket.com.tr\/site\/wp-json\/wp\/v2\/product_cat?post=10705"},{"taxonomy":"product_tag","embeddable":true,"href":"https:\/\/www.makitamarket.com.tr\/site\/wp-json\/wp\/v2\/product_tag?post=10705"}],"curies":[{"name":"wp","href":"https:\/\/api.w.org\/{rel}","templated":true}]}}