{"id":10709,"date":"2024-11-27T20:04:01","date_gmt":"2024-11-27T17:04:01","guid":{"rendered":"https:\/\/www.makitamarket.com.tr\/site\/urun\/uni-t-yuksek-hassasiyet-kacak-akim-pensmetre\/"},"modified":"2026-04-06T13:22:07","modified_gmt":"2026-04-06T10:22:07","slug":"uni-t-yuksek-hassasiyet-kacak-akim-pensmetre","status":"publish","type":"product","link":"https:\/\/www.makitamarket.com.tr\/site\/urun\/uni-t-yuksek-hassasiyet-kacak-akim-pensmetre\/","title":{"rendered":"Uni-t UT251C Y\u00dcKSEK HASSAS\u0130YET KA\u00c7AK AKIM PENSMETRE"},"content":{"rendered":"<table>\n<tr>\n<td>AC Ka\u00e7ak Ak\u0131m (Hassasiyet)<\/td>\n<td>60A\u00b1(1.5%\u00b15)<\/td>\n<\/tr>\n<tr>\n<td>Voltaj (Frekans)<\/td>\n<td>600V (50Hz\/60Hz)<\/td>\n<\/tr>\n<tr>\n<td>\u00c7\u00f6z\u00fcn\u00fcrl\u00fck<\/td>\n<td>1\u00b5A<\/td>\n<\/tr>\n<tr>\n<td>Pens Kapasitesi<\/td>\n<td>25 mm x 30 mm<\/td>\n<\/tr>\n<tr>\n<td>Test Modu<\/td>\n<td>Pens CT, \u0130ntegral Yakla\u015f\u0131m<\/td>\n<\/tr>\n<tr>\n<td>A\u011f\u0131rl\u0131k<\/td>\n<td>601 g<\/td>\n<\/tr>\n<tr>\n<td>Boyutlar<\/td>\n<td>303 mm x 112 mm x 39 mm<\/td>\n<\/tr>\n<tr>\n<td>Standart Aksesuarlar<\/td>\n<td>Batarya, RS-232 aray\u00fcz kablosu, PC yaz\u0131l\u0131m CD&#8217;si, Kullan\u0131m Klavuzu<\/td>\n<\/tr>\n<\/table>\n","protected":false},"excerpt":{"rendered":"<p>AC Ka\u00e7ak Ak\u0131m (Hassasiyet) 60A\u00b1(1.5%\u00b15) Voltaj (Frekans) 600V (50Hz\/60Hz) \u00c7\u00f6z\u00fcn\u00fcrl\u00fck 1\u00b5A Pens Kapasitesi 25 mm x 30 mm Test Modu Pens CT, \u0130ntegral Yakla\u015f\u0131m A\u011f\u0131rl\u0131k 601 g Boyutlar 303 mm<\/p>\n","protected":false},"featured_media":10708,"comment_status":"open","ping_status":"closed","template":"","meta":{"_acf_changed":false},"product_brand":[1531],"product_cat":[1081],"product_tag":[],"class_list":{"0":"post-10709","1":"product","2":"type-product","3":"status-publish","4":"has-post-thumbnail","6":"product_brand-uni-t","7":"product_cat-pensampermetreler","9":"first","10":"instock","11":"taxable","12":"shipping-taxable","13":"purchasable","14":"product-type-simple","15":"add-to-wishlist-after_add_to_cart"},"acf":[],"_links":{"self":[{"href":"https:\/\/www.makitamarket.com.tr\/site\/wp-json\/wp\/v2\/product\/10709","targetHints":{"allow":["GET"]}}],"collection":[{"href":"https:\/\/www.makitamarket.com.tr\/site\/wp-json\/wp\/v2\/product"}],"about":[{"href":"https:\/\/www.makitamarket.com.tr\/site\/wp-json\/wp\/v2\/types\/product"}],"replies":[{"embeddable":true,"href":"https:\/\/www.makitamarket.com.tr\/site\/wp-json\/wp\/v2\/comments?post=10709"}],"wp:featuredmedia":[{"embeddable":true,"href":"https:\/\/www.makitamarket.com.tr\/site\/wp-json\/wp\/v2\/media\/10708"}],"wp:attachment":[{"href":"https:\/\/www.makitamarket.com.tr\/site\/wp-json\/wp\/v2\/media?parent=10709"}],"wp:term":[{"taxonomy":"product_brand","embeddable":true,"href":"https:\/\/www.makitamarket.com.tr\/site\/wp-json\/wp\/v2\/product_brand?post=10709"},{"taxonomy":"product_cat","embeddable":true,"href":"https:\/\/www.makitamarket.com.tr\/site\/wp-json\/wp\/v2\/product_cat?post=10709"},{"taxonomy":"product_tag","embeddable":true,"href":"https:\/\/www.makitamarket.com.tr\/site\/wp-json\/wp\/v2\/product_tag?post=10709"}],"curies":[{"name":"wp","href":"https:\/\/api.w.org\/{rel}","templated":true}]}}