{"id":10726,"date":"2024-11-27T20:04:08","date_gmt":"2024-11-27T17:04:08","guid":{"rendered":"https:\/\/www.makitamarket.com.tr\/site\/urun\/vivastar-caraskal-3-ton-5-mt\/"},"modified":"2026-03-30T07:51:38","modified_gmt":"2026-03-30T04:51:38","slug":"vivastar-caraskal-3-ton-5-mt","status":"publish","type":"product","link":"https:\/\/www.makitamarket.com.tr\/site\/urun\/vivastar-caraskal-3-ton-5-mt\/","title":{"rendered":"Vivastar VS20313 CARASKAL 3 TON 5 mt"},"content":{"rendered":"<table>\n<tr>\n<td>Ta\u015f\u0131ma<\/td>\n<td>3 Ton<\/td>\n<\/tr>\n<tr>\n<td>Kald\u0131rma<\/td>\n<td>5 mt<\/td>\n<\/tr>\n<tr>\n<td>Standart\u0131<\/td>\n<td>CE<\/td>\n<\/tr>\n<\/table>\n","protected":false},"excerpt":{"rendered":"<p>Ta\u015f\u0131ma 3 Ton Kald\u0131rma 5 mt Standart\u0131 CE<\/p>\n","protected":false},"featured_media":10725,"comment_status":"open","ping_status":"closed","template":"","meta":{"_acf_changed":false},"product_brand":[1509],"product_cat":[1565],"product_tag":[],"class_list":{"0":"post-10726","1":"product","2":"type-product","3":"status-publish","4":"has-post-thumbnail","6":"product_brand-vivastar","7":"product_cat-yok-yok","9":"first","10":"outofstock","11":"taxable","12":"shipping-taxable","13":"purchasable","14":"product-type-simple","15":"add-to-wishlist-after_add_to_cart"},"acf":[],"_links":{"self":[{"href":"https:\/\/www.makitamarket.com.tr\/site\/wp-json\/wp\/v2\/product\/10726","targetHints":{"allow":["GET"]}}],"collection":[{"href":"https:\/\/www.makitamarket.com.tr\/site\/wp-json\/wp\/v2\/product"}],"about":[{"href":"https:\/\/www.makitamarket.com.tr\/site\/wp-json\/wp\/v2\/types\/product"}],"replies":[{"embeddable":true,"href":"https:\/\/www.makitamarket.com.tr\/site\/wp-json\/wp\/v2\/comments?post=10726"}],"wp:featuredmedia":[{"embeddable":true,"href":"https:\/\/www.makitamarket.com.tr\/site\/wp-json\/wp\/v2\/media\/10725"}],"wp:attachment":[{"href":"https:\/\/www.makitamarket.com.tr\/site\/wp-json\/wp\/v2\/media?parent=10726"}],"wp:term":[{"taxonomy":"product_brand","embeddable":true,"href":"https:\/\/www.makitamarket.com.tr\/site\/wp-json\/wp\/v2\/product_brand?post=10726"},{"taxonomy":"product_cat","embeddable":true,"href":"https:\/\/www.makitamarket.com.tr\/site\/wp-json\/wp\/v2\/product_cat?post=10726"},{"taxonomy":"product_tag","embeddable":true,"href":"https:\/\/www.makitamarket.com.tr\/site\/wp-json\/wp\/v2\/product_tag?post=10726"}],"curies":[{"name":"wp","href":"https:\/\/api.w.org\/{rel}","templated":true}]}}