{"id":10744,"date":"2024-11-27T20:04:14","date_gmt":"2024-11-27T17:04:14","guid":{"rendered":"https:\/\/www.makitamarket.com.tr\/site\/urun\/makita-kilavuz-rayi-3-0-m\/"},"modified":"2026-04-06T13:23:00","modified_gmt":"2026-04-06T10:23:00","slug":"makita-kilavuz-rayi-3-0-m","status":"publish","type":"product","link":"https:\/\/www.makitamarket.com.tr\/site\/urun\/makita-kilavuz-rayi-3-0-m\/","title":{"rendered":"Makita 194367-7 KILAVUZ RAYI 3.0 m"},"content":{"rendered":"<p>\n\t<span id=\"result_box\" lang=\"tr\"><span>P\u00fcr\u00fczs\u00fcz, d\u00fcz kesim veya e\u011fimli kesim yapmak i\u00e7in kullan\u0131l\u0131r.<\/span> <span>Sadece kesim yapmaktan ziyade ayn\u0131 zamanda kesim esnas\u0131nda g\u00fcvenli\u011finizi de artt\u0131rm\u0131\u015f olursunuz.<\/span><\/span><\/p>\n<table>\n<tr>\n<td>Uzunluk<\/td>\n<td>3000 mm<\/td>\n<\/tr>\n<\/table>\n","protected":false},"excerpt":{"rendered":"<p>\n\t<span id=\"result_box\" lang=\"tr\"><span>P\u00fcr\u00fczs\u00fcz, d\u00fcz kesim veya e\u011fimli kesim yapmak i\u00e7in kullan\u0131l\u0131r.<\/span> <span>Sadece kesim yapmaktan ziyade ayn\u0131 zamanda kesim esnas\u0131nda g\u00fcvenli\u011finizi de artt\u0131rm\u0131\u015f olursunuz.<\/span><\/span><\/p>\n","protected":false},"featured_media":10743,"comment_status":"open","ping_status":"closed","template":"","meta":{"_acf_changed":false},"product_brand":[1485],"product_cat":[1083],"product_tag":[],"class_list":{"0":"post-10744","1":"product","2":"type-product","3":"status-publish","4":"has-post-thumbnail","6":"product_brand-makita","7":"product_cat-kilavuz-raylari-ve-adaptorleri","9":"first","10":"instock","11":"taxable","12":"shipping-taxable","13":"purchasable","14":"product-type-simple","15":"add-to-wishlist-after_add_to_cart"},"acf":[],"_links":{"self":[{"href":"https:\/\/www.makitamarket.com.tr\/site\/wp-json\/wp\/v2\/product\/10744","targetHints":{"allow":["GET"]}}],"collection":[{"href":"https:\/\/www.makitamarket.com.tr\/site\/wp-json\/wp\/v2\/product"}],"about":[{"href":"https:\/\/www.makitamarket.com.tr\/site\/wp-json\/wp\/v2\/types\/product"}],"replies":[{"embeddable":true,"href":"https:\/\/www.makitamarket.com.tr\/site\/wp-json\/wp\/v2\/comments?post=10744"}],"wp:featuredmedia":[{"embeddable":true,"href":"https:\/\/www.makitamarket.com.tr\/site\/wp-json\/wp\/v2\/media\/10743"}],"wp:attachment":[{"href":"https:\/\/www.makitamarket.com.tr\/site\/wp-json\/wp\/v2\/media?parent=10744"}],"wp:term":[{"taxonomy":"product_brand","embeddable":true,"href":"https:\/\/www.makitamarket.com.tr\/site\/wp-json\/wp\/v2\/product_brand?post=10744"},{"taxonomy":"product_cat","embeddable":true,"href":"https:\/\/www.makitamarket.com.tr\/site\/wp-json\/wp\/v2\/product_cat?post=10744"},{"taxonomy":"product_tag","embeddable":true,"href":"https:\/\/www.makitamarket.com.tr\/site\/wp-json\/wp\/v2\/product_tag?post=10744"}],"curies":[{"name":"wp","href":"https:\/\/api.w.org\/{rel}","templated":true}]}}