{"id":10746,"date":"2024-11-27T20:04:14","date_gmt":"2024-11-27T17:04:14","guid":{"rendered":"https:\/\/www.makitamarket.com.tr\/site\/urun\/biglift-merdiven-cikabilen-el-arabasi\/"},"modified":"2026-04-06T13:23:02","modified_gmt":"2026-04-06T10:23:02","slug":"biglift-merdiven-cikabilen-el-arabasi","status":"publish","type":"product","link":"https:\/\/www.makitamarket.com.tr\/site\/urun\/biglift-merdiven-cikabilen-el-arabasi\/","title":{"rendered":"Biglift RM-LPS20 MERD\u0130VEN \u00c7IKAB\u0130LEN EL ARABASI"},"content":{"rendered":"<p> 3 tekerden olu\u015fan dolgulu ve rulmanl\u0131 lastik tekerleri sayesinde y\u00fcklerin merdivenlerde kolayca ta\u015f\u0131nmas\u0131n\u0131 sa\u011flayan bir ekipmand\u0131r. G\u00fc\u00e7lendirilmi\u015f \u00e7elik veya al\u00fcminyumdan \u00fcretilmi\u015f sa\u011flam bir g\u00f6vdeye sahiptir.<\/p>\n<table>\n<tr>\n<td>Kapasite<\/td>\n<td>200<\/td>\n<\/tr>\n<tr>\n<td>Y\u00fckseklik<\/td>\n<td>1300&#215;460<\/td>\n<\/tr>\n<tr>\n<td>Tabla \u00d6l\u00e7\u00fcleri<\/td>\n<td>330&#215;220 mm<\/td>\n<\/tr>\n<tr>\n<td>Teker Tipi<\/td>\n<td>Dolgu Teker<\/td>\n<\/tr>\n<tr>\n<td>Teker \u00d6l\u00e7\u00fcleri<\/td>\n<td>160&#215;40<\/td>\n<\/tr>\n<\/table>\n","protected":false},"excerpt":{"rendered":"<p> 3 tekerden olu\u015fan dolgulu ve rulmanl\u0131 lastik tekerleri sayesinde y\u00fcklerin merdivenlerde kolayca ta\u015f\u0131nmas\u0131n\u0131 sa\u011flayan bir ekipmand\u0131r. G\u00fc\u00e7lendirilmi\u015f \u00e7elik veya al\u00fcminyumdan \u00fcretilmi\u015f sa\u011flam bir g\u00f6vdeye sahiptir.<\/p>\n","protected":false},"featured_media":10745,"comment_status":"open","ping_status":"closed","template":"","meta":{"_acf_changed":false},"product_brand":[1490],"product_cat":[858],"product_tag":[],"class_list":{"0":"post-10746","1":"product","2":"type-product","3":"status-publish","4":"has-post-thumbnail","6":"product_brand-biglift","7":"product_cat-paket-tasimalar","9":"first","10":"instock","11":"taxable","12":"shipping-taxable","13":"purchasable","14":"product-type-simple","15":"add-to-wishlist-after_add_to_cart"},"acf":[],"_links":{"self":[{"href":"https:\/\/www.makitamarket.com.tr\/site\/wp-json\/wp\/v2\/product\/10746","targetHints":{"allow":["GET"]}}],"collection":[{"href":"https:\/\/www.makitamarket.com.tr\/site\/wp-json\/wp\/v2\/product"}],"about":[{"href":"https:\/\/www.makitamarket.com.tr\/site\/wp-json\/wp\/v2\/types\/product"}],"replies":[{"embeddable":true,"href":"https:\/\/www.makitamarket.com.tr\/site\/wp-json\/wp\/v2\/comments?post=10746"}],"wp:featuredmedia":[{"embeddable":true,"href":"https:\/\/www.makitamarket.com.tr\/site\/wp-json\/wp\/v2\/media\/10745"}],"wp:attachment":[{"href":"https:\/\/www.makitamarket.com.tr\/site\/wp-json\/wp\/v2\/media?parent=10746"}],"wp:term":[{"taxonomy":"product_brand","embeddable":true,"href":"https:\/\/www.makitamarket.com.tr\/site\/wp-json\/wp\/v2\/product_brand?post=10746"},{"taxonomy":"product_cat","embeddable":true,"href":"https:\/\/www.makitamarket.com.tr\/site\/wp-json\/wp\/v2\/product_cat?post=10746"},{"taxonomy":"product_tag","embeddable":true,"href":"https:\/\/www.makitamarket.com.tr\/site\/wp-json\/wp\/v2\/product_tag?post=10746"}],"curies":[{"name":"wp","href":"https:\/\/api.w.org\/{rel}","templated":true}]}}