{"id":10751,"date":"2024-11-27T20:04:15","date_gmt":"2024-11-27T17:04:15","guid":{"rendered":"https:\/\/www.makitamarket.com.tr\/site\/urun\/makita-mt-dairesel-sunta-kesme-testere-190x2x30-mm\/"},"modified":"2026-04-06T13:23:07","modified_gmt":"2026-04-06T10:23:07","slug":"makita-mt-dairesel-sunta-kesme-testere-190x2x30-mm","status":"publish","type":"product","link":"https:\/\/www.makitamarket.com.tr\/site\/urun\/makita-mt-dairesel-sunta-kesme-testere-190x2x30-mm\/","title":{"rendered":"Makita MT M5802B DA\u0130RESEL (SUNTA KESME) TESTERE 190x2x30 mm"},"content":{"rendered":"<table>\n<tr>\n<td>S\u00fcrekli Ak\u0131m Giri\u015fi<\/td>\n<td>1.050W<\/td>\n<\/tr>\n<tr>\n<td>Kapasite 45\u00b0<\/td>\n<td>46mm<\/td>\n<\/tr>\n<tr>\n<td>Kapasite 90\u00b0<\/td>\n<td>68mm<\/td>\n<\/tr>\n<tr>\n<td>Testere \u00d6l\u00e7\u00fcleri<\/td>\n<td>190x2x30mm<\/td>\n<\/tr>\n<tr>\n<td>Net A\u011f\u0131rl\u0131k<\/td>\n<td>4.0Kg<\/td>\n<\/tr>\n<tr>\n<td>Bo\u015ftaki devir say\u0131s\u0131<\/td>\n<td>4.900 devir\/dk<\/td>\n<\/tr>\n<tr>\n<td>Ak\u0131m<\/td>\n<td>4.6Ah<\/td>\n<\/tr>\n<tr>\n<td>Ambalaj \u0130\u00e7eri\u011fi<\/td>\n<td>Daire testere, Kenar g\u00f6nye, Allen anahtar<\/td>\n<\/tr>\n<\/table>\n","protected":false},"excerpt":{"rendered":"<p>S\u00fcrekli Ak\u0131m Giri\u015fi 1.050W Kapasite 45\u00b0 46mm Kapasite 90\u00b0 68mm Testere \u00d6l\u00e7\u00fcleri 190x2x30mm Net A\u011f\u0131rl\u0131k 4.0Kg Bo\u015ftaki devir say\u0131s\u0131 4.900 devir\/dk Ak\u0131m 4.6Ah Ambalaj \u0130\u00e7eri\u011fi Daire testere, Kenar g\u00f6nye, Allen<\/p>\n","protected":false},"featured_media":10750,"comment_status":"open","ping_status":"closed","template":"","meta":{"_acf_changed":false},"product_brand":[1528],"product_cat":[1565],"product_tag":[],"class_list":{"0":"post-10751","1":"product","2":"type-product","3":"status-publish","4":"has-post-thumbnail","6":"product_brand-makita-mt","7":"product_cat-yok-yok","9":"first","10":"instock","11":"taxable","12":"shipping-taxable","13":"purchasable","14":"product-type-simple","15":"add-to-wishlist-after_add_to_cart"},"acf":[],"_links":{"self":[{"href":"https:\/\/www.makitamarket.com.tr\/site\/wp-json\/wp\/v2\/product\/10751","targetHints":{"allow":["GET"]}}],"collection":[{"href":"https:\/\/www.makitamarket.com.tr\/site\/wp-json\/wp\/v2\/product"}],"about":[{"href":"https:\/\/www.makitamarket.com.tr\/site\/wp-json\/wp\/v2\/types\/product"}],"replies":[{"embeddable":true,"href":"https:\/\/www.makitamarket.com.tr\/site\/wp-json\/wp\/v2\/comments?post=10751"}],"wp:featuredmedia":[{"embeddable":true,"href":"https:\/\/www.makitamarket.com.tr\/site\/wp-json\/wp\/v2\/media\/10750"}],"wp:attachment":[{"href":"https:\/\/www.makitamarket.com.tr\/site\/wp-json\/wp\/v2\/media?parent=10751"}],"wp:term":[{"taxonomy":"product_brand","embeddable":true,"href":"https:\/\/www.makitamarket.com.tr\/site\/wp-json\/wp\/v2\/product_brand?post=10751"},{"taxonomy":"product_cat","embeddable":true,"href":"https:\/\/www.makitamarket.com.tr\/site\/wp-json\/wp\/v2\/product_cat?post=10751"},{"taxonomy":"product_tag","embeddable":true,"href":"https:\/\/www.makitamarket.com.tr\/site\/wp-json\/wp\/v2\/product_tag?post=10751"}],"curies":[{"name":"wp","href":"https:\/\/api.w.org\/{rel}","templated":true}]}}