{"id":10762,"date":"2024-11-27T20:04:20","date_gmt":"2024-11-27T17:04:20","guid":{"rendered":"https:\/\/www.makitamarket.com.tr\/site\/urun\/uni-t-karbonmonoksit-olcum-cihazi\/"},"modified":"2026-04-06T13:23:53","modified_gmt":"2026-04-06T10:23:53","slug":"uni-t-karbonmonoksit-olcum-cihazi","status":"publish","type":"product","link":"https:\/\/www.makitamarket.com.tr\/site\/urun\/uni-t-karbonmonoksit-olcum-cihazi\/","title":{"rendered":"Uni-t UT337A KARBONMONOKS\u0130T \u00d6L\u00c7\u00dcM C\u0130HAZI"},"content":{"rendered":"<table>\n<tr>\n<td>CO \u00d6l\u00e7\u00fcm Aral\u0131\u011f\u0131<\/td>\n<td>0~1000ppm<\/td>\n<\/tr>\n<tr>\n<td>CO \u00d6l\u00e7\u00fcm Hassasiyeti<\/td>\n<td>\u00b15% veya 5ppm @ 20\u00b15\u02daC<\/td>\n<\/tr>\n<tr>\n<td>CO \u00d6l\u00e7\u00fcm \u00c7\u00f6z\u00fcn\u00fcrl\u00fc\u011f\u00fc<\/td>\n<td>1ppm<\/td>\n<\/tr>\n<tr>\n<td>Sens\u00f6r tipi<\/td>\n<td>Elektrokimyasal<\/td>\n<\/tr>\n<tr>\n<td>\u00d6rneklem Metodu<\/td>\n<td>Dif\u00fczyon<\/td>\n<\/tr>\n<tr>\n<td>A\u011f\u0131rl\u0131k<\/td>\n<td>140 g<\/td>\n<\/tr>\n<tr>\n<td>Yan\u0131t s\u00fcresi<\/td>\n<td>\u02c2 60sn<\/td>\n<\/tr>\n<\/table>\n","protected":false},"excerpt":{"rendered":"<p>CO \u00d6l\u00e7\u00fcm Aral\u0131\u011f\u0131 0~1000ppm CO \u00d6l\u00e7\u00fcm Hassasiyeti \u00b15% veya 5ppm @ 20\u00b15\u02daC CO \u00d6l\u00e7\u00fcm \u00c7\u00f6z\u00fcn\u00fcrl\u00fc\u011f\u00fc 1ppm Sens\u00f6r tipi Elektrokimyasal \u00d6rneklem Metodu Dif\u00fczyon A\u011f\u0131rl\u0131k 140 g Yan\u0131t s\u00fcresi \u02c2 60sn<\/p>\n","protected":false},"featured_media":10761,"comment_status":"open","ping_status":"closed","template":"","meta":{"_acf_changed":false},"product_brand":[1531],"product_cat":[1085],"product_tag":[],"class_list":{"0":"post-10762","1":"product","2":"type-product","3":"status-publish","4":"has-post-thumbnail","6":"product_brand-uni-t","7":"product_cat-karbonmonoksit-olcum-cihazlari","9":"first","10":"instock","11":"taxable","12":"shipping-taxable","13":"purchasable","14":"product-type-simple","15":"add-to-wishlist-after_add_to_cart"},"acf":[],"_links":{"self":[{"href":"https:\/\/www.makitamarket.com.tr\/site\/wp-json\/wp\/v2\/product\/10762","targetHints":{"allow":["GET"]}}],"collection":[{"href":"https:\/\/www.makitamarket.com.tr\/site\/wp-json\/wp\/v2\/product"}],"about":[{"href":"https:\/\/www.makitamarket.com.tr\/site\/wp-json\/wp\/v2\/types\/product"}],"replies":[{"embeddable":true,"href":"https:\/\/www.makitamarket.com.tr\/site\/wp-json\/wp\/v2\/comments?post=10762"}],"wp:featuredmedia":[{"embeddable":true,"href":"https:\/\/www.makitamarket.com.tr\/site\/wp-json\/wp\/v2\/media\/10761"}],"wp:attachment":[{"href":"https:\/\/www.makitamarket.com.tr\/site\/wp-json\/wp\/v2\/media?parent=10762"}],"wp:term":[{"taxonomy":"product_brand","embeddable":true,"href":"https:\/\/www.makitamarket.com.tr\/site\/wp-json\/wp\/v2\/product_brand?post=10762"},{"taxonomy":"product_cat","embeddable":true,"href":"https:\/\/www.makitamarket.com.tr\/site\/wp-json\/wp\/v2\/product_cat?post=10762"},{"taxonomy":"product_tag","embeddable":true,"href":"https:\/\/www.makitamarket.com.tr\/site\/wp-json\/wp\/v2\/product_tag?post=10762"}],"curies":[{"name":"wp","href":"https:\/\/api.w.org\/{rel}","templated":true}]}}