{"id":10766,"date":"2024-11-27T20:04:21","date_gmt":"2024-11-27T17:04:21","guid":{"rendered":"https:\/\/www.makitamarket.com.tr\/site\/urun\/proxxon-proxxon-27150-kg-50-gonye-kesme\/"},"modified":"2026-03-30T07:52:28","modified_gmt":"2026-03-30T04:52:28","slug":"proxxon-proxxon-27150-kg-50-gonye-kesme","status":"publish","type":"product","link":"https:\/\/www.makitamarket.com.tr\/site\/urun\/proxxon-proxxon-27150-kg-50-gonye-kesme\/","title":{"rendered":"Proxxon 27150 KG 50 PROXXON 27150 KG 50 G\u00d6NYE KESME"},"content":{"rendered":"<div>\n\t<span style=\"font-family:tahoma,geneva,sans-serif;\"><span style=\"font-size:12px;\"><strong>Kullan\u0131m Alanlar\u0131 :<\/strong> K\u00fc\u00e7\u00fck metal, ah\u015fap ve plastik kesimi i\u00e7in ideal.<br \/>\n\t<\/span><\/span><\/div>\n<div>\n\t<strong>Sevkiyat kapsam\u0131:<\/strong> 5\u2019er adet seramik kesme ta\u015f\u0131yla birlikte<\/div>\n<div>\n\t<strong>Uyumlu Aksesuarlar:<\/strong><\/div>\n<div>\n\t<strong>28152:<\/strong>Metal, ah\u015fap, plastik i\u00e7in<\/div>\n<table>\n<tr>\n<td>G\u00fc\u00e7<\/td>\n<td>85W<\/td>\n<\/tr>\n<tr>\n<td>Kesme Kapasitesi<\/td>\n<td>Maks. \u00e7ap:20mm  Kesme derinli\u011fi:13mm<\/td>\n<\/tr>\n<tr>\n<td>Tabla<\/td>\n<td>45\u00b0 d\u00f6ner<\/td>\n<\/tr>\n<tr>\n<td>Devir<\/td>\n<td>20 m\/san<\/td>\n<\/tr>\n<tr>\n<td>\u00c7al\u0131\u015fma gerilimi<\/td>\n<td>220-240V<\/td>\n<\/tr>\n<tr>\n<td>A\u011f\u0131rl\u0131k<\/td>\n<td>1.5 kg<\/td>\n<\/tr>\n<\/table>\n","protected":false},"excerpt":{"rendered":"<div>\n\t<span style=\"font-family:tahoma,geneva,sans-serif;\"><span style=\"font-size:12px;\"><strong>Kullan\u0131m Alanlar\u0131 :<\/strong> K\u00fc\u00e7\u00fck metal, ah\u015fap ve plastik kesimi i\u00e7in ideal.<br \/>\n\t<\/span><\/span><\/div>\n<div>\n\t<strong>Sevkiyat kapsam\u0131:<\/strong> 5\u2019er adet seramik kesme ta\u015f\u0131yla birlikte<\/div>\n<div>\n\t<strong>Uyumlu Aksesuarlar:<\/strong><\/div>\n<div>\n\t<strong>28152:<\/strong>Metal, ah\u015fap, plastik i\u00e7in<\/div>\n","protected":false},"featured_media":10765,"comment_status":"open","ping_status":"closed","template":"","meta":{"_acf_changed":false},"product_brand":[1501],"product_cat":[967],"product_tag":[],"class_list":{"0":"post-10766","1":"product","2":"type-product","3":"status-publish","4":"has-post-thumbnail","6":"product_brand-proxxon","7":"product_cat-gonye-kesme-makinalari-elektrikli-mikro-aletler","9":"first","10":"instock","11":"taxable","12":"shipping-taxable","13":"purchasable","14":"product-type-simple","15":"add-to-wishlist-after_add_to_cart"},"acf":[],"_links":{"self":[{"href":"https:\/\/www.makitamarket.com.tr\/site\/wp-json\/wp\/v2\/product\/10766","targetHints":{"allow":["GET"]}}],"collection":[{"href":"https:\/\/www.makitamarket.com.tr\/site\/wp-json\/wp\/v2\/product"}],"about":[{"href":"https:\/\/www.makitamarket.com.tr\/site\/wp-json\/wp\/v2\/types\/product"}],"replies":[{"embeddable":true,"href":"https:\/\/www.makitamarket.com.tr\/site\/wp-json\/wp\/v2\/comments?post=10766"}],"wp:featuredmedia":[{"embeddable":true,"href":"https:\/\/www.makitamarket.com.tr\/site\/wp-json\/wp\/v2\/media\/10765"}],"wp:attachment":[{"href":"https:\/\/www.makitamarket.com.tr\/site\/wp-json\/wp\/v2\/media?parent=10766"}],"wp:term":[{"taxonomy":"product_brand","embeddable":true,"href":"https:\/\/www.makitamarket.com.tr\/site\/wp-json\/wp\/v2\/product_brand?post=10766"},{"taxonomy":"product_cat","embeddable":true,"href":"https:\/\/www.makitamarket.com.tr\/site\/wp-json\/wp\/v2\/product_cat?post=10766"},{"taxonomy":"product_tag","embeddable":true,"href":"https:\/\/www.makitamarket.com.tr\/site\/wp-json\/wp\/v2\/product_tag?post=10766"}],"curies":[{"name":"wp","href":"https:\/\/api.w.org\/{rel}","templated":true}]}}