{"id":10769,"date":"2024-11-27T20:04:22","date_gmt":"2024-11-27T17:04:22","guid":{"rendered":"https:\/\/www.makitamarket.com.tr\/site\/urun\/makita-ni-cd-serisi-aku-12-v-1-9ah-1202a\/"},"modified":"2026-04-13T19:47:38","modified_gmt":"2026-04-13T16:47:38","slug":"makita-ni-cd-serisi-aku-12-v-1-9ah-1202a","status":"publish","type":"product","link":"https:\/\/www.makitamarket.com.tr\/site\/urun\/makita-ni-cd-serisi-aku-12-v-1-9ah-1202a\/","title":{"rendered":"Makita 192537-2 N\u0130 &#8211; CD SER\u0130S\u0130 AK\u00dc 12 V 1.9AH 1202A"},"content":{"rendered":"<table>\n<tr>\n<td>Model<\/td>\n<td>1202A<\/td>\n<\/tr>\n<tr>\n<td>G\u00fc\u00e7 \/ Kapasite<\/td>\n<td>12 V \/ 1.9 Ah \/ Ni-CD<\/td>\n<\/tr>\n<tr>\n<td>A\u00e7\u0131klama<\/td>\n<td>G\u00fc\u00e7 g\u00f6stergeli, k\u0131sa tip<\/td>\n<\/tr>\n<\/table>\n","protected":false},"excerpt":{"rendered":"<p>Model 1202A G\u00fc\u00e7 \/ Kapasite 12 V \/ 1.9 Ah \/ Ni-CD A\u00e7\u0131klama G\u00fc\u00e7 g\u00f6stergeli, k\u0131sa tip<\/p>\n","protected":false},"featured_media":10768,"comment_status":"open","ping_status":"closed","template":"","meta":{"_acf_changed":false},"product_brand":[1485],"product_cat":[1086],"product_tag":[],"class_list":{"0":"post-10769","1":"product","2":"type-product","3":"status-publish","4":"has-post-thumbnail","6":"product_brand-makita","7":"product_cat-nikel-kadmiyum-ni-cd-akuler","9":"first","10":"instock","11":"taxable","12":"shipping-taxable","13":"purchasable","14":"product-type-simple","15":"add-to-wishlist-after_add_to_cart"},"acf":[],"_links":{"self":[{"href":"https:\/\/www.makitamarket.com.tr\/site\/wp-json\/wp\/v2\/product\/10769","targetHints":{"allow":["GET"]}}],"collection":[{"href":"https:\/\/www.makitamarket.com.tr\/site\/wp-json\/wp\/v2\/product"}],"about":[{"href":"https:\/\/www.makitamarket.com.tr\/site\/wp-json\/wp\/v2\/types\/product"}],"replies":[{"embeddable":true,"href":"https:\/\/www.makitamarket.com.tr\/site\/wp-json\/wp\/v2\/comments?post=10769"}],"wp:featuredmedia":[{"embeddable":true,"href":"https:\/\/www.makitamarket.com.tr\/site\/wp-json\/wp\/v2\/media\/10768"}],"wp:attachment":[{"href":"https:\/\/www.makitamarket.com.tr\/site\/wp-json\/wp\/v2\/media?parent=10769"}],"wp:term":[{"taxonomy":"product_brand","embeddable":true,"href":"https:\/\/www.makitamarket.com.tr\/site\/wp-json\/wp\/v2\/product_brand?post=10769"},{"taxonomy":"product_cat","embeddable":true,"href":"https:\/\/www.makitamarket.com.tr\/site\/wp-json\/wp\/v2\/product_cat?post=10769"},{"taxonomy":"product_tag","embeddable":true,"href":"https:\/\/www.makitamarket.com.tr\/site\/wp-json\/wp\/v2\/product_tag?post=10769"}],"curies":[{"name":"wp","href":"https:\/\/api.w.org\/{rel}","templated":true}]}}