{"id":10771,"date":"2024-11-27T20:04:23","date_gmt":"2024-11-27T17:04:23","guid":{"rendered":"https:\/\/www.makitamarket.com.tr\/site\/urun\/prexiso-kirmizi-ve-yesil-cizgi-lazer-dedektoru\/"},"modified":"2026-03-30T07:52:29","modified_gmt":"2026-03-30T04:52:29","slug":"prexiso-kirmizi-ve-yesil-cizgi-lazer-dedektoru","status":"publish","type":"product","link":"https:\/\/www.makitamarket.com.tr\/site\/urun\/prexiso-kirmizi-ve-yesil-cizgi-lazer-dedektoru\/","title":{"rendered":"Prexiso PLR50 KIRMIZI VE YE\u015e\u0130L \u00c7\u0130ZG\u0130 LAZER DEDEKT\u00d6R\u00dc"},"content":{"rendered":"<table>\n<tr>\n<td>\u00c7al\u0131\u015fma Menzili<\/td>\n<td>50 m<\/td>\n<\/tr>\n<tr>\n<td>Hassasiyet<\/td>\n<td>\u00b1 1mm<\/td>\n<\/tr>\n<tr>\n<td>Lazer Alg\u0131lama Penceresi<\/td>\n<td>80 mm<\/td>\n<\/tr>\n<tr>\n<td>Pil<\/td>\n<td>2xAA alkalin pil<\/td>\n<\/tr>\n<tr>\n<td>Tripod Ba\u011flant\u0131s\u0131<\/td>\n<td>1\/4&#8243;<\/td>\n<\/tr>\n<\/table>\n","protected":false},"excerpt":{"rendered":"<p>\u00c7al\u0131\u015fma Menzili 50 m Hassasiyet \u00b1 1mm Lazer Alg\u0131lama Penceresi 80 mm Pil 2xAA alkalin pil Tripod Ba\u011flant\u0131s\u0131 1\/4&#8243;<\/p>\n","protected":false},"featured_media":10770,"comment_status":"open","ping_status":"closed","template":"","meta":{"_acf_changed":false},"product_brand":[1507],"product_cat":[837],"product_tag":[],"class_list":{"0":"post-10771","1":"product","2":"type-product","3":"status-publish","4":"has-post-thumbnail","6":"product_brand-prexiso","7":"product_cat-lazerli-olcum-cihazlari","9":"first","10":"instock","11":"taxable","12":"shipping-taxable","13":"purchasable","14":"product-type-simple","15":"add-to-wishlist-after_add_to_cart"},"acf":[],"_links":{"self":[{"href":"https:\/\/www.makitamarket.com.tr\/site\/wp-json\/wp\/v2\/product\/10771","targetHints":{"allow":["GET"]}}],"collection":[{"href":"https:\/\/www.makitamarket.com.tr\/site\/wp-json\/wp\/v2\/product"}],"about":[{"href":"https:\/\/www.makitamarket.com.tr\/site\/wp-json\/wp\/v2\/types\/product"}],"replies":[{"embeddable":true,"href":"https:\/\/www.makitamarket.com.tr\/site\/wp-json\/wp\/v2\/comments?post=10771"}],"wp:featuredmedia":[{"embeddable":true,"href":"https:\/\/www.makitamarket.com.tr\/site\/wp-json\/wp\/v2\/media\/10770"}],"wp:attachment":[{"href":"https:\/\/www.makitamarket.com.tr\/site\/wp-json\/wp\/v2\/media?parent=10771"}],"wp:term":[{"taxonomy":"product_brand","embeddable":true,"href":"https:\/\/www.makitamarket.com.tr\/site\/wp-json\/wp\/v2\/product_brand?post=10771"},{"taxonomy":"product_cat","embeddable":true,"href":"https:\/\/www.makitamarket.com.tr\/site\/wp-json\/wp\/v2\/product_cat?post=10771"},{"taxonomy":"product_tag","embeddable":true,"href":"https:\/\/www.makitamarket.com.tr\/site\/wp-json\/wp\/v2\/product_tag?post=10771"}],"curies":[{"name":"wp","href":"https:\/\/api.w.org\/{rel}","templated":true}]}}