{"id":10773,"date":"2024-11-27T20:04:23","date_gmt":"2024-11-27T17:04:23","guid":{"rendered":"https:\/\/www.makitamarket.com.tr\/site\/urun\/biglift-elektrikli-saryo\/"},"modified":"2026-04-06T13:42:06","modified_gmt":"2026-04-06T10:42:06","slug":"biglift-elektrikli-saryo","status":"publish","type":"product","link":"https:\/\/www.makitamarket.com.tr\/site\/urun\/biglift-elektrikli-saryo\/","title":{"rendered":"Biglift TD0.5 ELEKTR\u0130KL\u0130 \u015eARYO"},"content":{"rendered":"<p>500 kg kapasiteli a\u011f\u0131r y\u00fcklerin yatay y\u00f6nde ta\u015f\u0131nmas\u0131n\u0131 sa\u011flayan vin\u00e7 sistemine monte edilen ekipmand\u0131r.<\/p>\n<table>\n<tr>\n<td>Kapasite<\/td>\n<td>500<\/td>\n<\/tr>\n<\/table>\n","protected":false},"excerpt":{"rendered":"<p>500 kg kapasiteli a\u011f\u0131r y\u00fcklerin yatay y\u00f6nde ta\u015f\u0131nmas\u0131n\u0131 sa\u011flayan vin\u00e7 sistemine monte edilen ekipmand\u0131r.<\/p>\n","protected":false},"featured_media":11514,"comment_status":"open","ping_status":"closed","template":"","meta":{"_acf_changed":false},"product_brand":[1490],"product_cat":[780],"product_tag":[],"class_list":{"0":"post-10773","1":"product","2":"type-product","3":"status-publish","4":"has-post-thumbnail","6":"product_brand-biglift","7":"product_cat-vincler-caraskallar-hubsuglar","9":"first","10":"outofstock","11":"taxable","12":"shipping-taxable","13":"purchasable","14":"product-type-simple","15":"add-to-wishlist-after_add_to_cart"},"acf":[],"_links":{"self":[{"href":"https:\/\/www.makitamarket.com.tr\/site\/wp-json\/wp\/v2\/product\/10773","targetHints":{"allow":["GET"]}}],"collection":[{"href":"https:\/\/www.makitamarket.com.tr\/site\/wp-json\/wp\/v2\/product"}],"about":[{"href":"https:\/\/www.makitamarket.com.tr\/site\/wp-json\/wp\/v2\/types\/product"}],"replies":[{"embeddable":true,"href":"https:\/\/www.makitamarket.com.tr\/site\/wp-json\/wp\/v2\/comments?post=10773"}],"wp:featuredmedia":[{"embeddable":true,"href":"https:\/\/www.makitamarket.com.tr\/site\/wp-json\/wp\/v2\/media\/11514"}],"wp:attachment":[{"href":"https:\/\/www.makitamarket.com.tr\/site\/wp-json\/wp\/v2\/media?parent=10773"}],"wp:term":[{"taxonomy":"product_brand","embeddable":true,"href":"https:\/\/www.makitamarket.com.tr\/site\/wp-json\/wp\/v2\/product_brand?post=10773"},{"taxonomy":"product_cat","embeddable":true,"href":"https:\/\/www.makitamarket.com.tr\/site\/wp-json\/wp\/v2\/product_cat?post=10773"},{"taxonomy":"product_tag","embeddable":true,"href":"https:\/\/www.makitamarket.com.tr\/site\/wp-json\/wp\/v2\/product_tag?post=10773"}],"curies":[{"name":"wp","href":"https:\/\/api.w.org\/{rel}","templated":true}]}}