{"id":10776,"date":"2024-11-27T20:04:26","date_gmt":"2024-11-27T17:04:26","guid":{"rendered":"https:\/\/www.makitamarket.com.tr\/site\/urun\/bmi-bmi-7760120001-dijital-komparator-saati\/"},"modified":"2026-04-06T13:24:04","modified_gmt":"2026-04-06T10:24:04","slug":"bmi-bmi-7760120001-dijital-komparator-saati","status":"publish","type":"product","link":"https:\/\/www.makitamarket.com.tr\/site\/urun\/bmi-bmi-7760120001-dijital-komparator-saati\/","title":{"rendered":"Bmi 7760120001 BMI 7760120001 D\u0130J\u0130TAL KOMPARAT\u00d6R SAAT\u0130"},"content":{"rendered":"<table>\n<tr>\n<td>\u00d6l\u00e7\u00fcm Kapasitesi<\/td>\n<td>0-10mm<\/td>\n<\/tr>\n<tr>\n<td>Skala<\/td>\n<td>0.0005<\/td>\n<\/tr>\n<tr>\n<td>Saat<\/td>\n<td>58 mm<\/td>\n<\/tr>\n<tr>\n<td>Okuma<\/td>\n<td>0.001 mm<\/td>\n<\/tr>\n<\/table>\n","protected":false},"excerpt":{"rendered":"<p>\u00d6l\u00e7\u00fcm Kapasitesi 0-10mm Skala 0.0005 Saat 58 mm Okuma 0.001 mm<\/p>\n","protected":false},"featured_media":10775,"comment_status":"open","ping_status":"closed","template":"","meta":{"_acf_changed":false},"product_brand":[1522],"product_cat":[1087],"product_tag":[],"class_list":{"0":"post-10776","1":"product","2":"type-product","3":"status-publish","4":"has-post-thumbnail","6":"product_brand-bmi","7":"product_cat-komprator-saat-ve-ayaklari","9":"first","10":"instock","11":"taxable","12":"shipping-taxable","13":"purchasable","14":"product-type-simple","15":"add-to-wishlist-after_add_to_cart"},"acf":[],"_links":{"self":[{"href":"https:\/\/www.makitamarket.com.tr\/site\/wp-json\/wp\/v2\/product\/10776","targetHints":{"allow":["GET"]}}],"collection":[{"href":"https:\/\/www.makitamarket.com.tr\/site\/wp-json\/wp\/v2\/product"}],"about":[{"href":"https:\/\/www.makitamarket.com.tr\/site\/wp-json\/wp\/v2\/types\/product"}],"replies":[{"embeddable":true,"href":"https:\/\/www.makitamarket.com.tr\/site\/wp-json\/wp\/v2\/comments?post=10776"}],"wp:featuredmedia":[{"embeddable":true,"href":"https:\/\/www.makitamarket.com.tr\/site\/wp-json\/wp\/v2\/media\/10775"}],"wp:attachment":[{"href":"https:\/\/www.makitamarket.com.tr\/site\/wp-json\/wp\/v2\/media?parent=10776"}],"wp:term":[{"taxonomy":"product_brand","embeddable":true,"href":"https:\/\/www.makitamarket.com.tr\/site\/wp-json\/wp\/v2\/product_brand?post=10776"},{"taxonomy":"product_cat","embeddable":true,"href":"https:\/\/www.makitamarket.com.tr\/site\/wp-json\/wp\/v2\/product_cat?post=10776"},{"taxonomy":"product_tag","embeddable":true,"href":"https:\/\/www.makitamarket.com.tr\/site\/wp-json\/wp\/v2\/product_tag?post=10776"}],"curies":[{"name":"wp","href":"https:\/\/api.w.org\/{rel}","templated":true}]}}