{"id":10811,"date":"2024-11-27T20:04:39","date_gmt":"2024-11-27T17:04:39","guid":{"rendered":"https:\/\/www.makitamarket.com.tr\/site\/urun\/makita-ahsap-kesim-daire-testere-305x120-dis\/"},"modified":"2026-03-30T08:22:27","modified_gmt":"2026-03-30T05:22:27","slug":"makita-ahsap-kesim-daire-testere-305x120-dis","status":"publish","type":"product","link":"https:\/\/www.makitamarket.com.tr\/site\/urun\/makita-ahsap-kesim-daire-testere-305x120-dis\/","title":{"rendered":"Makita D-38956 AH\u015eAP KES\u0130M DA\u0130RE TESTERE 305&#215;120 D\u0130\u015e"},"content":{"rendered":"<div id=\"cke_pastebin\">\n\tMakita 305mm x 30mm x 120di\u015f karb\u00fcr u\u00e7lu ah\u015fap ta\u015f\u0131nabilir testere.<\/div>\n<p>\n\tT\u00fcm standart ah\u015fap i\u015fleme uygulamalar\u0131nda kaliteli genel ve kaba kesimler i\u00e7in idealdir.(ATB)<\/p>\n<p>\n\tTestere 120 di\u015f say\u0131s\u0131na sahiptir.<\/p>\n<p>\n\tTestere g\u00f6be\u011finden elmas\u0131n merkezine olan \u00e7izgi ile elmas\u0131n merkezi ile ucu aras\u0131ndaki \u00e7izgi aras\u0131ndaki a\u00e7\u0131 12\u00ba&#8217; dir.<\/p>\n<p>\n\tPaket i\u00e7eri\u011finde 15.88mm g\u00f6be\u011fe \u00e7eviren y\u00fcz\u00fck bulunmaktad\u0131r.<\/p>\n<p>\n\tTestere kal\u0131nl\u0131\u011f\u0131 3.2 mm&#8217; dir.<\/p>\n<p>\n\tHem i\u00e7 mekanda hem de \u015fantiye ortam\u0131nda \u00a0rahatl\u0131kla kullab\u0131labilir.<\/p>\n<p>\n\tT\u00fcm elektrikli ve ak\u00fcl\u00fc daire testere makinalar\u0131na uyumludur.<\/p>\n<p>\n\tB\u0131\u00e7ak g\u00f6vdesi sertle\u015ftrilmi\u015f \u00e7elikten imal edilmi\u015ftir.<\/p>\n<p>\n\tTestere di\u015fleri hassas ta\u015flanarak temiz kesim yap\u0131lmas\u0131 sa\u011flanm\u0131\u015ft\u0131r.<\/p>\n<p>\n\tG\u00f6vde \u00fczerinde bulunan d\u00f6rt adet geni\u015f yar\u0131k, \u00fcr\u00fcn\u00fcn \u00e7al\u0131\u015fma esnas\u0131nda titre\u015fimini \u00f6nleyerek g\u00fcr\u00fclt\u00fc ve a\u015f\u0131r\u0131 \u0131s\u0131nmas\u0131n\u0131 azalt\u0131r.<\/p>\n<p>\n\t\u00dcr\u00fcn \u00fczerinde bulunan ok i\u015fareti \u00e7al\u0131\u015fma y\u00f6n\u00fcn\u00fc temsil etmektedir.<\/p>\n<p>\n\tTestereyi ta\u015f\u0131ma esnas\u0131nda eldiven kullan\u0131n\u0131z.<\/p>\n<table>\n<tr>\n<td>Testere \u00e7ap\u0131<\/td>\n<td>305 mm<\/td>\n<\/tr>\n<tr>\n<td>G\u00f6bek \u00e7ap\u0131<\/td>\n<td>30 mm<\/td>\n<\/tr>\n<tr>\n<td>Y\u00fcz\u00fck \u00c7ap\u0131<\/td>\n<td>15.88 mm<\/td>\n<\/tr>\n<tr>\n<td>Elmas Kal\u0131nl\u0131\u011f\u0131<\/td>\n<td>3.2 mm<\/td>\n<\/tr>\n<tr>\n<td>G\u00f6vde Kal\u0131nl\u0131\u011f\u0131<\/td>\n<td>2.2 mm<\/td>\n<\/tr>\n<tr>\n<td>Di\u015f Say\u0131s\u0131<\/td>\n<td>120<\/td>\n<\/tr>\n<tr>\n<td>Elmas A\u00e7\u0131s\u0131<\/td>\n<td>12\u02da<\/td>\n<\/tr>\n<tr>\n<td>Di\u015f Tipi<\/td>\n<td>ATB<\/td>\n<\/tr>\n<tr>\n<td>Kullan\u0131m Alan\u0131<\/td>\n<td>Ah\u015fap\/Mdf<\/td>\n<\/tr>\n<\/table>\n","protected":false},"excerpt":{"rendered":"<div id=\"cke_pastebin\">\n\tMakita 305mm x 30mm x 120di\u015f karb\u00fcr u\u00e7lu ah\u015fap ta\u015f\u0131nabilir testere.<\/div>\n<p>\n\tT\u00fcm standart ah\u015fap i\u015fleme uygulamalar\u0131nda kaliteli genel ve kaba kesimler i\u00e7in idealdir.(ATB)<\/p>\n<p>\n\tTestere 120 di\u015f say\u0131s\u0131na sahiptir.<\/p>\n<p>\n\tTestere g\u00f6be\u011finden elmas\u0131n merkezine olan \u00e7izgi ile elmas\u0131n merkezi ile ucu aras\u0131ndaki \u00e7izgi aras\u0131ndaki a\u00e7\u0131 12\u00ba&#8217; dir.<\/p>\n<p>\n\tPaket i\u00e7eri\u011finde 15.88mm g\u00f6be\u011fe \u00e7eviren y\u00fcz\u00fck bulunmaktad\u0131r.<\/p>\n<p>\n\tTestere kal\u0131nl\u0131\u011f\u0131 3.2 mm&#8217; dir.<\/p>\n<p>\n\tHem i\u00e7 mekanda hem de \u015fantiye ortam\u0131nda \u00a0rahatl\u0131kla kullab\u0131labilir.<\/p>\n<p>\n\tT\u00fcm elektrikli ve ak\u00fcl\u00fc daire testere makinalar\u0131na uyumludur.<\/p>\n<p>\n\tB\u0131\u00e7ak g\u00f6vdesi sertle\u015ftrilmi\u015f \u00e7elikten imal edilmi\u015ftir.<\/p>\n<p>\n\tTestere di\u015fleri hassas ta\u015flanarak temiz kesim yap\u0131lmas\u0131 sa\u011flanm\u0131\u015ft\u0131r.<\/p>\n<p>\n\tG\u00f6vde \u00fczerinde bulunan d\u00f6rt adet geni\u015f yar\u0131k, \u00fcr\u00fcn\u00fcn \u00e7al\u0131\u015fma esnas\u0131nda titre\u015fimini \u00f6nleyerek g\u00fcr\u00fclt\u00fc ve a\u015f\u0131r\u0131 \u0131s\u0131nmas\u0131n\u0131 azalt\u0131r.<\/p>\n<p>\n\t\u00dcr\u00fcn \u00fczerinde bulunan ok i\u015fareti \u00e7al\u0131\u015fma y\u00f6n\u00fcn\u00fc temsil etmektedir.<\/p>\n<p>\n\tTestereyi ta\u015f\u0131ma esnas\u0131nda eldiven kullan\u0131n\u0131z.<\/p>\n","protected":false},"featured_media":12588,"comment_status":"open","ping_status":"closed","template":"","meta":{"_acf_changed":false},"product_brand":[1485],"product_cat":[1050],"product_tag":[],"class_list":{"0":"post-10811","1":"product","2":"type-product","3":"status-publish","4":"has-post-thumbnail","6":"product_brand-makita","7":"product_cat-ahsap-daire-testereler","9":"first","10":"instock","11":"taxable","12":"shipping-taxable","13":"purchasable","14":"product-type-simple","15":"add-to-wishlist-after_add_to_cart"},"acf":[],"_links":{"self":[{"href":"https:\/\/www.makitamarket.com.tr\/site\/wp-json\/wp\/v2\/product\/10811","targetHints":{"allow":["GET"]}}],"collection":[{"href":"https:\/\/www.makitamarket.com.tr\/site\/wp-json\/wp\/v2\/product"}],"about":[{"href":"https:\/\/www.makitamarket.com.tr\/site\/wp-json\/wp\/v2\/types\/product"}],"replies":[{"embeddable":true,"href":"https:\/\/www.makitamarket.com.tr\/site\/wp-json\/wp\/v2\/comments?post=10811"}],"wp:featuredmedia":[{"embeddable":true,"href":"https:\/\/www.makitamarket.com.tr\/site\/wp-json\/wp\/v2\/media\/12588"}],"wp:attachment":[{"href":"https:\/\/www.makitamarket.com.tr\/site\/wp-json\/wp\/v2\/media?parent=10811"}],"wp:term":[{"taxonomy":"product_brand","embeddable":true,"href":"https:\/\/www.makitamarket.com.tr\/site\/wp-json\/wp\/v2\/product_brand?post=10811"},{"taxonomy":"product_cat","embeddable":true,"href":"https:\/\/www.makitamarket.com.tr\/site\/wp-json\/wp\/v2\/product_cat?post=10811"},{"taxonomy":"product_tag","embeddable":true,"href":"https:\/\/www.makitamarket.com.tr\/site\/wp-json\/wp\/v2\/product_tag?post=10811"}],"curies":[{"name":"wp","href":"https:\/\/api.w.org\/{rel}","templated":true}]}}