{"id":10817,"date":"2024-11-27T20:04:42","date_gmt":"2024-11-27T17:04:42","guid":{"rendered":"https:\/\/www.makitamarket.com.tr\/site\/urun\/proxxon-proxxon-28644-msg-oyma-kalemi\/"},"modified":"2026-03-30T07:53:26","modified_gmt":"2026-03-30T04:53:26","slug":"proxxon-proxxon-28644-msg-oyma-kalemi","status":"publish","type":"product","link":"https:\/\/www.makitamarket.com.tr\/site\/urun\/proxxon-proxxon-28644-msg-oyma-kalemi\/","title":{"rendered":"Proxxon 28644 MOS PROXXON 28644 MSG OYMA KALEM\u0130"},"content":{"rendered":"<div>\n\t<strong>Kullan\u0131m Alanlar\u0131 : <\/strong>Her t\u00fcrl\u00fc ah\u015fap malzemede nak\u0131\u015f i\u015flemek i\u00e7in, mobilya ve antika e\u015fya tamirat\u0131, boya kaz\u0131ma i\u015fleri i\u00e7in uygundur.<\/div>\n<div>\n\t<strong>Sevkiyat Kapsam\u0131:<\/strong> 3 adet keski (U,V ve d\u00fcz bi\u00e7imde) ile birlikte sevk edilir.\u00a0<\/div>\n<div>\n\t<strong>Uyumlu Aksesuarlar:<\/strong><\/div>\n<div>\n\t<strong>PROX28572:<\/strong> Oyma b\u0131\u00e7ak seti (5)<\/div>\n<div>\n\t<strong>PROX28578:<\/strong> Bileme ta\u015f\u0131 (28572 i\u00e7in)<\/div>\n<table>\n<tr>\n<td>Voltaj<\/td>\n<td>220-240V<\/td>\n<\/tr>\n<tr>\n<td>Uzunluk<\/td>\n<td>23 cm<\/td>\n<\/tr>\n<tr>\n<td>Muhafaza<\/td>\n<td>Dayan\u0131kl\u0131 Plastik Kutu<\/td>\n<\/tr>\n<tr>\n<td>G\u00fc\u00e7<\/td>\n<td>50 Watt<\/td>\n<\/tr>\n<tr>\n<td>A\u011f\u0131rl\u0131k<\/td>\n<td>680g<\/td>\n<\/tr>\n<tr>\n<td>Devir<\/td>\n<td>10.000 d\/dak<\/td>\n<\/tr>\n<\/table>\n","protected":false},"excerpt":{"rendered":"<div>\n\t<strong>Kullan\u0131m Alanlar\u0131 : <\/strong>Her t\u00fcrl\u00fc ah\u015fap malzemede nak\u0131\u015f i\u015flemek i\u00e7in, mobilya ve antika e\u015fya tamirat\u0131, boya kaz\u0131ma i\u015fleri i\u00e7in uygundur.<\/div>\n<div>\n\t<strong>Sevkiyat Kapsam\u0131:<\/strong> 3 adet keski (U,V ve d\u00fcz bi\u00e7imde) ile birlikte sevk edilir.\u00a0<\/div>\n<div>\n\t<strong>Uyumlu Aksesuarlar:<\/strong><\/div>\n<div>\n\t<strong>PROX28572:<\/strong> Oyma b\u0131\u00e7ak seti (5)<\/div>\n<div>\n\t<strong>PROX28578:<\/strong> Bileme ta\u015f\u0131 (28572 i\u00e7in)<\/div>\n","protected":false},"featured_media":10816,"comment_status":"open","ping_status":"closed","template":"","meta":{"_acf_changed":false},"product_brand":[1501],"product_cat":[1088],"product_tag":[],"class_list":{"0":"post-10817","1":"product","2":"type-product","3":"status-publish","4":"has-post-thumbnail","6":"product_brand-proxxon","7":"product_cat-oyma-makinasi","9":"first","10":"instock","11":"taxable","12":"shipping-taxable","13":"purchasable","14":"product-type-simple","15":"add-to-wishlist-after_add_to_cart"},"acf":[],"_links":{"self":[{"href":"https:\/\/www.makitamarket.com.tr\/site\/wp-json\/wp\/v2\/product\/10817","targetHints":{"allow":["GET"]}}],"collection":[{"href":"https:\/\/www.makitamarket.com.tr\/site\/wp-json\/wp\/v2\/product"}],"about":[{"href":"https:\/\/www.makitamarket.com.tr\/site\/wp-json\/wp\/v2\/types\/product"}],"replies":[{"embeddable":true,"href":"https:\/\/www.makitamarket.com.tr\/site\/wp-json\/wp\/v2\/comments?post=10817"}],"wp:featuredmedia":[{"embeddable":true,"href":"https:\/\/www.makitamarket.com.tr\/site\/wp-json\/wp\/v2\/media\/10816"}],"wp:attachment":[{"href":"https:\/\/www.makitamarket.com.tr\/site\/wp-json\/wp\/v2\/media?parent=10817"}],"wp:term":[{"taxonomy":"product_brand","embeddable":true,"href":"https:\/\/www.makitamarket.com.tr\/site\/wp-json\/wp\/v2\/product_brand?post=10817"},{"taxonomy":"product_cat","embeddable":true,"href":"https:\/\/www.makitamarket.com.tr\/site\/wp-json\/wp\/v2\/product_cat?post=10817"},{"taxonomy":"product_tag","embeddable":true,"href":"https:\/\/www.makitamarket.com.tr\/site\/wp-json\/wp\/v2\/product_tag?post=10817"}],"curies":[{"name":"wp","href":"https:\/\/api.w.org\/{rel}","templated":true}]}}