{"id":10820,"date":"2024-11-27T20:04:44","date_gmt":"2024-11-27T17:04:44","guid":{"rendered":"https:\/\/www.makitamarket.com.tr\/site\/urun\/leica-leica-distod1-bluetoothlu-lazer-metre\/"},"modified":"2026-03-15T08:53:28","modified_gmt":"2026-03-15T05:53:28","slug":"leica-leica-distod1-bluetoothlu-lazer-metre","status":"publish","type":"product","link":"https:\/\/www.makitamarket.com.tr\/site\/urun\/leica-leica-distod1-bluetoothlu-lazer-metre\/","title":{"rendered":"Leica D1 LEICA DISTO\u2122D1 BLUETOOTH&#8217;LU LAZER METRE"},"content":{"rendered":"<div id=\"cke_pastebin\">\n\t\u2022 Her cebe uygun<\/div>\n<div id=\"cke_pastebin\">\n\t\u2022 Bluetooth\u00ae Smart<\/div>\n<div id=\"cke_pastebin\">\n\t\u2022 \u00dccretsiz Leica DISTO\u2122Sketch uygulamas\u0131yla ak\u0131ll\u0131 telefonlara kesintisiz veri aktar\u0131m\u0131.<\/div>\n<div id=\"cke_pastebin\">\n\t\u2022 Foto\u011fraf \u00fczerinde \u00f6l\u00e7\u00fclendirme yaparak dijital dok\u00fcmantasyon sa\u011flama<\/div>\n<table>\n<tr>\n<td>Menzil<\/td>\n<td>0.2-40 metre<\/td>\n<\/tr>\n<tr>\n<td>Hassasiyet<\/td>\n<td>+ \/ &#8211; 2 mm<\/td>\n<\/tr>\n<\/table>\n","protected":false},"excerpt":{"rendered":"<div id=\"cke_pastebin\">\n\t\u2022 Her cebe uygun<\/div>\n<div id=\"cke_pastebin\">\n\t\u2022 Bluetooth\u00ae Smart<\/div>\n<div id=\"cke_pastebin\">\n\t\u2022 \u00dccretsiz Leica DISTO\u2122Sketch uygulamas\u0131yla ak\u0131ll\u0131 telefonlara kesintisiz veri aktar\u0131m\u0131.<\/div>\n<div id=\"cke_pastebin\">\n\t\u2022 Foto\u011fraf \u00fczerinde \u00f6l\u00e7\u00fclendirme yaparak dijital dok\u00fcmantasyon sa\u011flama<\/div>\n","protected":false},"featured_media":10819,"comment_status":"open","ping_status":"closed","template":"","meta":{"_acf_changed":false},"product_brand":[1504],"product_cat":[754],"product_tag":[],"class_list":{"0":"post-10820","1":"product","2":"type-product","3":"status-publish","4":"has-post-thumbnail","6":"product_brand-leica","7":"product_cat-lazer-metreler","9":"first","10":"outofstock","11":"taxable","12":"shipping-taxable","13":"purchasable","14":"product-type-simple","15":"add-to-wishlist-after_add_to_cart"},"acf":[],"_links":{"self":[{"href":"https:\/\/www.makitamarket.com.tr\/site\/wp-json\/wp\/v2\/product\/10820","targetHints":{"allow":["GET"]}}],"collection":[{"href":"https:\/\/www.makitamarket.com.tr\/site\/wp-json\/wp\/v2\/product"}],"about":[{"href":"https:\/\/www.makitamarket.com.tr\/site\/wp-json\/wp\/v2\/types\/product"}],"replies":[{"embeddable":true,"href":"https:\/\/www.makitamarket.com.tr\/site\/wp-json\/wp\/v2\/comments?post=10820"}],"wp:featuredmedia":[{"embeddable":true,"href":"https:\/\/www.makitamarket.com.tr\/site\/wp-json\/wp\/v2\/media\/10819"}],"wp:attachment":[{"href":"https:\/\/www.makitamarket.com.tr\/site\/wp-json\/wp\/v2\/media?parent=10820"}],"wp:term":[{"taxonomy":"product_brand","embeddable":true,"href":"https:\/\/www.makitamarket.com.tr\/site\/wp-json\/wp\/v2\/product_brand?post=10820"},{"taxonomy":"product_cat","embeddable":true,"href":"https:\/\/www.makitamarket.com.tr\/site\/wp-json\/wp\/v2\/product_cat?post=10820"},{"taxonomy":"product_tag","embeddable":true,"href":"https:\/\/www.makitamarket.com.tr\/site\/wp-json\/wp\/v2\/product_tag?post=10820"}],"curies":[{"name":"wp","href":"https:\/\/api.w.org\/{rel}","templated":true}]}}