{"id":10824,"date":"2024-11-27T20:04:45","date_gmt":"2024-11-27T17:04:45","guid":{"rendered":"https:\/\/www.makitamarket.com.tr\/site\/urun\/knipex-ayarli-fort-pense-cobra-560-mm\/"},"modified":"2026-04-06T13:25:09","modified_gmt":"2026-04-06T10:25:09","slug":"knipex-ayarli-fort-pense-cobra-560-mm","status":"publish","type":"product","link":"https:\/\/www.makitamarket.com.tr\/site\/urun\/knipex-ayarli-fort-pense-cobra-560-mm\/","title":{"rendered":"Knipex 8701560 AYARLI FORT PENSE (COBRA) 560 mm"},"content":{"rendered":"<p><b>87 01 560 KNIPEX Cobra\u00ae XXL<\/b><br \/>B\u00fcy\u00fck kavrama geni\u015fli\u011fi, benzer boru anahtarlar\u0131na k\u0131yasla d\u00fc\u015f\u00fck a\u011f\u0131rl\u0131k. Direkt i\u015f par\u00e7as\u0131nda d\u00fc\u011fme ile h\u0131zl\u0131 ayarlama imkan\u0131, mafsal kaymaz. Kademe ayar\u0131 sayesinde i\u015f par\u00e7alar\u0131n\u0131 s\u0131k\u0131ca kavrar. Boru ve somun \u00fczerinde kendinden kilitleme, i\u015f par\u00e7as\u0131 \u00fczerindekayma yapmaz, \u00e7al\u0131\u015f\u0131rken kuvvet tasarrufu sa\u011flar. \u00d6zel sertle\u015ftirilmi\u015f di\u015fli a\u011f\u0131z y\u00fczeyleri, di\u015flerin sertli\u011fi yakl. 61 HRC: A\u015f\u0131nmaya kar\u015f\u0131 y\u00fcksek dayan\u0131kl\u0131l\u0131k sayesinde daima g\u00fcvenli kavrama. \u0130\u00e7 i\u00e7e ge\u00e7irilmi\u015f mafsal: \u00c7ift k\u0131lavuzlama sayesinde y\u00fcksek dayan\u0131kl\u0131k. Parmaklar\u0131n s\u0131k\u0131\u015fmas\u0131n\u0131 \u00f6nleyen tasar\u0131ma sahiptir. <\/p>\n<li><b>Ayar pozisyonu: <\/b>20<\/li>\n<li><b>Kapazit\u00e4t f\u00fcr Rohre (Zoll): <\/b>\u00d8 4 1\/2 in<\/li>\n<li><b>Somun ve anahtar \u00f6l\u00e7\u00fcs\u00fc kapasitesi: <\/b>120 mm<\/li>\n<li><b>Boru \u00e7ap\u0131 kapasitesi (\u00e7ap): <\/b>\u00d8 115 mm<\/li>\n<table>\n<tr>\n<td>Boru \u00d6l\u00e7\u00fcs\u00fc<\/td>\n<td>4  1\/2&#8243;<\/td>\n<\/tr>\n<tr>\n<td>Sap<\/td>\n<td>\u0130nce \u0130zole<\/td>\n<\/tr>\n<tr>\n<td>Uzunluk<\/td>\n<td>560<\/td>\n<\/tr>\n<tr>\n<td>Kafa<\/td>\n<td>Polisaj<\/td>\n<\/tr>\n<tr>\n<td>Somun \u00d6l\u00e7\u00fcs\u00fc<\/td>\n<td>120mm<\/td>\n<\/tr>\n<tr>\n<td>A\u011f\u0131rl\u0131k<\/td>\n<td>2750 gr<\/td>\n<\/tr>\n<\/table>\n","protected":false},"excerpt":{"rendered":"<p><b>87 01 560 KNIPEX Cobra\u00ae XXL<\/b><br \/>B\u00fcy\u00fck kavrama geni\u015fli\u011fi, benzer boru anahtarlar\u0131na k\u0131yasla d\u00fc\u015f\u00fck a\u011f\u0131rl\u0131k. Direkt i\u015f par\u00e7as\u0131nda d\u00fc\u011fme ile h\u0131zl\u0131 ayarlama imkan\u0131, mafsal kaymaz. Kademe ayar\u0131 sayesinde i\u015f par\u00e7alar\u0131n\u0131 s\u0131k\u0131ca kavrar. Boru ve somun \u00fczerinde kendinden kilitleme, i\u015f par\u00e7as\u0131 \u00fczerindekayma yapmaz, \u00e7al\u0131\u015f\u0131rken kuvvet tasarrufu sa\u011flar. \u00d6zel sertle\u015ftirilmi\u015f di\u015fli a\u011f\u0131z y\u00fczeyleri, di\u015flerin sertli\u011fi yakl. 61 HRC: A\u015f\u0131nmaya kar\u015f\u0131 y\u00fcksek dayan\u0131kl\u0131l\u0131k sayesinde daima g\u00fcvenli kavrama. \u0130\u00e7 i\u00e7e ge\u00e7irilmi\u015f mafsal: \u00c7ift k\u0131lavuzlama sayesinde y\u00fcksek dayan\u0131kl\u0131k. Parmaklar\u0131n s\u0131k\u0131\u015fmas\u0131n\u0131 \u00f6nleyen tasar\u0131ma sahiptir. <\/p>\n<li><b>Ayar pozisyonu: <\/b>20<\/li>\n<li><b>Kapazit\u00e4t f\u00fcr Rohre (Zoll): <\/b>\u00d8 4 1\/2 in<\/li>\n<li><b>Somun ve anahtar \u00f6l\u00e7\u00fcs\u00fc kapasitesi: <\/b>120 mm<\/li>\n<li><b>Boru \u00e7ap\u0131 kapasitesi (\u00e7ap): <\/b>\u00d8 115 mm<\/li>\n","protected":false},"featured_media":10823,"comment_status":"open","ping_status":"closed","template":"","meta":{"_acf_changed":false},"product_brand":[1486],"product_cat":[956],"product_tag":[],"class_list":{"0":"post-10824","1":"product","2":"type-product","3":"status-publish","4":"has-post-thumbnail","6":"product_brand-knipex","7":"product_cat-ayarli-penseler","9":"first","10":"outofstock","11":"taxable","12":"shipping-taxable","13":"purchasable","14":"product-type-simple","15":"add-to-wishlist-after_add_to_cart"},"acf":[],"_links":{"self":[{"href":"https:\/\/www.makitamarket.com.tr\/site\/wp-json\/wp\/v2\/product\/10824","targetHints":{"allow":["GET"]}}],"collection":[{"href":"https:\/\/www.makitamarket.com.tr\/site\/wp-json\/wp\/v2\/product"}],"about":[{"href":"https:\/\/www.makitamarket.com.tr\/site\/wp-json\/wp\/v2\/types\/product"}],"replies":[{"embeddable":true,"href":"https:\/\/www.makitamarket.com.tr\/site\/wp-json\/wp\/v2\/comments?post=10824"}],"wp:featuredmedia":[{"embeddable":true,"href":"https:\/\/www.makitamarket.com.tr\/site\/wp-json\/wp\/v2\/media\/10823"}],"wp:attachment":[{"href":"https:\/\/www.makitamarket.com.tr\/site\/wp-json\/wp\/v2\/media?parent=10824"}],"wp:term":[{"taxonomy":"product_brand","embeddable":true,"href":"https:\/\/www.makitamarket.com.tr\/site\/wp-json\/wp\/v2\/product_brand?post=10824"},{"taxonomy":"product_cat","embeddable":true,"href":"https:\/\/www.makitamarket.com.tr\/site\/wp-json\/wp\/v2\/product_cat?post=10824"},{"taxonomy":"product_tag","embeddable":true,"href":"https:\/\/www.makitamarket.com.tr\/site\/wp-json\/wp\/v2\/product_tag?post=10824"}],"curies":[{"name":"wp","href":"https:\/\/api.w.org\/{rel}","templated":true}]}}