{"id":10843,"date":"2024-11-27T20:04:52","date_gmt":"2024-11-27T17:04:52","guid":{"rendered":"https:\/\/www.makitamarket.com.tr\/site\/urun\/makita-ni-mh-serisi-aku-18-v-2-ah-bh1834\/"},"modified":"2026-04-06T13:26:09","modified_gmt":"2026-04-06T10:26:09","slug":"makita-ni-mh-serisi-aku-18-v-2-ah-bh1834","status":"publish","type":"product","link":"https:\/\/www.makitamarket.com.tr\/site\/urun\/makita-ni-mh-serisi-aku-18-v-2-ah-bh1834\/","title":{"rendered":"Makita 193102-0 N\u0130 &#8211; MH SER\u0130S\u0130 AK\u00dc 18 V 2.AH BH1834"},"content":{"rendered":"<table>\n<tr>\n<td>Model<\/td>\n<td>1834<\/td>\n<\/tr>\n<tr>\n<td>G\u00fc\u00e7 \/ Kapasite<\/td>\n<td>18 V \/ 2.5 Ah \/ Ni-MH<\/td>\n<\/tr>\n<tr>\n<td>A\u00e7\u0131klama<\/td>\n<td>Mandall\u0131, k\u0131sa tip<\/td>\n<\/tr>\n<\/table>\n","protected":false},"excerpt":{"rendered":"<p>Model 1834 G\u00fc\u00e7 \/ Kapasite 18 V \/ 2.5 Ah \/ Ni-MH A\u00e7\u0131klama Mandall\u0131, k\u0131sa tip<\/p>\n","protected":false},"featured_media":10842,"comment_status":"open","ping_status":"closed","template":"","meta":{"_acf_changed":false},"product_brand":[1485],"product_cat":[1032],"product_tag":[],"class_list":{"0":"post-10843","1":"product","2":"type-product","3":"status-publish","4":"has-post-thumbnail","6":"product_brand-makita","7":"product_cat-nikel-metal-hibrid-ni-mh-akuler","9":"first","10":"instock","11":"taxable","12":"shipping-taxable","13":"purchasable","14":"product-type-simple","15":"add-to-wishlist-after_add_to_cart"},"acf":[],"_links":{"self":[{"href":"https:\/\/www.makitamarket.com.tr\/site\/wp-json\/wp\/v2\/product\/10843","targetHints":{"allow":["GET"]}}],"collection":[{"href":"https:\/\/www.makitamarket.com.tr\/site\/wp-json\/wp\/v2\/product"}],"about":[{"href":"https:\/\/www.makitamarket.com.tr\/site\/wp-json\/wp\/v2\/types\/product"}],"replies":[{"embeddable":true,"href":"https:\/\/www.makitamarket.com.tr\/site\/wp-json\/wp\/v2\/comments?post=10843"}],"wp:featuredmedia":[{"embeddable":true,"href":"https:\/\/www.makitamarket.com.tr\/site\/wp-json\/wp\/v2\/media\/10842"}],"wp:attachment":[{"href":"https:\/\/www.makitamarket.com.tr\/site\/wp-json\/wp\/v2\/media?parent=10843"}],"wp:term":[{"taxonomy":"product_brand","embeddable":true,"href":"https:\/\/www.makitamarket.com.tr\/site\/wp-json\/wp\/v2\/product_brand?post=10843"},{"taxonomy":"product_cat","embeddable":true,"href":"https:\/\/www.makitamarket.com.tr\/site\/wp-json\/wp\/v2\/product_cat?post=10843"},{"taxonomy":"product_tag","embeddable":true,"href":"https:\/\/www.makitamarket.com.tr\/site\/wp-json\/wp\/v2\/product_tag?post=10843"}],"curies":[{"name":"wp","href":"https:\/\/api.w.org\/{rel}","templated":true}]}}