{"id":10853,"date":"2024-11-27T20:04:54","date_gmt":"2024-11-27T17:04:54","guid":{"rendered":"https:\/\/www.makitamarket.com.tr\/site\/urun\/kama-by-reis-elektrikli-cim-bicme-makinasi-1600-w\/"},"modified":"2025-11-16T06:03:41","modified_gmt":"2025-11-16T03:03:41","slug":"kama-by-reis-elektrikli-cim-bicme-makinasi-1600-w","status":"publish","type":"product","link":"https:\/\/www.makitamarket.com.tr\/site\/urun\/kama-by-reis-elektrikli-cim-bicme-makinasi-1600-w\/","title":{"rendered":"Kama By Reis ECBM38 ELEKTR\u0130KL\u0130 \u00c7\u0130M B\u0130\u00c7ME MAK\u0130NASI 1600 W"},"content":{"rendered":"<table>\n<tr>\n<td>G\u00fc\u00e7<\/td>\n<td>1600 W<\/td>\n<\/tr>\n<tr>\n<td>Kesme Geni\u015fli\u011fi<\/td>\n<td>380 mm<\/td>\n<\/tr>\n<tr>\n<td>Kesme Y\u00fcksekli\u011fi<\/td>\n<td>25 &#8211; 65 mm<\/td>\n<\/tr>\n<tr>\n<td>\u015ease<\/td>\n<td>ABS ( Akrilonitril B\u00fctadien Stiren )<\/td>\n<\/tr>\n<tr>\n<td>Makina Paket \u00d6l\u00e7\u00fcs\u00fc<\/td>\n<td>700x450x360 mm<\/td>\n<\/tr>\n<tr>\n<td>Makina \u00d6l\u00e7\u00fcs\u00fc (LxWxH)<\/td>\n<td>1205x435x1030 mm<\/td>\n<\/tr>\n<tr>\n<td>\u00c7al\u0131\u015fma Voltaj\u0131<\/td>\n<td>230-240V.AC-50Hz<\/td>\n<\/tr>\n<tr>\n<td>Net A\u011f\u0131rl\u0131k<\/td>\n<td>10kg<\/td>\n<\/tr>\n<\/table>\n","protected":false},"excerpt":{"rendered":"<p>G\u00fc\u00e7 1600 W Kesme Geni\u015fli\u011fi 380 mm Kesme Y\u00fcksekli\u011fi 25 &#8211; 65 mm \u015ease ABS ( Akrilonitril B\u00fctadien Stiren ) Makina Paket \u00d6l\u00e7\u00fcs\u00fc 700x450x360 mm Makina \u00d6l\u00e7\u00fcs\u00fc (LxWxH) 1205x435x1030 mm<\/p>\n","protected":false},"featured_media":11033,"comment_status":"open","ping_status":"closed","template":"","meta":{"_acf_changed":false},"product_brand":[1500],"product_cat":[911],"product_tag":[],"class_list":{"0":"post-10853","1":"product","2":"type-product","3":"status-publish","4":"has-post-thumbnail","6":"product_brand-kama-by-reis","7":"product_cat-elektrikli","9":"first","10":"outofstock","11":"taxable","12":"shipping-taxable","13":"purchasable","14":"product-type-simple","15":"add-to-wishlist-after_add_to_cart"},"acf":[],"_links":{"self":[{"href":"https:\/\/www.makitamarket.com.tr\/site\/wp-json\/wp\/v2\/product\/10853","targetHints":{"allow":["GET"]}}],"collection":[{"href":"https:\/\/www.makitamarket.com.tr\/site\/wp-json\/wp\/v2\/product"}],"about":[{"href":"https:\/\/www.makitamarket.com.tr\/site\/wp-json\/wp\/v2\/types\/product"}],"replies":[{"embeddable":true,"href":"https:\/\/www.makitamarket.com.tr\/site\/wp-json\/wp\/v2\/comments?post=10853"}],"wp:featuredmedia":[{"embeddable":true,"href":"https:\/\/www.makitamarket.com.tr\/site\/wp-json\/wp\/v2\/media\/11033"}],"wp:attachment":[{"href":"https:\/\/www.makitamarket.com.tr\/site\/wp-json\/wp\/v2\/media?parent=10853"}],"wp:term":[{"taxonomy":"product_brand","embeddable":true,"href":"https:\/\/www.makitamarket.com.tr\/site\/wp-json\/wp\/v2\/product_brand?post=10853"},{"taxonomy":"product_cat","embeddable":true,"href":"https:\/\/www.makitamarket.com.tr\/site\/wp-json\/wp\/v2\/product_cat?post=10853"},{"taxonomy":"product_tag","embeddable":true,"href":"https:\/\/www.makitamarket.com.tr\/site\/wp-json\/wp\/v2\/product_tag?post=10853"}],"curies":[{"name":"wp","href":"https:\/\/api.w.org\/{rel}","templated":true}]}}