{"id":10855,"date":"2024-11-27T20:04:55","date_gmt":"2024-11-27T17:04:55","guid":{"rendered":"https:\/\/www.makitamarket.com.tr\/site\/urun\/euromax-duvar-zimpara-makinasi-cantali\/"},"modified":"2026-03-30T07:53:33","modified_gmt":"2026-03-30T04:53:33","slug":"euromax-duvar-zimpara-makinasi-cantali","status":"publish","type":"product","link":"https:\/\/www.makitamarket.com.tr\/site\/urun\/euromax-duvar-zimpara-makinasi-cantali\/","title":{"rendered":"Euromax EXDMJ700C6GTC\u00a0\u00a0\u00a0\u00a0\u00a0\u00a0\u00a0 DUVAR ZIMPARA MAK\u0130NASI (\u00c7ANTALI)"},"content":{"rendered":"<p>\u2022 Plastik \u00c7antal\u0131<\/p>\n<p>\u2022 Otomatik Vakum Sistemi<\/p>\n<p> \u2022<strong>&nbsp;<\/strong>Elektrikli S\u00fcp\u00fcrge Olmadan Tozu Emer<\/p>\n<p> \u2022<strong>&nbsp;<\/strong>0-1200 Aras\u0131nda Hareketli Z\u0131mpara Basl\u0131g\u0131<\/p>\n<p> \u2022<strong>&nbsp;<\/strong>Dayan\u0131kl\u0131 Yap\u0131 ve Ergonomik Tasar\u0131m<\/p>\n<p> \u2022<strong>&nbsp;<\/strong>Katlanabilir, Ta\u015f\u0131mas\u0131 Kolay<\/p>\n<p> \u2022<strong>&nbsp;<\/strong>Degi\u015fken H\u0131z Kontrol\u00fc<\/p>\n<p><\/p>\n<p><strong>Pakete Dahil<\/strong><\/p>\n<p><strong>\u2022<\/strong> 6 adet&nbsp;Z\u0131mpara Ka\u011f\u0131d\u0131<\/p>\n<p> (80\/100\/120\/150\/180\/240 Kum)<\/p>\n<p> \u2022 1 \u00e7ift&nbsp;&nbsp;&nbsp;Karbon F\u0131r\u00e7a<\/p>\n<p> \u2022 1 adet&nbsp;\u0130\u00e7 Alt\u0131gen Anahtar<\/p>\n<p> \u2022 1 adet&nbsp;\u0130ki \u00c7iftli Tornavida<\/p>\n<p> \u2022 1 adet&nbsp;Adapt\u00f6r<\/p>\n<p> \u2022 6 adet&nbsp;\u00c7ember<\/p>\n<p> \u2022 1 adet&nbsp;Vakum Borusu<\/p>\n<p> \u2022 1 adet&nbsp;Toz Torbas\u0131<\/p>\n<table>\n<tr>\n<td>\u00c7al\u0131\u015fma Voltaj\u0131<\/td>\n<td>230-240 V.AC~50Hz<\/td>\n<\/tr>\n<tr>\n<td>Motor G\u00fcc\u00fc<\/td>\n<td>750 Watt<\/td>\n<\/tr>\n<tr>\n<td>Bo\u015ftaki Devir H\u0131z\u0131<\/td>\n<td>1000-1850 d\/dak.<\/td>\n<\/tr>\n<tr>\n<td>Uzunluk<\/td>\n<td>135-180 cm. (Uzatma Kolu ile)<\/td>\n<\/tr>\n<tr>\n<td>Ped \u00c7ap\u0131<\/td>\n<td>210 mm<\/td>\n<\/tr>\n<tr>\n<td>Z\u0131mpara Ka\u011f\u0131d\u0131 \u00c7ap\u0131<\/td>\n<td>225 mm<\/td>\n<\/tr>\n<tr>\n<td>Z\u0131mpara Ka\u011f\u0131d\u0131 Kum No<\/td>\n<td>80\/100\/120\/150\/180\/240 Kum<\/td>\n<\/tr>\n<tr>\n<td>Standart\u0131<\/td>\n<td>CE<\/td>\n<\/tr>\n<tr>\n<td>A\u011f\u0131rl\u0131k<\/td>\n<td>4.1 kg.<\/td>\n<\/tr>\n<\/table>\n","protected":false},"excerpt":{"rendered":"<p>\u2022 Plastik \u00c7antal\u0131<\/p>\n<p>\u2022 Otomatik Vakum Sistemi<\/p>\n<p> \u2022<strong>&nbsp;<\/strong>Elektrikli S\u00fcp\u00fcrge Olmadan Tozu Emer<\/p>\n<p> \u2022<strong>&nbsp;<\/strong>0-1200 Aras\u0131nda Hareketli Z\u0131mpara Basl\u0131g\u0131<\/p>\n<p> \u2022<strong>&nbsp;<\/strong>Dayan\u0131kl\u0131 Yap\u0131 ve Ergonomik Tasar\u0131m<\/p>\n<p> \u2022<strong>&nbsp;<\/strong>Katlanabilir, Ta\u015f\u0131mas\u0131 Kolay<\/p>\n<p> \u2022<strong>&nbsp;<\/strong>Degi\u015fken H\u0131z Kontrol\u00fc<\/p>\n<p><\/p>\n<p><strong>Pakete Dahil<\/strong><\/p>\n<p><strong>\u2022<\/strong> 6 adet&nbsp;Z\u0131mpara Ka\u011f\u0131d\u0131<\/p>\n<p> (80\/100\/120\/150\/180\/240 Kum)<\/p>\n<p> \u2022 1 \u00e7ift&nbsp;&nbsp;&nbsp;Karbon F\u0131r\u00e7a<\/p>\n<p> \u2022 1 adet&nbsp;\u0130\u00e7 Alt\u0131gen Anahtar<\/p>\n<p> \u2022 1 adet&nbsp;\u0130ki \u00c7iftli Tornavida<\/p>\n<p> \u2022 1 adet&nbsp;Adapt\u00f6r<\/p>\n<p> \u2022 6 adet&nbsp;\u00c7ember<\/p>\n<p> \u2022 1 adet&nbsp;Vakum Borusu<\/p>\n<p> \u2022 1 adet&nbsp;Toz Torbas\u0131<\/p>\n","protected":false},"featured_media":10854,"comment_status":"open","ping_status":"closed","template":"","meta":{"_acf_changed":false},"product_brand":[1513],"product_cat":[1093],"product_tag":[],"class_list":{"0":"post-10855","1":"product","2":"type-product","3":"status-publish","4":"has-post-thumbnail","6":"product_brand-euromax","7":"product_cat-duvar-zimparalama-makinalari","9":"first","10":"instock","11":"taxable","12":"shipping-taxable","13":"purchasable","14":"product-type-simple","15":"add-to-wishlist-after_add_to_cart"},"acf":[],"_links":{"self":[{"href":"https:\/\/www.makitamarket.com.tr\/site\/wp-json\/wp\/v2\/product\/10855","targetHints":{"allow":["GET"]}}],"collection":[{"href":"https:\/\/www.makitamarket.com.tr\/site\/wp-json\/wp\/v2\/product"}],"about":[{"href":"https:\/\/www.makitamarket.com.tr\/site\/wp-json\/wp\/v2\/types\/product"}],"replies":[{"embeddable":true,"href":"https:\/\/www.makitamarket.com.tr\/site\/wp-json\/wp\/v2\/comments?post=10855"}],"wp:featuredmedia":[{"embeddable":true,"href":"https:\/\/www.makitamarket.com.tr\/site\/wp-json\/wp\/v2\/media\/10854"}],"wp:attachment":[{"href":"https:\/\/www.makitamarket.com.tr\/site\/wp-json\/wp\/v2\/media?parent=10855"}],"wp:term":[{"taxonomy":"product_brand","embeddable":true,"href":"https:\/\/www.makitamarket.com.tr\/site\/wp-json\/wp\/v2\/product_brand?post=10855"},{"taxonomy":"product_cat","embeddable":true,"href":"https:\/\/www.makitamarket.com.tr\/site\/wp-json\/wp\/v2\/product_cat?post=10855"},{"taxonomy":"product_tag","embeddable":true,"href":"https:\/\/www.makitamarket.com.tr\/site\/wp-json\/wp\/v2\/product_tag?post=10855"}],"curies":[{"name":"wp","href":"https:\/\/api.w.org\/{rel}","templated":true}]}}