{"id":10859,"date":"2024-11-27T20:04:56","date_gmt":"2024-11-27T17:04:56","guid":{"rendered":"https:\/\/www.makitamarket.com.tr\/site\/urun\/max-safety-koni-agirligi-2-0%c2%b10-20-kg\/"},"modified":"2026-04-06T13:26:12","modified_gmt":"2026-04-06T10:26:12","slug":"max-safety-koni-agirligi-2-0%c2%b10-20-kg","status":"publish","type":"product","link":"https:\/\/www.makitamarket.com.tr\/site\/urun\/max-safety-koni-agirligi-2-0%c2%b10-20-kg\/","title":{"rendered":"Max Safety MS1-3116 KON\u0130 A\u011eIRLI\u011eI 2.0\u00b10.20 kg"},"content":{"rendered":"<p>\n\tPVC Koni A\u011f\u0131rl\u0131\u011f\u0131 2 kg<\/p>\n<table>\n<tr>\n<td>Malzeme<\/td>\n<td>PVC<\/td>\n<\/tr>\n<tr>\n<td>A\u011f\u0131rl\u0131k<\/td>\n<td>2,0 kg \/ \u00b1 0,2<\/td>\n<\/tr>\n<tr>\n<td>Palet miktar\u0131<\/td>\n<td>250 Alet<\/td>\n<\/tr>\n<\/table>\n","protected":false},"excerpt":{"rendered":"<p>\n\tPVC Koni A\u011f\u0131rl\u0131\u011f\u0131 2 kg<\/p>\n","protected":false},"featured_media":10858,"comment_status":"open","ping_status":"closed","template":"","meta":{"_acf_changed":false},"product_brand":[1492],"product_cat":[694],"product_tag":[],"class_list":{"0":"post-10859","1":"product","2":"type-product","3":"status-publish","4":"has-post-thumbnail","6":"product_brand-max-safety","7":"product_cat-trafik-ekipmanlari","9":"first","10":"outofstock","11":"taxable","12":"shipping-taxable","13":"purchasable","14":"product-type-simple","15":"add-to-wishlist-after_add_to_cart"},"acf":[],"_links":{"self":[{"href":"https:\/\/www.makitamarket.com.tr\/site\/wp-json\/wp\/v2\/product\/10859","targetHints":{"allow":["GET"]}}],"collection":[{"href":"https:\/\/www.makitamarket.com.tr\/site\/wp-json\/wp\/v2\/product"}],"about":[{"href":"https:\/\/www.makitamarket.com.tr\/site\/wp-json\/wp\/v2\/types\/product"}],"replies":[{"embeddable":true,"href":"https:\/\/www.makitamarket.com.tr\/site\/wp-json\/wp\/v2\/comments?post=10859"}],"wp:featuredmedia":[{"embeddable":true,"href":"https:\/\/www.makitamarket.com.tr\/site\/wp-json\/wp\/v2\/media\/10858"}],"wp:attachment":[{"href":"https:\/\/www.makitamarket.com.tr\/site\/wp-json\/wp\/v2\/media?parent=10859"}],"wp:term":[{"taxonomy":"product_brand","embeddable":true,"href":"https:\/\/www.makitamarket.com.tr\/site\/wp-json\/wp\/v2\/product_brand?post=10859"},{"taxonomy":"product_cat","embeddable":true,"href":"https:\/\/www.makitamarket.com.tr\/site\/wp-json\/wp\/v2\/product_cat?post=10859"},{"taxonomy":"product_tag","embeddable":true,"href":"https:\/\/www.makitamarket.com.tr\/site\/wp-json\/wp\/v2\/product_tag?post=10859"}],"curies":[{"name":"wp","href":"https:\/\/api.w.org\/{rel}","templated":true}]}}