{"id":10865,"date":"2024-11-27T20:04:57","date_gmt":"2024-11-27T17:04:57","guid":{"rendered":"https:\/\/www.makitamarket.com.tr\/site\/urun\/knipex-cenesiz-sikma-pensesi-200-mm\/"},"modified":"2026-04-06T13:26:14","modified_gmt":"2026-04-06T10:26:14","slug":"knipex-cenesiz-sikma-pensesi-200-mm","status":"publish","type":"product","link":"https:\/\/www.makitamarket.com.tr\/site\/urun\/knipex-cenesiz-sikma-pensesi-200-mm\/","title":{"rendered":"Knipex 9743200A \u00c7ENES\u0130Z SIKMA PENSES\u0130 200 mm"},"content":{"rendered":"<p><b>97 43 200 S\u0131kma Pensesi Sistemleri<\/b><br \/>MC4 g\u00fcne\u015f enerjisi konnekt\u00f6r\u00fc i\u00e7in monte edilmi\u015f s\u0131kma par\u00e7as\u0131 ile (2,5 \/ 4\/6 mm\u00b2). Sadece 1 alet ile 1000 s\u0131kma uygulamas\u0131:. Y\u00fcksek kalitede s\u0131kma, kolay hareketli alet. Y\u00fcksek kilitleme, s\u0131kma mekanizmas\u0131 sayesinde;kolay s\u0131kma yap\u0131l\u0131labilir. S\u0131kma bas\u0131nc\u0131 fabrika \u00e7\u0131k\u0131\u015f\u0131nda ayarlanm\u0131\u015f (kalibrasyonlu) olup ayaranabilir. Uygulanan kuvvet, yorulmadan \u00e7al\u0131\u015fma i\u00e7in kol aktar\u0131m\u0131 sayesinde g\u00fc\u00e7lendirilir. Ergonomik \u015fekillendirilmi\u015f saplar. Tam pozisyonu belirleme i\u00e7in ayar aparat\u0131-konum belileyici. Sunulan \u00fcr\u00fcn \u00e7e\u015fitlerinin \u00f6tesindeki uygulamalar i\u00e7in olan s\u0131kma elemanlar\u0131 i\u00e7in sorunuz. Tak\u0131m g\u00f6vdesi: Krom vanadym elektro \u00e7eli\u011fi, \u00f6zel kalite, \u0131s\u0131l i\u015flem ya\u011f i\u00e7inde ger\u00e7ekle\u015ftirilmi\u015ftir . Plastik \u00e7anta i\u00e7inde; s\u0131kma kal\u0131plar\u0131 ve ayar aparat\u0131n\u0131n saklanmas\u0131na yarayan s\u00fcnger b\u00f6lme; montaj aleti (alyen anahtar\u0131), c\u0131vata ve somunlar ile. S\u0131kma profilsiz. <\/p>\n<table>\n<tr>\n<td>A\u00e7\u0131klama<\/td>\n<td>\u00c7enesiz s\u0131kma pensesi<\/td>\n<\/tr>\n<tr>\n<td>\u00d6l\u00e7\u00fc<\/td>\n<td>200 mm<\/td>\n<\/tr>\n<\/table>\n","protected":false},"excerpt":{"rendered":"<p><b>97 43 200 S\u0131kma Pensesi Sistemleri<\/b><br \/>MC4 g\u00fcne\u015f enerjisi konnekt\u00f6r\u00fc i\u00e7in monte edilmi\u015f s\u0131kma par\u00e7as\u0131 ile (2,5 \/ 4\/6 mm\u00b2). Sadece 1 alet ile 1000 s\u0131kma uygulamas\u0131:. Y\u00fcksek kalitede s\u0131kma, kolay hareketli alet. Y\u00fcksek kilitleme, s\u0131kma mekanizmas\u0131 sayesinde;kolay s\u0131kma yap\u0131l\u0131labilir. S\u0131kma bas\u0131nc\u0131 fabrika \u00e7\u0131k\u0131\u015f\u0131nda ayarlanm\u0131\u015f (kalibrasyonlu) olup ayaranabilir. Uygulanan kuvvet, yorulmadan \u00e7al\u0131\u015fma i\u00e7in kol aktar\u0131m\u0131 sayesinde g\u00fc\u00e7lendirilir. Ergonomik \u015fekillendirilmi\u015f saplar. Tam pozisyonu belirleme i\u00e7in ayar aparat\u0131-konum belileyici. Sunulan \u00fcr\u00fcn \u00e7e\u015fitlerinin \u00f6tesindeki uygulamalar i\u00e7in olan s\u0131kma elemanlar\u0131 i\u00e7in sorunuz. Tak\u0131m g\u00f6vdesi: Krom vanadym elektro \u00e7eli\u011fi, \u00f6zel kalite, \u0131s\u0131l i\u015flem ya\u011f i\u00e7inde ger\u00e7ekle\u015ftirilmi\u015ftir . Plastik \u00e7anta i\u00e7inde; s\u0131kma kal\u0131plar\u0131 ve ayar aparat\u0131n\u0131n saklanmas\u0131na yarayan s\u00fcnger b\u00f6lme; montaj aleti (alyen anahtar\u0131), c\u0131vata ve somunlar ile. S\u0131kma profilsiz. <\/p>\n","protected":false},"featured_media":10864,"comment_status":"open","ping_status":"closed","template":"","meta":{"_acf_changed":false},"product_brand":[1486],"product_cat":[852],"product_tag":[],"class_list":{"0":"post-10865","1":"product","2":"type-product","3":"status-publish","4":"has-post-thumbnail","6":"product_brand-knipex","7":"product_cat-kablo-yuksuk-ve-pabuc-sikmalar","9":"first","10":"instock","11":"taxable","12":"shipping-taxable","13":"purchasable","14":"product-type-simple","15":"add-to-wishlist-after_add_to_cart"},"acf":[],"_links":{"self":[{"href":"https:\/\/www.makitamarket.com.tr\/site\/wp-json\/wp\/v2\/product\/10865","targetHints":{"allow":["GET"]}}],"collection":[{"href":"https:\/\/www.makitamarket.com.tr\/site\/wp-json\/wp\/v2\/product"}],"about":[{"href":"https:\/\/www.makitamarket.com.tr\/site\/wp-json\/wp\/v2\/types\/product"}],"replies":[{"embeddable":true,"href":"https:\/\/www.makitamarket.com.tr\/site\/wp-json\/wp\/v2\/comments?post=10865"}],"wp:featuredmedia":[{"embeddable":true,"href":"https:\/\/www.makitamarket.com.tr\/site\/wp-json\/wp\/v2\/media\/10864"}],"wp:attachment":[{"href":"https:\/\/www.makitamarket.com.tr\/site\/wp-json\/wp\/v2\/media?parent=10865"}],"wp:term":[{"taxonomy":"product_brand","embeddable":true,"href":"https:\/\/www.makitamarket.com.tr\/site\/wp-json\/wp\/v2\/product_brand?post=10865"},{"taxonomy":"product_cat","embeddable":true,"href":"https:\/\/www.makitamarket.com.tr\/site\/wp-json\/wp\/v2\/product_cat?post=10865"},{"taxonomy":"product_tag","embeddable":true,"href":"https:\/\/www.makitamarket.com.tr\/site\/wp-json\/wp\/v2\/product_tag?post=10865"}],"curies":[{"name":"wp","href":"https:\/\/api.w.org\/{rel}","templated":true}]}}