{"id":10900,"date":"2024-11-27T20:05:15","date_gmt":"2024-11-27T17:05:15","guid":{"rendered":"https:\/\/www.makitamarket.com.tr\/site\/urun\/powerwash-kopuk-tanki-90lt\/"},"modified":"2026-04-06T13:27:12","modified_gmt":"2026-04-06T10:27:12","slug":"powerwash-kopuk-tanki-90lt","status":"publish","type":"product","link":"https:\/\/www.makitamarket.com.tr\/site\/urun\/powerwash-kopuk-tanki-90lt\/","title":{"rendered":"Powerwash RM100 K\u00d6P\u00dcK TANKI 90lt"},"content":{"rendered":"<p>\n\tPowerwash PW804 f\u0131r\u00e7as\u0131z oto y\u0131kama \u015fampuan\u0131 kullan\u0131l\u0131r.<\/p>\n<table>\n<tr>\n<td>Tank Kapasitesi<\/td>\n<td>90 Lt<\/td>\n<\/tr>\n<tr>\n<td>Hortum Kal\u0131nl\u0131\u011f\u0131<\/td>\n<td>8 mm<\/td>\n<\/tr>\n<tr>\n<td>Hortum Uzunlu\u011fu<\/td>\n<td>8 m<\/td>\n<\/tr>\n<tr>\n<td>Bas\u0131n\u00e7 Seviyesi<\/td>\n<td>4-6 bar<\/td>\n<\/tr>\n<tr>\n<td>\u00d6l\u00e7\u00fcler<\/td>\n<td>53x53x90 cm<\/td>\n<\/tr>\n<tr>\n<td>Tabanca<\/td>\n<td>Tetikten kumandal\u0131 kullan\u0131m (Profesyonel)<\/td>\n<\/tr>\n<tr>\n<td>\u00c7al\u0131\u015fma \u015eekli<\/td>\n<td>Hava kompres\u00f6r\u00fc ile emniyet (BY- PASS)<\/td>\n<\/tr>\n<tr>\n<td>A\u011f\u0131rl\u0131k<\/td>\n<td>23 kg<\/td>\n<\/tr>\n<\/table>\n","protected":false},"excerpt":{"rendered":"<p>\n\tPowerwash PW804 f\u0131r\u00e7as\u0131z oto y\u0131kama \u015fampuan\u0131 kullan\u0131l\u0131r.<\/p>\n","protected":false},"featured_media":10899,"comment_status":"open","ping_status":"closed","template":"","meta":{"_acf_changed":false},"product_brand":[1489],"product_cat":[1565],"product_tag":[],"class_list":{"0":"post-10900","1":"product","2":"type-product","3":"status-publish","4":"has-post-thumbnail","6":"product_brand-powerwash","7":"product_cat-yok-yok","9":"first","10":"outofstock","11":"taxable","12":"shipping-taxable","13":"purchasable","14":"product-type-simple","15":"add-to-wishlist-after_add_to_cart"},"acf":[],"_links":{"self":[{"href":"https:\/\/www.makitamarket.com.tr\/site\/wp-json\/wp\/v2\/product\/10900","targetHints":{"allow":["GET"]}}],"collection":[{"href":"https:\/\/www.makitamarket.com.tr\/site\/wp-json\/wp\/v2\/product"}],"about":[{"href":"https:\/\/www.makitamarket.com.tr\/site\/wp-json\/wp\/v2\/types\/product"}],"replies":[{"embeddable":true,"href":"https:\/\/www.makitamarket.com.tr\/site\/wp-json\/wp\/v2\/comments?post=10900"}],"wp:featuredmedia":[{"embeddable":true,"href":"https:\/\/www.makitamarket.com.tr\/site\/wp-json\/wp\/v2\/media\/10899"}],"wp:attachment":[{"href":"https:\/\/www.makitamarket.com.tr\/site\/wp-json\/wp\/v2\/media?parent=10900"}],"wp:term":[{"taxonomy":"product_brand","embeddable":true,"href":"https:\/\/www.makitamarket.com.tr\/site\/wp-json\/wp\/v2\/product_brand?post=10900"},{"taxonomy":"product_cat","embeddable":true,"href":"https:\/\/www.makitamarket.com.tr\/site\/wp-json\/wp\/v2\/product_cat?post=10900"},{"taxonomy":"product_tag","embeddable":true,"href":"https:\/\/www.makitamarket.com.tr\/site\/wp-json\/wp\/v2\/product_tag?post=10900"}],"curies":[{"name":"wp","href":"https:\/\/api.w.org\/{rel}","templated":true}]}}