{"id":10919,"date":"2024-11-27T20:05:20","date_gmt":"2024-11-27T17:05:20","guid":{"rendered":"https:\/\/www.makitamarket.com.tr\/site\/urun\/proxxon-endustriyel-kombine-anahtar-takimi-20-parca\/"},"modified":"2026-04-06T13:27:16","modified_gmt":"2026-04-06T10:27:16","slug":"proxxon-endustriyel-kombine-anahtar-takimi-20-parca","status":"publish","type":"product","link":"https:\/\/www.makitamarket.com.tr\/site\/urun\/proxxon-endustriyel-kombine-anahtar-takimi-20-parca\/","title":{"rendered":"Proxxon End\u00fcstriyel 23822 KOMB\u0130NE ANAHTAR TAKIMI 20 PAR\u00c7A"},"content":{"rendered":"<div>\n\t<strong>Slim Line kombine anahtar tak\u0131m\u0131:\u00a0<\/strong>20 par\u00e7al\u0131 tak\u0131m. DIN 3113 ve ISO 3318 standartlar\u0131nda.<\/div>\n<div>\n\t6-7-8-9-10-11-12-13-14-15-16- 17-18-19-20-21-22-24-27-30 mm \u00f6l\u00e7\u00fclerinde.<\/div>\n<table>\n<tr>\n<td>Tip<\/td>\n<td>Slim-Line<\/td>\n<\/tr>\n<\/table>\n","protected":false},"excerpt":{"rendered":"<div>\n\t<strong>Slim Line kombine anahtar tak\u0131m\u0131:\u00a0<\/strong>20 par\u00e7al\u0131 tak\u0131m. DIN 3113 ve ISO 3318 standartlar\u0131nda.<\/div>\n<div>\n\t6-7-8-9-10-11-12-13-14-15-16- 17-18-19-20-21-22-24-27-30 mm \u00f6l\u00e7\u00fclerinde.<\/div>\n","protected":false},"featured_media":10918,"comment_status":"open","ping_status":"closed","template":"","meta":{"_acf_changed":false},"product_brand":[1529],"product_cat":[978],"product_tag":[],"class_list":{"0":"post-10919","1":"product","2":"type-product","3":"status-publish","4":"has-post-thumbnail","6":"product_brand-proxxon-endustriyel","7":"product_cat-anahtarlar","9":"first","10":"instock","11":"taxable","12":"shipping-taxable","13":"purchasable","14":"product-type-simple","15":"add-to-wishlist-after_add_to_cart"},"acf":[],"_links":{"self":[{"href":"https:\/\/www.makitamarket.com.tr\/site\/wp-json\/wp\/v2\/product\/10919","targetHints":{"allow":["GET"]}}],"collection":[{"href":"https:\/\/www.makitamarket.com.tr\/site\/wp-json\/wp\/v2\/product"}],"about":[{"href":"https:\/\/www.makitamarket.com.tr\/site\/wp-json\/wp\/v2\/types\/product"}],"replies":[{"embeddable":true,"href":"https:\/\/www.makitamarket.com.tr\/site\/wp-json\/wp\/v2\/comments?post=10919"}],"wp:featuredmedia":[{"embeddable":true,"href":"https:\/\/www.makitamarket.com.tr\/site\/wp-json\/wp\/v2\/media\/10918"}],"wp:attachment":[{"href":"https:\/\/www.makitamarket.com.tr\/site\/wp-json\/wp\/v2\/media?parent=10919"}],"wp:term":[{"taxonomy":"product_brand","embeddable":true,"href":"https:\/\/www.makitamarket.com.tr\/site\/wp-json\/wp\/v2\/product_brand?post=10919"},{"taxonomy":"product_cat","embeddable":true,"href":"https:\/\/www.makitamarket.com.tr\/site\/wp-json\/wp\/v2\/product_cat?post=10919"},{"taxonomy":"product_tag","embeddable":true,"href":"https:\/\/www.makitamarket.com.tr\/site\/wp-json\/wp\/v2\/product_tag?post=10919"}],"curies":[{"name":"wp","href":"https:\/\/api.w.org\/{rel}","templated":true}]}}