{"id":10923,"date":"2024-11-27T20:05:24","date_gmt":"2024-11-27T17:05:24","guid":{"rendered":"https:\/\/www.makitamarket.com.tr\/site\/urun\/proxxon-proxxon-28536-bs-e-bant-zimpara-makinasi\/"},"modified":"2026-04-13T19:49:50","modified_gmt":"2026-04-13T16:49:50","slug":"proxxon-proxxon-28536-bs-e-bant-zimpara-makinasi","status":"publish","type":"product","link":"https:\/\/www.makitamarket.com.tr\/site\/urun\/proxxon-proxxon-28536-bs-e-bant-zimpara-makinasi\/","title":{"rendered":"Proxxon 28536 BSL 220\/E PROXXON 28536 BS\/E BANT ZIMPARA MAK\u0130NASI"},"content":{"rendered":"<p><strong>Kullan\u0131m Alanlar\u0131: <\/strong>\u015eekil d\u00fczeltme, boya kald\u0131rma, \u00e7apak temizleme ve dar alanlarda a\u015f\u0131nd\u0131rma yapmak i\u00e7in uygundur.<\/p>\n<p><strong>Sevkiyat Kapsam\u0131:<\/strong> 80 kum ve 180 kum 2\u2019\u015fer adet z\u0131mpara ile sevk edilir.<\/p>\n<p><strong>Uyumlu Aksesuarlar:<\/strong><\/p>\n<p><strong>PROX28583: <\/strong>Z\u0131mpara 80 kum (5)<\/p>\n<p><strong>PROX28582: <\/strong>Z\u0131mpara 120 kum (5)<\/p>\n<p><strong>PROX28581:<\/strong> Z\u0131mpara 180 kum (5)<\/p>\n<p><strong>PROX28410:<\/strong> Micromot alet tutucu<\/p>\n<p><strong>PROX28579:<\/strong> Z\u0131mpara 180 kum (5)<\/p>\n<p>60\u00b0d\u00f6n\u00fc\u015f hareketli<\/p>\n<table>\n<tr>\n<td>Voltaj<\/td>\n<td>220-240V<\/td>\n<\/tr>\n<tr>\n<td>Uzunluk<\/td>\n<td>35 cm<\/td>\n<\/tr>\n<tr>\n<td>A\u011f\u0131rl\u0131k<\/td>\n<td>650g<\/td>\n<\/tr>\n<tr>\n<td>Bant \u00f6l\u00e7\u00fcs\u00fc<\/td>\n<td>10 x 330 mm<\/td>\n<\/tr>\n<tr>\n<td>Muhafaza<\/td>\n<td>Dayan\u0131kl\u0131 Plastik Kutu<\/td>\n<\/tr>\n<tr>\n<td>G\u00fc\u00e7<\/td>\n<td>100 W<\/td>\n<\/tr>\n<tr>\n<td>Devir<\/td>\n<td>2,000-4,500 d\/dak<\/td>\n<\/tr>\n<\/table>\n","protected":false},"excerpt":{"rendered":"<p><strong>Kullan\u0131m Alanlar\u0131: <\/strong>\u015eekil d\u00fczeltme, boya kald\u0131rma, \u00e7apak temizleme ve dar alanlarda a\u015f\u0131nd\u0131rma yapmak i\u00e7in uygundur.<\/p>\n<p><strong>Sevkiyat Kapsam\u0131:<\/strong> 80 kum ve 180 kum 2\u2019\u015fer adet z\u0131mpara ile sevk edilir.<\/p>\n<p><strong>Uyumlu Aksesuarlar:<\/strong><\/p>\n<p><strong>PROX28583: <\/strong>Z\u0131mpara 80 kum (5)<\/p>\n<p><strong>PROX28582: <\/strong>Z\u0131mpara 120 kum (5)<\/p>\n<p><strong>PROX28581:<\/strong> Z\u0131mpara 180 kum (5)<\/p>\n<p><strong>PROX28410:<\/strong> Micromot alet tutucu<\/p>\n<p><strong>PROX28579:<\/strong> Z\u0131mpara 180 kum (5)<\/p>\n<p>60\u00b0d\u00f6n\u00fc\u015f hareketli<\/p>\n","protected":false},"featured_media":10922,"comment_status":"open","ping_status":"closed","template":"","meta":{"_acf_changed":false},"product_brand":[1501],"product_cat":[1565],"product_tag":[],"class_list":{"0":"post-10923","1":"product","2":"type-product","3":"status-publish","4":"has-post-thumbnail","6":"product_brand-proxxon","7":"product_cat-yok-yok","9":"first","10":"instock","11":"taxable","12":"shipping-taxable","13":"purchasable","14":"product-type-simple","15":"add-to-wishlist-after_add_to_cart"},"acf":[],"_links":{"self":[{"href":"https:\/\/www.makitamarket.com.tr\/site\/wp-json\/wp\/v2\/product\/10923","targetHints":{"allow":["GET"]}}],"collection":[{"href":"https:\/\/www.makitamarket.com.tr\/site\/wp-json\/wp\/v2\/product"}],"about":[{"href":"https:\/\/www.makitamarket.com.tr\/site\/wp-json\/wp\/v2\/types\/product"}],"replies":[{"embeddable":true,"href":"https:\/\/www.makitamarket.com.tr\/site\/wp-json\/wp\/v2\/comments?post=10923"}],"wp:featuredmedia":[{"embeddable":true,"href":"https:\/\/www.makitamarket.com.tr\/site\/wp-json\/wp\/v2\/media\/10922"}],"wp:attachment":[{"href":"https:\/\/www.makitamarket.com.tr\/site\/wp-json\/wp\/v2\/media?parent=10923"}],"wp:term":[{"taxonomy":"product_brand","embeddable":true,"href":"https:\/\/www.makitamarket.com.tr\/site\/wp-json\/wp\/v2\/product_brand?post=10923"},{"taxonomy":"product_cat","embeddable":true,"href":"https:\/\/www.makitamarket.com.tr\/site\/wp-json\/wp\/v2\/product_cat?post=10923"},{"taxonomy":"product_tag","embeddable":true,"href":"https:\/\/www.makitamarket.com.tr\/site\/wp-json\/wp\/v2\/product_tag?post=10923"}],"curies":[{"name":"wp","href":"https:\/\/api.w.org\/{rel}","templated":true}]}}