{"id":10926,"date":"2024-11-27T20:05:26","date_gmt":"2024-11-27T17:05:26","guid":{"rendered":"https:\/\/www.makitamarket.com.tr\/site\/urun\/kama-by-reis-kama-by-reis-gkv150-benzinli-motor\/"},"modified":"2025-11-16T06:00:11","modified_gmt":"2025-11-16T03:00:11","slug":"kama-by-reis-kama-by-reis-gkv150-benzinli-motor","status":"publish","type":"product","link":"https:\/\/www.makitamarket.com.tr\/site\/urun\/kama-by-reis-kama-by-reis-gkv150-benzinli-motor\/","title":{"rendered":"Kama By Reis GKV150 KAMA BY RE\u0130S GKV150 BENZ\u0130NL\u0130 MOTOR"},"content":{"rendered":"<table>\n<tr>\n<td>Motor<\/td>\n<td>Benzinli Tek Silindir 4 Zamanl\u0131 (OHV) Hava So\u011futmal\u0131<\/td>\n<\/tr>\n<tr>\n<td>Hacim<\/td>\n<td>149.2ml<\/td>\n<\/tr>\n<tr>\n<td>Maks. \u00c7\u0131k\u0131\u015f<\/td>\n<td>2.6kW<\/td>\n<\/tr>\n<tr>\n<td>Motor Devri<\/td>\n<td>3.600 devir\/dk<\/td>\n<\/tr>\n<tr>\n<td>A\u011f\u0131rl\u0131k<\/td>\n<td>7.8kg<\/td>\n<\/tr>\n<\/table>\n","protected":false},"excerpt":{"rendered":"<p>Motor Benzinli Tek Silindir 4 Zamanl\u0131 (OHV) Hava So\u011futmal\u0131 Hacim 149.2ml Maks. \u00c7\u0131k\u0131\u015f 2.6kW Motor Devri 3.600 devir\/dk A\u011f\u0131rl\u0131k 7.8kg<\/p>\n","protected":false},"featured_media":10925,"comment_status":"open","ping_status":"closed","template":"","meta":{"_acf_changed":false},"product_brand":[1500],"product_cat":[1565],"product_tag":[],"class_list":{"0":"post-10926","1":"product","2":"type-product","3":"status-publish","4":"has-post-thumbnail","6":"product_brand-kama-by-reis","7":"product_cat-yok-yok","9":"first","10":"outofstock","11":"taxable","12":"shipping-taxable","13":"purchasable","14":"product-type-simple","15":"add-to-wishlist-after_add_to_cart"},"acf":[],"_links":{"self":[{"href":"https:\/\/www.makitamarket.com.tr\/site\/wp-json\/wp\/v2\/product\/10926","targetHints":{"allow":["GET"]}}],"collection":[{"href":"https:\/\/www.makitamarket.com.tr\/site\/wp-json\/wp\/v2\/product"}],"about":[{"href":"https:\/\/www.makitamarket.com.tr\/site\/wp-json\/wp\/v2\/types\/product"}],"replies":[{"embeddable":true,"href":"https:\/\/www.makitamarket.com.tr\/site\/wp-json\/wp\/v2\/comments?post=10926"}],"wp:featuredmedia":[{"embeddable":true,"href":"https:\/\/www.makitamarket.com.tr\/site\/wp-json\/wp\/v2\/media\/10925"}],"wp:attachment":[{"href":"https:\/\/www.makitamarket.com.tr\/site\/wp-json\/wp\/v2\/media?parent=10926"}],"wp:term":[{"taxonomy":"product_brand","embeddable":true,"href":"https:\/\/www.makitamarket.com.tr\/site\/wp-json\/wp\/v2\/product_brand?post=10926"},{"taxonomy":"product_cat","embeddable":true,"href":"https:\/\/www.makitamarket.com.tr\/site\/wp-json\/wp\/v2\/product_cat?post=10926"},{"taxonomy":"product_tag","embeddable":true,"href":"https:\/\/www.makitamarket.com.tr\/site\/wp-json\/wp\/v2\/product_tag?post=10926"}],"curies":[{"name":"wp","href":"https:\/\/api.w.org\/{rel}","templated":true}]}}