{"id":10930,"date":"2024-11-27T20:05:27","date_gmt":"2024-11-27T17:05:27","guid":{"rendered":"https:\/\/www.makitamarket.com.tr\/site\/urun\/euromax-kanal-acma-makinasi\/"},"modified":"2026-04-06T13:27:20","modified_gmt":"2026-04-06T10:27:20","slug":"euromax-kanal-acma-makinasi","status":"publish","type":"product","link":"https:\/\/www.makitamarket.com.tr\/site\/urun\/euromax-kanal-acma-makinasi\/","title":{"rendered":"Euromax EX75123 KANAL A\u00c7MA MAK\u0130NASI"},"content":{"rendered":"<div>\n\t\u2022<strong>\u00a0<\/strong>3 Elmas Testere Tak\u0131labilir<\/div>\n<div>\n\t\u2022<strong>\u00a0<\/strong>Toz Emme Ba\u011flant\u0131s\u0131<\/div>\n<div>\n\t\u2022<strong>\u00a0<\/strong>Plastik Ta\u015f\u0131ma \u00c7antas\u0131\u00a0<\/div>\n<div>\n\t<strong>\u00d8125mm. Elmas Testerelerle Uyumludur<\/strong><\/div>\n<div>\n\t<strong><br \/>\n\t<\/strong><\/div>\n<table>\n<tr>\n<td>\u00c7al\u0131\u015fma Voltaj\u0131<\/td>\n<td>230V.AC~50Hz.<\/td>\n<\/tr>\n<tr>\n<td>Motor G\u00fcc\u00fc<\/td>\n<td>1.500 Watt<\/td>\n<\/tr>\n<tr>\n<td>Bo\u015ftaki Devir H\u0131z\u0131<\/td>\n<td>8.500 d\/dak.<\/td>\n<\/tr>\n<tr>\n<td>Elmas Testere \u00c7ap\u0131<\/td>\n<td>\u00d8125 mm.<\/td>\n<\/tr>\n<tr>\n<td>Elmas Testere G\u00f6be\u011fi<\/td>\n<td>\u00d822.2 mm.<\/td>\n<\/tr>\n<tr>\n<td>Kanal Geni\u015fli\u011fi<\/td>\n<td>5-30 mm.<\/td>\n<\/tr>\n<tr>\n<td>Kanal Derinli\u011fi<\/td>\n<td>8-30 mm.<\/td>\n<\/tr>\n<tr>\n<td>A\u011f\u0131rl\u0131k<\/td>\n<td>4.8 kg.<\/td>\n<\/tr>\n<tr>\n<td>Standart\u0131<\/td>\n<td>CE<\/td>\n<\/tr>\n<\/table>\n","protected":false},"excerpt":{"rendered":"<div>\n\t\u2022<strong>\u00a0<\/strong>3 Elmas Testere Tak\u0131labilir<\/div>\n<div>\n\t\u2022<strong>\u00a0<\/strong>Toz Emme Ba\u011flant\u0131s\u0131<\/div>\n<div>\n\t\u2022<strong>\u00a0<\/strong>Plastik Ta\u015f\u0131ma \u00c7antas\u0131\u00a0<\/div>\n<div>\n\t<strong>\u00d8125mm. Elmas Testerelerle Uyumludur<\/strong><\/div>\n<div>\n\t<strong><br \/>\n\t<\/strong><\/div>\n","protected":false},"featured_media":10929,"comment_status":"open","ping_status":"closed","template":"","meta":{"_acf_changed":false},"product_brand":[1513],"product_cat":[965],"product_tag":[],"class_list":{"0":"post-10930","1":"product","2":"type-product","3":"status-publish","4":"has-post-thumbnail","6":"product_brand-euromax","7":"product_cat-kanal-acma-makinalari","9":"first","10":"instock","11":"taxable","12":"shipping-taxable","13":"purchasable","14":"product-type-simple","15":"add-to-wishlist-after_add_to_cart"},"acf":[],"_links":{"self":[{"href":"https:\/\/www.makitamarket.com.tr\/site\/wp-json\/wp\/v2\/product\/10930","targetHints":{"allow":["GET"]}}],"collection":[{"href":"https:\/\/www.makitamarket.com.tr\/site\/wp-json\/wp\/v2\/product"}],"about":[{"href":"https:\/\/www.makitamarket.com.tr\/site\/wp-json\/wp\/v2\/types\/product"}],"replies":[{"embeddable":true,"href":"https:\/\/www.makitamarket.com.tr\/site\/wp-json\/wp\/v2\/comments?post=10930"}],"wp:featuredmedia":[{"embeddable":true,"href":"https:\/\/www.makitamarket.com.tr\/site\/wp-json\/wp\/v2\/media\/10929"}],"wp:attachment":[{"href":"https:\/\/www.makitamarket.com.tr\/site\/wp-json\/wp\/v2\/media?parent=10930"}],"wp:term":[{"taxonomy":"product_brand","embeddable":true,"href":"https:\/\/www.makitamarket.com.tr\/site\/wp-json\/wp\/v2\/product_brand?post=10930"},{"taxonomy":"product_cat","embeddable":true,"href":"https:\/\/www.makitamarket.com.tr\/site\/wp-json\/wp\/v2\/product_cat?post=10930"},{"taxonomy":"product_tag","embeddable":true,"href":"https:\/\/www.makitamarket.com.tr\/site\/wp-json\/wp\/v2\/product_tag?post=10930"}],"curies":[{"name":"wp","href":"https:\/\/api.w.org\/{rel}","templated":true}]}}