{"id":10934,"date":"2024-11-27T20:05:27","date_gmt":"2024-11-27T17:05:27","guid":{"rendered":"https:\/\/www.makitamarket.com.tr\/site\/urun\/kama-by-reis-benzinli-agac-kesim-motoru-46-cc\/"},"modified":"2026-04-13T19:50:32","modified_gmt":"2026-04-13T16:50:32","slug":"kama-by-reis-benzinli-agac-kesim-motoru-46-cc","status":"publish","type":"product","link":"https:\/\/www.makitamarket.com.tr\/site\/urun\/kama-by-reis-benzinli-agac-kesim-motoru-46-cc\/","title":{"rendered":"Kama By Reis KMR46 BENZ\u0130NL\u0130 A\u011eA\u00c7 KES\u0130M MOTORU 46 CC"},"content":{"rendered":"<table>\n<tr>\n<td>Motor<\/td>\n<td>2 Zamanl\u0131 Benzinli<\/td>\n<\/tr>\n<tr>\n<td>Motor G\u00fcc\u00fc<\/td>\n<td>46 CC \/ 2.0 kW &#8211; 2.7 Hp<\/td>\n<\/tr>\n<tr>\n<td>Motor Devri<\/td>\n<td>11.000 Devir \/ dk<\/td>\n<\/tr>\n<tr>\n<td>Pala<\/td>\n<td>450mm Makaral\u0131<\/td>\n<\/tr>\n<tr>\n<td>Zincir \u00d6l\u00e7\u00fcs\u00fc<\/td>\n<td>.325&#8243; &#8211; 36 Di\u015f &#8211; 1.5 mm<\/td>\n<\/tr>\n<tr>\n<td>Kullan\u0131labilir Motor Ya\u011f\u0131<\/td>\n<td>Dolmar 2 zamanl\u0131 motor ya\u011f\u0131<\/td>\n<\/tr>\n<tr>\n<td>Kullan\u0131labilir E\u011fe<\/td>\n<td>Dolmar zincir e\u011fesi 4.8cm-3\/16&#8243;<\/td>\n<\/tr>\n<tr>\n<td>\u00c7al\u0131\u015ft\u0131rma \u015eekli<\/td>\n<td>\u0130pli<\/td>\n<\/tr>\n<tr>\n<td>A\u011f\u0131rl\u0131k<\/td>\n<td>6.0 kg<\/td>\n<\/tr>\n<\/table>\n","protected":false},"excerpt":{"rendered":"<p>Motor 2 Zamanl\u0131 Benzinli Motor G\u00fcc\u00fc 46 CC \/ 2.0 kW &#8211; 2.7 Hp Motor Devri 11.000 Devir \/ dk Pala 450mm Makaral\u0131 Zincir \u00d6l\u00e7\u00fcs\u00fc .325&#8243; &#8211; 36 Di\u015f &#8211;<\/p>\n","protected":false},"featured_media":10933,"comment_status":"open","ping_status":"closed","template":"","meta":{"_acf_changed":false},"product_brand":[1500],"product_cat":[832],"product_tag":[],"class_list":{"0":"post-10934","1":"product","2":"type-product","3":"status-publish","4":"has-post-thumbnail","6":"product_brand-kama-by-reis","7":"product_cat-benzinli","9":"first","10":"instock","11":"taxable","12":"shipping-taxable","13":"purchasable","14":"product-type-simple","15":"add-to-wishlist-after_add_to_cart"},"acf":[],"_links":{"self":[{"href":"https:\/\/www.makitamarket.com.tr\/site\/wp-json\/wp\/v2\/product\/10934","targetHints":{"allow":["GET"]}}],"collection":[{"href":"https:\/\/www.makitamarket.com.tr\/site\/wp-json\/wp\/v2\/product"}],"about":[{"href":"https:\/\/www.makitamarket.com.tr\/site\/wp-json\/wp\/v2\/types\/product"}],"replies":[{"embeddable":true,"href":"https:\/\/www.makitamarket.com.tr\/site\/wp-json\/wp\/v2\/comments?post=10934"}],"wp:featuredmedia":[{"embeddable":true,"href":"https:\/\/www.makitamarket.com.tr\/site\/wp-json\/wp\/v2\/media\/10933"}],"wp:attachment":[{"href":"https:\/\/www.makitamarket.com.tr\/site\/wp-json\/wp\/v2\/media?parent=10934"}],"wp:term":[{"taxonomy":"product_brand","embeddable":true,"href":"https:\/\/www.makitamarket.com.tr\/site\/wp-json\/wp\/v2\/product_brand?post=10934"},{"taxonomy":"product_cat","embeddable":true,"href":"https:\/\/www.makitamarket.com.tr\/site\/wp-json\/wp\/v2\/product_cat?post=10934"},{"taxonomy":"product_tag","embeddable":true,"href":"https:\/\/www.makitamarket.com.tr\/site\/wp-json\/wp\/v2\/product_tag?post=10934"}],"curies":[{"name":"wp","href":"https:\/\/api.w.org\/{rel}","templated":true}]}}