{"id":10956,"date":"2024-11-27T20:05:34","date_gmt":"2024-11-27T17:05:34","guid":{"rendered":"https:\/\/www.makitamarket.com.tr\/site\/urun\/euromax-benzinli-sirt-tirpan-makinasi\/"},"modified":"2025-07-11T19:47:04","modified_gmt":"2025-07-11T16:47:04","slug":"euromax-benzinli-sirt-tirpan-makinasi","status":"publish","type":"product","link":"https:\/\/www.makitamarket.com.tr\/site\/urun\/euromax-benzinli-sirt-tirpan-makinasi\/","title":{"rendered":"Euromax EX75103 BENZ\u0130NL\u0130 SIRT TIRPAN MAK\u0130NASI"},"content":{"rendered":"<div>\n\t\u2022<strong><span style=\"color: rgb(32, 33, 36); font-family: arial, sans-serif; font-size: 16px;\">\u00a0<\/span><\/strong>26-28 mm. \u00e7al\u0131\u015fma \u00e7ap\u0131<\/div>\n<div>\n\t\u2022<strong><span style=\"color: rgb(32, 33, 36); font-family: arial, sans-serif; font-size: 16px;\">\u00a0<\/span><\/strong>Ergonomik yap\u0131, Dengeli duru\u015f<\/div>\n<div>\n\t\u2022 \u0130deal a\u011f\u0131rl\u0131k<\/div>\n<table>\n<tr>\n<td>Motor tipi<\/td>\n<td>2 Zamanl\u0131, Benzinli<\/td>\n<\/tr>\n<tr>\n<td>Motor Silindir Hacmi<\/td>\n<td>52 CC<\/td>\n<\/tr>\n<tr>\n<td>Maks. Motor G\u00fcc\u00fc<\/td>\n<td>2,2HP -1.65 kW<\/td>\n<\/tr>\n<tr>\n<td>Maks. Devir H\u0131z\u0131<\/td>\n<td>7,400 d\/dak.<\/td>\n<\/tr>\n<tr>\n<td>Yak\u0131t Tank\u0131 Kapasitesi<\/td>\n<td>1,2 Lt<\/td>\n<\/tr>\n<tr>\n<td>A\u011f\u0131rl\u0131k<\/td>\n<td>11 kg<\/td>\n<\/tr>\n<tr>\n<td>Standart\u0131<\/td>\n<td>CE<\/td>\n<\/tr>\n<\/table>\n","protected":false},"excerpt":{"rendered":"<div>\n\t\u2022<strong><span style=\"color: rgb(32, 33, 36); font-family: arial, sans-serif; font-size: 16px;\">\u00a0<\/span><\/strong>26-28 mm. \u00e7al\u0131\u015fma \u00e7ap\u0131<\/div>\n<div>\n\t\u2022<strong><span style=\"color: rgb(32, 33, 36); font-family: arial, sans-serif; font-size: 16px;\">\u00a0<\/span><\/strong>Ergonomik yap\u0131, Dengeli duru\u015f<\/div>\n<div>\n\t\u2022 \u0130deal a\u011f\u0131rl\u0131k<\/div>\n","protected":false},"featured_media":10955,"comment_status":"open","ping_status":"closed","template":"","meta":{"_acf_changed":false},"product_brand":[],"product_cat":[856],"product_tag":[],"class_list":{"0":"post-10956","1":"product","2":"type-product","3":"status-publish","4":"has-post-thumbnail","6":"product_cat-benzinli-motorlu-tirpanlar","8":"first","9":"outofstock","10":"taxable","11":"shipping-taxable","12":"purchasable","13":"product-type-simple","14":"add-to-wishlist-after_add_to_cart"},"acf":[],"_links":{"self":[{"href":"https:\/\/www.makitamarket.com.tr\/site\/wp-json\/wp\/v2\/product\/10956","targetHints":{"allow":["GET"]}}],"collection":[{"href":"https:\/\/www.makitamarket.com.tr\/site\/wp-json\/wp\/v2\/product"}],"about":[{"href":"https:\/\/www.makitamarket.com.tr\/site\/wp-json\/wp\/v2\/types\/product"}],"replies":[{"embeddable":true,"href":"https:\/\/www.makitamarket.com.tr\/site\/wp-json\/wp\/v2\/comments?post=10956"}],"wp:featuredmedia":[{"embeddable":true,"href":"https:\/\/www.makitamarket.com.tr\/site\/wp-json\/wp\/v2\/media\/10955"}],"wp:attachment":[{"href":"https:\/\/www.makitamarket.com.tr\/site\/wp-json\/wp\/v2\/media?parent=10956"}],"wp:term":[{"taxonomy":"product_brand","embeddable":true,"href":"https:\/\/www.makitamarket.com.tr\/site\/wp-json\/wp\/v2\/product_brand?post=10956"},{"taxonomy":"product_cat","embeddable":true,"href":"https:\/\/www.makitamarket.com.tr\/site\/wp-json\/wp\/v2\/product_cat?post=10956"},{"taxonomy":"product_tag","embeddable":true,"href":"https:\/\/www.makitamarket.com.tr\/site\/wp-json\/wp\/v2\/product_tag?post=10956"}],"curies":[{"name":"wp","href":"https:\/\/api.w.org\/{rel}","templated":true}]}}