{"id":10985,"date":"2024-11-27T20:05:45","date_gmt":"2024-11-27T17:05:45","guid":{"rendered":"https:\/\/www.makitamarket.com.tr\/site\/urun\/clipper-3-8-esnek-circir-kolu\/"},"modified":"2026-04-06T15:48:56","modified_gmt":"2026-04-06T12:48:56","slug":"clipper-3-8-esnek-circir-kolu","status":"publish","type":"product","link":"https:\/\/www.makitamarket.com.tr\/site\/urun\/clipper-3-8-esnek-circir-kolu\/","title":{"rendered":"Proxxon End\u00fcstriyel 23180 3\/8&#8243; ESNEK CIRCIR KOLU"},"content":{"rendered":"<p>\n\t\u202244 di\u015fli c\u0131rc\u0131r kafas\u0131 h\u0131zl\u0131 lokma \u00e7\u0131kartma butonu<\/p>\n<table>\n<tr>\n<td>\u00d6l\u00e7\u00fc<\/td>\n<td>3\/8&#8243;<\/td>\n<\/tr>\n<\/table>\n","protected":false},"excerpt":{"rendered":"<p>\n\t\u202244 di\u015fli c\u0131rc\u0131r kafas\u0131 h\u0131zl\u0131 lokma \u00e7\u0131kartma butonu<\/p>\n","protected":false},"featured_media":24331,"comment_status":"open","ping_status":"closed","template":"","meta":{"_acf_changed":false},"product_brand":[1497,1529],"product_cat":[1065],"product_tag":[],"class_list":{"0":"post-10985","1":"product","2":"type-product","3":"status-publish","4":"has-post-thumbnail","6":"product_brand-clipper","7":"product_brand-proxxon-endustriyel","8":"product_cat-circir-kollari","10":"first","11":"outofstock","12":"taxable","13":"shipping-taxable","14":"purchasable","15":"product-type-simple","16":"add-to-wishlist-after_add_to_cart"},"acf":[],"_links":{"self":[{"href":"https:\/\/www.makitamarket.com.tr\/site\/wp-json\/wp\/v2\/product\/10985","targetHints":{"allow":["GET"]}}],"collection":[{"href":"https:\/\/www.makitamarket.com.tr\/site\/wp-json\/wp\/v2\/product"}],"about":[{"href":"https:\/\/www.makitamarket.com.tr\/site\/wp-json\/wp\/v2\/types\/product"}],"replies":[{"embeddable":true,"href":"https:\/\/www.makitamarket.com.tr\/site\/wp-json\/wp\/v2\/comments?post=10985"}],"wp:featuredmedia":[{"embeddable":true,"href":"https:\/\/www.makitamarket.com.tr\/site\/wp-json\/wp\/v2\/media\/24331"}],"wp:attachment":[{"href":"https:\/\/www.makitamarket.com.tr\/site\/wp-json\/wp\/v2\/media?parent=10985"}],"wp:term":[{"taxonomy":"product_brand","embeddable":true,"href":"https:\/\/www.makitamarket.com.tr\/site\/wp-json\/wp\/v2\/product_brand?post=10985"},{"taxonomy":"product_cat","embeddable":true,"href":"https:\/\/www.makitamarket.com.tr\/site\/wp-json\/wp\/v2\/product_cat?post=10985"},{"taxonomy":"product_tag","embeddable":true,"href":"https:\/\/www.makitamarket.com.tr\/site\/wp-json\/wp\/v2\/product_tag?post=10985"}],"curies":[{"name":"wp","href":"https:\/\/api.w.org\/{rel}","templated":true}]}}