{"id":10987,"date":"2024-11-27T20:05:46","date_gmt":"2024-11-27T17:05:46","guid":{"rendered":"https:\/\/www.makitamarket.com.tr\/site\/urun\/kama-by-reis-benzinli-agac-kesim-motoru-53-cc\/"},"modified":"2025-11-16T06:00:24","modified_gmt":"2025-11-16T03:00:24","slug":"kama-by-reis-benzinli-agac-kesim-motoru-53-cc","status":"publish","type":"product","link":"https:\/\/www.makitamarket.com.tr\/site\/urun\/kama-by-reis-benzinli-agac-kesim-motoru-53-cc\/","title":{"rendered":"Kama By Reis KMR53 BENZ\u0130NL\u0130 A\u011eA\u00c7 KES\u0130M MOTORU 53 CC"},"content":{"rendered":"<table>\n<tr>\n<td>Motor<\/td>\n<td>2 Zamanl\u0131 Benzinli<\/td>\n<\/tr>\n<tr>\n<td>Motor G\u00fcc\u00fc<\/td>\n<td>53 CC \/ 2.0kW &#8211; 2.7 Hp<\/td>\n<\/tr>\n<tr>\n<td>Motor Devri<\/td>\n<td>11.000 devir\/dk<\/td>\n<\/tr>\n<tr>\n<td>Pala<\/td>\n<td>510mm Makaral\u0131<\/td>\n<\/tr>\n<tr>\n<td>Zincir \u00d6l\u00e7\u00fcs\u00fc<\/td>\n<td>.325&#8243;<\/td>\n<\/tr>\n<tr>\n<td>Kullan\u0131labilir Motor Ya\u011f\u0131<\/td>\n<td>Dolmar 2 zamanl\u0131 motor ya\u011f\u0131<\/td>\n<\/tr>\n<tr>\n<td>Maksimum Zincir H\u0131z\u0131<\/td>\n<td>21.2 m\/sn<\/td>\n<\/tr>\n<tr>\n<td>\u00c7al\u0131\u015ft\u0131rma Sistemi<\/td>\n<td>\u0130pli<\/td>\n<\/tr>\n<tr>\n<td>A\u011f\u0131rl\u0131k<\/td>\n<td>6.5 kg<\/td>\n<\/tr>\n<\/table>\n","protected":false},"excerpt":{"rendered":"<p>Motor 2 Zamanl\u0131 Benzinli Motor G\u00fcc\u00fc 53 CC \/ 2.0kW &#8211; 2.7 Hp Motor Devri 11.000 devir\/dk Pala 510mm Makaral\u0131 Zincir \u00d6l\u00e7\u00fcs\u00fc .325&#8243; Kullan\u0131labilir Motor Ya\u011f\u0131 Dolmar 2 zamanl\u0131 motor<\/p>\n","protected":false},"featured_media":10986,"comment_status":"open","ping_status":"closed","template":"","meta":{"_acf_changed":false},"product_brand":[1500],"product_cat":[832],"product_tag":[],"class_list":{"0":"post-10987","1":"product","2":"type-product","3":"status-publish","4":"has-post-thumbnail","6":"product_brand-kama-by-reis","7":"product_cat-benzinli","9":"first","10":"outofstock","11":"taxable","12":"shipping-taxable","13":"purchasable","14":"product-type-simple","15":"add-to-wishlist-after_add_to_cart"},"acf":[],"_links":{"self":[{"href":"https:\/\/www.makitamarket.com.tr\/site\/wp-json\/wp\/v2\/product\/10987","targetHints":{"allow":["GET"]}}],"collection":[{"href":"https:\/\/www.makitamarket.com.tr\/site\/wp-json\/wp\/v2\/product"}],"about":[{"href":"https:\/\/www.makitamarket.com.tr\/site\/wp-json\/wp\/v2\/types\/product"}],"replies":[{"embeddable":true,"href":"https:\/\/www.makitamarket.com.tr\/site\/wp-json\/wp\/v2\/comments?post=10987"}],"wp:featuredmedia":[{"embeddable":true,"href":"https:\/\/www.makitamarket.com.tr\/site\/wp-json\/wp\/v2\/media\/10986"}],"wp:attachment":[{"href":"https:\/\/www.makitamarket.com.tr\/site\/wp-json\/wp\/v2\/media?parent=10987"}],"wp:term":[{"taxonomy":"product_brand","embeddable":true,"href":"https:\/\/www.makitamarket.com.tr\/site\/wp-json\/wp\/v2\/product_brand?post=10987"},{"taxonomy":"product_cat","embeddable":true,"href":"https:\/\/www.makitamarket.com.tr\/site\/wp-json\/wp\/v2\/product_cat?post=10987"},{"taxonomy":"product_tag","embeddable":true,"href":"https:\/\/www.makitamarket.com.tr\/site\/wp-json\/wp\/v2\/product_tag?post=10987"}],"curies":[{"name":"wp","href":"https:\/\/api.w.org\/{rel}","templated":true}]}}